{"id":1905,"date":"2025-06-06T06:20:14","date_gmt":"2025-06-06T06:20:14","guid":{"rendered":"https:\/\/startfitclub.com\/?page_id=1905"},"modified":"2025-06-06T06:20:16","modified_gmt":"2025-06-06T06:20:16","slug":"sobre-nosotros","status":"publish","type":"page","link":"https:\/\/startfitclub.com\/index.php\/sobre-nosotros\/","title":{"rendered":"sobre nosotros"},"content":{"rendered":"\n<p class=\"has-text-align-center has-large-font-size\"><strong>Startfit Club<\/strong><\/p>\n\n\n\n<p>En Startfit Club no solo vendemos suplementos, construimos una mentalidad ganadora. Somos la marca de quienes se desaf\u00edan cada d\u00eda, de los que buscan m\u00e1s y no aceptan l\u00edmites.<\/p>\n\n\n\n<p><strong>\ud83d\udd25 Nuestra esencia<\/strong><\/p>\n\n\n\n<p>\ud83d\udc4a\ud83c\udffc Somos el 1%: no cualquiera elige la excelencia. El \u00e9xito es disciplina, esfuerzo y mentalidad y nosotros representamos a quienes lo entienden<\/p>\n\n\n\n<p>\ud83d\udc4a\ud83c\udffcSomos tu aliado: no est\u00e1s solo en este camino. Te equipamos con los mejores suplementos y herramientas para que alcances tu m\u00e1ximo rendimiento f\u00edsico y mental.<\/p>\n\n\n\n<p>\ud83d\udc4a\ud83c\udffcSomos calidad y confianza: trabajamos con marcas reconocidas y productos de alta gama, garantizando efectividad y pureza en cada f\u00f3rmula que llega a ti.<\/p>\n\n\n\n<p>En Startfit Club, no solo compras un suplemento, adquieres un compromiso con tu mejor&nbsp;versi\u00f3n&nbsp;\ud83d\ude80\ud83d\udd25<\/p>\n\n\n\n<p class=\"has-large-font-size\"><strong>\u00bfPor qu\u00e9 comprar en Startfit Club? \ud83d\ude80\ud83d\udd25<\/strong><\/p>\n\n\n\n<p>Aqu\u00ed no vendemos suplementos, vendemos resultados. Startfit Club es para quienes buscan m\u00e1s, para los que no aceptan excusas y est\u00e1n decididos a superarse cada d\u00eda.<\/p>\n\n\n\n<p>En Startfit la calidad y el rendimiento est\u00e1n garantizados. Solo trabajamos con las mejores marcas nacionales e internacionales, asegurando que cada producto cumpla con los m\u00e1s altos est\u00e1ndares de efectividad y pureza. No somos una tienda m\u00e1s, somos una comunidad exclusiva para los que quieren destacar. Aqu\u00ed no hay espacio para la mediocridad, sino para aquellos que se esfuerzan, se levantan y dominan su camino.<\/p>\n\n\n\n<p>Adem\u00e1s, no se trata solo de comprar un suplemento, se trata de elegir el correcto para tu meta. Por eso, ofrecemos un asesoramiento personalizado que te guiar\u00e1 en el proceso, asegurando que obtengas lo que realmente necesitas para maximizar tu rendimiento.<\/p>\n\n\n\n<p>\ud83d\ude80 No sigas el promedio. \u00danete al 1%. S\u00e9 parte del Club Startfit y potencia tu mejor&nbsp;versi\u00f3n&nbsp;\ud83d\udcaa<\/p>\n","protected":false},"excerpt":{"rendered":"<p>Startfit Club En Startfit Club no solo vendemos suplementos, construimos una mentalidad ganadora. Somos la marca de quienes se desaf\u00edan cada d\u00eda, de los que buscan m\u00e1s y no aceptan l\u00edmites. \ud83d\udd25 Nuestra esencia \ud83d\udc4a\ud83c\udffc Somos el 1%: no cualquiera elige la excelencia. El \u00e9xito es disciplina, esfuerzo y mentalidad y nosotros representamos a quienes [&hellip;]<\/p>\n","protected":false},"author":1,"featured_media":0,"parent":0,"menu_order":0,"comment_status":"closed","ping_status":"closed","template":"","meta":{"_uag_custom_page_level_css":"","_monsterinsights_skip_tracking":false,"_monsterinsights_sitenote_active":false,"_monsterinsights_sitenote_note":"","_monsterinsights_sitenote_category":0,"_joinchat":[],"footnotes":""},"class_list":["post-1905","page","type-page","status-publish","hentry"],"aioseo_notices":[],"uagb_featured_image_src":{"full":false,"thumbnail":false,"medium":false,"medium_large":false,"large":false,"1536x1536":false,"2048x2048":false,"woocommerce_thumbnail":false,"woocommerce_single":false,"woocommerce_gallery_thumbnail":false,"variation_swatches_image_size":false,"variation_swatches_tooltip_size":false},"uagb_author_info":{"display_name":"Polos Company","author_link":"https:\/\/startfitclub.com\/index.php\/author\/poloshoneygmail-com\/"},"uagb_comment_info":0,"uagb_excerpt":"Startfit Club En Startfit Club no solo vendemos suplementos, construimos una mentalidad ganadora. Somos la marca de quienes se desaf\u00edan cada d\u00eda, de los que buscan m\u00e1s y no aceptan l\u00edmites. \ud83d\udd25 Nuestra esencia \ud83d\udc4a\ud83c\udffc Somos el 1%: no cualquiera elige la excelencia. El \u00e9xito es disciplina, esfuerzo y mentalidad y nosotros representamos a quienes&hellip;","_links":{"self":[{"href":"https:\/\/startfitclub.com\/index.php\/wp-json\/wp\/v2\/pages\/1905","targetHints":{"allow":["GET"]}}],"collection":[{"href":"https:\/\/startfitclub.com\/index.php\/wp-json\/wp\/v2\/pages"}],"about":[{"href":"https:\/\/startfitclub.com\/index.php\/wp-json\/wp\/v2\/types\/page"}],"author":[{"embeddable":true,"href":"https:\/\/startfitclub.com\/index.php\/wp-json\/wp\/v2\/users\/1"}],"replies":[{"embeddable":true,"href":"https:\/\/startfitclub.com\/index.php\/wp-json\/wp\/v2\/comments?post=1905"}],"version-history":[{"count":1,"href":"https:\/\/startfitclub.com\/index.php\/wp-json\/wp\/v2\/pages\/1905\/revisions"}],"predecessor-version":[{"id":1907,"href":"https:\/\/startfitclub.com\/index.php\/wp-json\/wp\/v2\/pages\/1905\/revisions\/1907"}],"wp:attachment":[{"href":"https:\/\/startfitclub.com\/index.php\/wp-json\/wp\/v2\/media?parent=1905"}],"curies":[{"name":"wp","href":"https:\/\/api.w.org\/{rel}","templated":true}]}}