{"id":116,"date":"2025-01-21T07:14:11","date_gmt":"2025-01-21T07:14:11","guid":{"rendered":"https:\/\/startfitclub.com\/index.php\/product\/producto-72\/"},"modified":"2025-06-06T03:38:32","modified_gmt":"2025-06-06T03:38:32","slug":"producto-72","status":"publish","type":"product","link":"https:\/\/startfitclub.com\/index.php\/product\/producto-72\/","title":{"rendered":"Creatina Iron Nutrition 60 serv"},"content":{"rendered":"<p>Creatine 100% Ultra Pure de la marca Iron Nutrition es un suplemento base de 100% monohidrato de creatina, la forma m\u00e1s estudiada y cl\u00ednicamente probada en \u00e1mbito deportivo. Este suplemento ha demostrado mejorar la resistencia f\u00edsica en actividades cortas y alta explosividad. Tambi\u00e9n existe evidencia que respalda la creatina como un suplemento que favorece el crecimiento de la masa muscular en las personas que realizan entrenamientos de alta intensidad, asi mismo se conoce de la creatina monohidrato que es un suplemento que puede favorecer la salud cerebral.<\/p>\n<h4><strong>\u00bfC\u00f3mo funciona la creatina monohidrato?<\/strong><\/h4>\n<p>La creatina es una sustancia que los m\u00fasculos utilizan como un fuente de energ\u00eda inmediata.<\/p>\n<h4><strong>\u00bfEs seguro el consumo de creatina Iron Nutrition?<\/strong><\/h4>\n<p>La creatina Iron Nutrition es un suplemento completamente seguro con la salud de las personas sanas. De hecho, es uno de los suplementos deportivos que m\u00e1s estudios cient\u00edficos tiene y lo respaldan.<\/p>\n<h4><strong>\u00bfEfectos secundarios de consumir creatina?<\/strong><\/h4>\n<p>La creatina es bien tolerada por la mayor\u00eda de personas, sin embargo en el caso de personas con problemas digestivos podr\u00eda causar molestias estomacales, principalmente diarrea.<\/p>\n<h5><strong>Beneficios de la Creatina Iron Nutrition<\/strong><\/h5>\n<ul>\n<li>Aumento de la fuerza muscular<\/li>\n<li>Mejora la potencia en la actividad f\u00edsica<\/li>\n<li>Aumenta la resistencia f\u00edsica<\/li>\n<li>Apoya la salud cerebral<\/li>\n<li>Reduce los tiempos de recuperaci\u00f3n entre series<\/li>\n<li>Apoyo en la construcci\u00f3n del musculo<\/li>\n<\/ul>\n","protected":false},"excerpt":{"rendered":"<p>IRON NUTRICION &#8211; Monohidrato &#8211; 60 Servicios<\/p>\n","protected":false},"featured_media":1188,"comment_status":"open","ping_status":"closed","template":"","meta":{"_uag_custom_page_level_css":"","_monsterinsights_skip_tracking":false,"_monsterinsights_sitenote_active":false,"_monsterinsights_sitenote_note":"","_monsterinsights_sitenote_category":0,"_joinchat":[]},"product_brand":[],"product_cat":[35,15],"product_tag":[],"giftcard-category":[],"class_list":{"0":"post-116","1":"product","2":"type-product","3":"status-publish","4":"has-post-thumbnail","6":"product_cat-creatina","7":"product_cat-uncategorized","9":"first","10":"instock","11":"taxable","12":"shipping-taxable","13":"purchasable","14":"product-type-simple"},"aioseo_notices":[],"uagb_featured_image_src":{"full":["https:\/\/startfitclub.com\/wp-content\/uploads\/2025\/04\/Creatine-in.png",1000,1000,false],"thumbnail":["https:\/\/startfitclub.com\/wp-content\/uploads\/2025\/04\/Creatine-in-150x150.png",150,150,true],"medium":["https:\/\/startfitclub.com\/wp-content\/uploads\/2025\/04\/Creatine-in-300x300.png",300,300,true],"medium_large":["https:\/\/startfitclub.com\/wp-content\/uploads\/2025\/04\/Creatine-in-768x768.png",768,768,true],"large":["https:\/\/startfitclub.com\/wp-content\/uploads\/2025\/04\/Creatine-in.png",1000,1000,false],"1536x1536":["https:\/\/startfitclub.com\/wp-content\/uploads\/2025\/04\/Creatine-in.png",1000,1000,false],"2048x2048":["https:\/\/startfitclub.com\/wp-content\/uploads\/2025\/04\/Creatine-in.png",1000,1000,false],"woocommerce_thumbnail":["https:\/\/startfitclub.com\/wp-content\/uploads\/2025\/04\/Creatine-in-300x300.png",300,300,true],"woocommerce_single":["https:\/\/startfitclub.com\/wp-content\/uploads\/2025\/04\/Creatine-in-600x600.png",600,600,true],"woocommerce_gallery_thumbnail":["https:\/\/startfitclub.com\/wp-content\/uploads\/2025\/04\/Creatine-in-100x100.png",100,100,true],"variation_swatches_image_size":["https:\/\/startfitclub.com\/wp-content\/uploads\/2025\/04\/Creatine-in-50x50.png",50,50,true],"variation_swatches_tooltip_size":["https:\/\/startfitclub.com\/wp-content\/uploads\/2025\/04\/Creatine-in-100x100.png",100,100,true]},"uagb_author_info":{"display_name":"Polos Company","author_link":"https:\/\/startfitclub.com\/index.php\/author\/"},"uagb_comment_info":0,"uagb_excerpt":"IRON NUTRICION - Monohidrato - 60 Servicios","_links":{"self":[{"href":"https:\/\/startfitclub.com\/index.php\/wp-json\/wp\/v2\/product\/116","targetHints":{"allow":["GET"]}}],"collection":[{"href":"https:\/\/startfitclub.com\/index.php\/wp-json\/wp\/v2\/product"}],"about":[{"href":"https:\/\/startfitclub.com\/index.php\/wp-json\/wp\/v2\/types\/product"}],"replies":[{"embeddable":true,"href":"https:\/\/startfitclub.com\/index.php\/wp-json\/wp\/v2\/comments?post=116"}],"wp:featuredmedia":[{"embeddable":true,"href":"https:\/\/startfitclub.com\/index.php\/wp-json\/wp\/v2\/media\/1188"}],"wp:attachment":[{"href":"https:\/\/startfitclub.com\/index.php\/wp-json\/wp\/v2\/media?parent=116"}],"wp:term":[{"taxonomy":"product_brand","embeddable":true,"href":"https:\/\/startfitclub.com\/index.php\/wp-json\/wp\/v2\/product_brand?post=116"},{"taxonomy":"product_cat","embeddable":true,"href":"https:\/\/startfitclub.com\/index.php\/wp-json\/wp\/v2\/product_cat?post=116"},{"taxonomy":"product_tag","embeddable":true,"href":"https:\/\/startfitclub.com\/index.php\/wp-json\/wp\/v2\/product_tag?post=116"},{"taxonomy":"giftcard-category","embeddable":true,"href":"https:\/\/startfitclub.com\/index.php\/wp-json\/wp\/v2\/giftcard-category?post=116"}],"curies":[{"name":"wp","href":"https:\/\/api.w.org\/{rel}","templated":true}]}}