{"id":124,"date":"2025-01-21T07:14:11","date_gmt":"2025-01-21T07:14:11","guid":{"rendered":"https:\/\/startfitclub.com\/index.php\/product\/producto-80\/"},"modified":"2025-07-29T04:07:27","modified_gmt":"2025-07-29T04:07:27","slug":"producto-80","status":"publish","type":"product","link":"https:\/\/startfitclub.com\/index.php\/product\/producto-80\/","title":{"rendered":"Intenze baby &#8211; Proscience 14 servicios"},"content":{"rendered":"<p><strong>Intenze Proscience\u00a0<\/strong>ofrece una f\u00f3rmula avanzada de energ\u00eda para maximizar tu rendimiento deportivo. Se trata del producto ideal para entrenamientos intensos proporcionando un impulso constante. Con ingredientes de alta calidad, este suplemento contribuye a que\u00a0<strong>tu energ\u00eda se mantenga durante toda la sesi\u00f3n.<\/strong><\/p>\n<p>Cada envase contiene\u00a0<strong>907 gramos de suplemento concentrado<\/strong>. Por sus caracter\u00edsticas est\u00e1 perfectamente dise\u00f1ado para ofrecer energ\u00eda duradera, mejora la resistencia y concentraci\u00f3n. Adem\u00e1s, su mezcla \u00fanica de ingredientes trabaja para optimizar tu rendimiento en cada entrenamiento. No te conformes con menos, elige Intenze Proscience para<strong>\u00a0acercarte a tus metas de bienestar y salud.<\/strong><\/p>\n<p>\u00bfC\u00f3mo tomar este preentreno?<\/p>\n<p>Para aprovechar al m\u00e1ximo el Intenze mezcla una porci\u00f3n recomendada (30 g) con agua o tu bebida preferida. Cons\u00famelo antes de comenzar tu entrenamiento. La correcta mezcla asegura que<strong>\u00a0obtengas todos los beneficios energ\u00e9ticos del suplemento<\/strong>. Ajusta la cantidad seg\u00fan tus necesidades individuales para obtener el mejor resultado.<\/p>\n<p>Recomendaciones para un uso seguro:<\/p>\n<ul>\n<li>Ajusta la dosis basada en tus requerimientos personales.<\/li>\n<li>No excedas la cantidad recomendada para evitar posibles efectos adversos.<\/li>\n<li>Consulta a un profesional de la salud si tienes alguna condici\u00f3n m\u00e9dica preexistente. Esto garantiza un uso seguro y efectivo del suplemento.<\/li>\n<li>Ingredientes clave para un rendimiento \u00f3ptimo<\/li>\n<\/ul>\n<h2>Especificaciones t\u00e9cnicas del Intenze Proscience<\/h2>\n<ul>\n<li>Tipo: suplemento energ\u00e9tico en polvo<\/li>\n<li>Cantidad: 907 g<\/li>\n<li>Sabor: watermelon, grape, fruit punch, tangerine<\/li>\n<li>Ingredientes clave: mezcla avanzada de ingredientes energ\u00e9ticos<\/li>\n<li>Modo de uso: mezclar una porci\u00f3n recomendada con agua o bebida preferida<\/li>\n<li>Presentaci\u00f3n: envase pl\u00e1stico con\u00a0<em>liner\u00a0<\/em>interno de seguridad<\/li>\n<li>Almacenamiento: conservar en lugar fresco y seco, en su empaque original bien cerrado<\/li>\n<li>Registro Invima: NSA-0006177-2018<\/li>\n<\/ul>\n","protected":false},"excerpt":{"rendered":"<p>PROSCIENCE &#8211; Fruit punch &#8211; 14 Servicios<\/p>\n","protected":false},"featured_media":1817,"comment_status":"open","ping_status":"closed","template":"","meta":{"_uag_custom_page_level_css":"","_monsterinsights_skip_tracking":false,"_monsterinsights_sitenote_active":false,"_monsterinsights_sitenote_note":"","_monsterinsights_sitenote_category":0,"_joinchat":[]},"product_brand":[],"product_cat":[33,15],"product_tag":[],"giftcard-category":[],"class_list":{"0":"post-124","1":"product","2":"type-product","3":"status-publish","4":"has-post-thumbnail","6":"product_cat-preentreno","7":"product_cat-uncategorized","9":"first","10":"instock","11":"taxable","12":"shipping-taxable","13":"purchasable","14":"product-type-simple"},"aioseo_notices":[],"uagb_featured_image_src":{"full":["https:\/\/startfitclub.com\/wp-content\/uploads\/2025\/01\/PRO-INTMIT01-Intenze-Fruit-Punch-14-Servicios.png",1000,1000,false],"thumbnail":["https:\/\/startfitclub.com\/wp-content\/uploads\/2025\/01\/PRO-INTMIT01-Intenze-Fruit-Punch-14-Servicios-150x150.png",150,150,true],"medium":["https:\/\/startfitclub.com\/wp-content\/uploads\/2025\/01\/PRO-INTMIT01-Intenze-Fruit-Punch-14-Servicios-300x300.png",300,300,true],"medium_large":["https:\/\/startfitclub.com\/wp-content\/uploads\/2025\/01\/PRO-INTMIT01-Intenze-Fruit-Punch-14-Servicios-768x768.png",768,768,true],"large":["https:\/\/startfitclub.com\/wp-content\/uploads\/2025\/01\/PRO-INTMIT01-Intenze-Fruit-Punch-14-Servicios.png",1000,1000,false],"1536x1536":["https:\/\/startfitclub.com\/wp-content\/uploads\/2025\/01\/PRO-INTMIT01-Intenze-Fruit-Punch-14-Servicios.png",1000,1000,false],"2048x2048":["https:\/\/startfitclub.com\/wp-content\/uploads\/2025\/01\/PRO-INTMIT01-Intenze-Fruit-Punch-14-Servicios.png",1000,1000,false],"woocommerce_thumbnail":["https:\/\/startfitclub.com\/wp-content\/uploads\/2025\/01\/PRO-INTMIT01-Intenze-Fruit-Punch-14-Servicios-300x300.png",300,300,true],"woocommerce_single":["https:\/\/startfitclub.com\/wp-content\/uploads\/2025\/01\/PRO-INTMIT01-Intenze-Fruit-Punch-14-Servicios-600x600.png",600,600,true],"woocommerce_gallery_thumbnail":["https:\/\/startfitclub.com\/wp-content\/uploads\/2025\/01\/PRO-INTMIT01-Intenze-Fruit-Punch-14-Servicios-100x100.png",100,100,true],"variation_swatches_image_size":["https:\/\/startfitclub.com\/wp-content\/uploads\/2025\/01\/PRO-INTMIT01-Intenze-Fruit-Punch-14-Servicios-50x50.png",50,50,true],"variation_swatches_tooltip_size":["https:\/\/startfitclub.com\/wp-content\/uploads\/2025\/01\/PRO-INTMIT01-Intenze-Fruit-Punch-14-Servicios-100x100.png",100,100,true]},"uagb_author_info":{"display_name":"Polos Company","author_link":"https:\/\/startfitclub.com\/index.php\/author\/"},"uagb_comment_info":0,"uagb_excerpt":"PROSCIENCE - Fruit punch - 14 Servicios","_links":{"self":[{"href":"https:\/\/startfitclub.com\/index.php\/wp-json\/wp\/v2\/product\/124","targetHints":{"allow":["GET"]}}],"collection":[{"href":"https:\/\/startfitclub.com\/index.php\/wp-json\/wp\/v2\/product"}],"about":[{"href":"https:\/\/startfitclub.com\/index.php\/wp-json\/wp\/v2\/types\/product"}],"replies":[{"embeddable":true,"href":"https:\/\/startfitclub.com\/index.php\/wp-json\/wp\/v2\/comments?post=124"}],"wp:featuredmedia":[{"embeddable":true,"href":"https:\/\/startfitclub.com\/index.php\/wp-json\/wp\/v2\/media\/1817"}],"wp:attachment":[{"href":"https:\/\/startfitclub.com\/index.php\/wp-json\/wp\/v2\/media?parent=124"}],"wp:term":[{"taxonomy":"product_brand","embeddable":true,"href":"https:\/\/startfitclub.com\/index.php\/wp-json\/wp\/v2\/product_brand?post=124"},{"taxonomy":"product_cat","embeddable":true,"href":"https:\/\/startfitclub.com\/index.php\/wp-json\/wp\/v2\/product_cat?post=124"},{"taxonomy":"product_tag","embeddable":true,"href":"https:\/\/startfitclub.com\/index.php\/wp-json\/wp\/v2\/product_tag?post=124"},{"taxonomy":"giftcard-category","embeddable":true,"href":"https:\/\/startfitclub.com\/index.php\/wp-json\/wp\/v2\/giftcard-category?post=124"}],"curies":[{"name":"wp","href":"https:\/\/api.w.org\/{rel}","templated":true}]}}