{"id":135,"date":"2025-01-21T07:14:12","date_gmt":"2025-01-21T07:14:12","guid":{"rendered":"https:\/\/startfitclub.com\/index.php\/product\/producto-91\/"},"modified":"2025-07-29T03:14:01","modified_gmt":"2025-07-29T03:14:01","slug":"producto-91","status":"publish","type":"product","link":"https:\/\/startfitclub.com\/index.php\/product\/producto-91\/","title":{"rendered":"Psychotic &#8211; Insane labz"},"content":{"rendered":"<p>Aca esta va una descripcion mas detallada del producto<\/p>\n","protected":false},"excerpt":{"rendered":"<p>INSANE LABZ &#8211; Fruit punch &#8211; 35 Servicios<\/p>\n<p>PSYCHOTIC INSANE LABZ es uno de los pre-entrenos en polvo m\u00e1s poderosos jam\u00e1s creado. Con la adici\u00f3n del ingrediente registrado Ampiberry el cual prolonga la vida de el estimulante en los ingredientes por hasta 3 horas.<\/p>\n","protected":false},"featured_media":2055,"comment_status":"open","ping_status":"closed","template":"","meta":{"_uag_custom_page_level_css":"","_monsterinsights_skip_tracking":false,"_monsterinsights_sitenote_active":false,"_monsterinsights_sitenote_note":"","_monsterinsights_sitenote_category":0,"_joinchat":[]},"product_brand":[],"product_cat":[33,15],"product_tag":[],"giftcard-category":[],"class_list":{"0":"post-135","1":"product","2":"type-product","3":"status-publish","4":"has-post-thumbnail","6":"product_cat-preentreno","7":"product_cat-uncategorized","9":"first","10":"instock","11":"taxable","12":"shipping-taxable","13":"purchasable","14":"product-type-simple"},"aioseo_notices":[],"uagb_featured_image_src":{"full":["https:\/\/startfitclub.com\/wp-content\/uploads\/2025\/01\/PSYCOTYCH-PREENTRENO-LIMA-e1753758760532.png",1200,944,false],"thumbnail":["https:\/\/startfitclub.com\/wp-content\/uploads\/2025\/01\/PSYCOTYCH-PREENTRENO-LIMA-e1753758760532-150x150.png",150,150,true],"medium":["https:\/\/startfitclub.com\/wp-content\/uploads\/2025\/01\/PSYCOTYCH-PREENTRENO-LIMA-e1753758760532-300x236.png",300,236,true],"medium_large":["https:\/\/startfitclub.com\/wp-content\/uploads\/2025\/01\/PSYCOTYCH-PREENTRENO-LIMA-e1753758760532-768x604.png",768,604,true],"large":["https:\/\/startfitclub.com\/wp-content\/uploads\/2025\/01\/PSYCOTYCH-PREENTRENO-LIMA-e1753758760532-1024x806.png",1024,806,true],"1536x1536":["https:\/\/startfitclub.com\/wp-content\/uploads\/2025\/01\/PSYCOTYCH-PREENTRENO-LIMA-e1753758760532.png",1200,944,false],"2048x2048":["https:\/\/startfitclub.com\/wp-content\/uploads\/2025\/01\/PSYCOTYCH-PREENTRENO-LIMA-e1753758760532.png",1200,944,false],"woocommerce_thumbnail":["https:\/\/startfitclub.com\/wp-content\/uploads\/2025\/01\/PSYCOTYCH-PREENTRENO-LIMA-e1753758760532-300x300.png",300,300,true],"woocommerce_single":["https:\/\/startfitclub.com\/wp-content\/uploads\/2025\/01\/PSYCOTYCH-PREENTRENO-LIMA-e1753758760532-600x472.png",600,472,true],"woocommerce_gallery_thumbnail":["https:\/\/startfitclub.com\/wp-content\/uploads\/2025\/01\/PSYCOTYCH-PREENTRENO-LIMA-e1753758760532-100x100.png",100,100,true],"variation_swatches_image_size":["https:\/\/startfitclub.com\/wp-content\/uploads\/2025\/01\/PSYCOTYCH-PREENTRENO-LIMA-e1753758760532-50x50.png",50,50,true],"variation_swatches_tooltip_size":["https:\/\/startfitclub.com\/wp-content\/uploads\/2025\/01\/PSYCOTYCH-PREENTRENO-LIMA-e1753758760532-100x100.png",100,100,true]},"uagb_author_info":{"display_name":"Polos Company","author_link":"https:\/\/startfitclub.com\/index.php\/author\/"},"uagb_comment_info":0,"uagb_excerpt":"INSANE LABZ - Fruit punch - 35 Servicios PSYCHOTIC INSANE LABZ es uno de los pre-entrenos en polvo m\u00e1s poderosos jam\u00e1s creado. Con la adici\u00f3n del ingrediente registrado Ampiberry el cual prolonga la vida de el estimulante en los ingredientes por hasta 3 horas.","_links":{"self":[{"href":"https:\/\/startfitclub.com\/index.php\/wp-json\/wp\/v2\/product\/135","targetHints":{"allow":["GET"]}}],"collection":[{"href":"https:\/\/startfitclub.com\/index.php\/wp-json\/wp\/v2\/product"}],"about":[{"href":"https:\/\/startfitclub.com\/index.php\/wp-json\/wp\/v2\/types\/product"}],"replies":[{"embeddable":true,"href":"https:\/\/startfitclub.com\/index.php\/wp-json\/wp\/v2\/comments?post=135"}],"wp:featuredmedia":[{"embeddable":true,"href":"https:\/\/startfitclub.com\/index.php\/wp-json\/wp\/v2\/media\/2055"}],"wp:attachment":[{"href":"https:\/\/startfitclub.com\/index.php\/wp-json\/wp\/v2\/media?parent=135"}],"wp:term":[{"taxonomy":"product_brand","embeddable":true,"href":"https:\/\/startfitclub.com\/index.php\/wp-json\/wp\/v2\/product_brand?post=135"},{"taxonomy":"product_cat","embeddable":true,"href":"https:\/\/startfitclub.com\/index.php\/wp-json\/wp\/v2\/product_cat?post=135"},{"taxonomy":"product_tag","embeddable":true,"href":"https:\/\/startfitclub.com\/index.php\/wp-json\/wp\/v2\/product_tag?post=135"},{"taxonomy":"giftcard-category","embeddable":true,"href":"https:\/\/startfitclub.com\/index.php\/wp-json\/wp\/v2\/giftcard-category?post=135"}],"curies":[{"name":"wp","href":"https:\/\/api.w.org\/{rel}","templated":true}]}}