{"id":17,"date":"2024-07-07T19:40:21","date_gmt":"2024-07-07T19:40:21","guid":{"rendered":"https:\/\/startfitclub.com\/?post_type=product&#038;p=17"},"modified":"2025-04-17T19:01:45","modified_gmt":"2025-04-17T19:01:45","slug":"biproclassic1lb","status":"publish","type":"product","link":"https:\/\/startfitclub.com\/index.php\/product\/biproclassic1lb\/","title":{"rendered":"Bipro Classic 1LB"},"content":{"rendered":"<p>Caracter\u00edsticas: Prote\u00edna de suero de leche aislada sabor a vainilla, contiene 42g de prote\u00edna en 1 scoop, 180 calorias, 35 servicios, libre de carbohidratos y grasas, contiene alfa lactoalb\u00famina y beta lactoglobulina. Prote\u00edna de alto valor biol\u00f3gico.<\/p>\n<p>Modo de consumo: Mezcle Bi pro classic 26g (1\/2 medida\/cucharada) con 4 onzas de agua o adicione su bebida favorita. Cons\u00famalo inmediatamente despu\u00e9s de entrenar. No reemplace comida con este producto. Los requerimientos proteicos var\u00edan de acuerdo a cada persona, basado en el peso corporal, nivel de actividad f\u00edsica y salud general.<\/p>\n<p>Registro Invima: RSA-0007428-2019<\/p>\n","protected":false},"excerpt":{"rendered":"<p>Bi Pro Classic es una prote\u00edna de suero pura, sin carbohidratos ni grasas, con r\u00e1pida absorci\u00f3n y alto valor biol\u00f3gico.<\/p>\n<p>Sabor: Vainilla<\/p>\n","protected":false},"featured_media":1106,"comment_status":"closed","ping_status":"closed","template":"","meta":{"_uag_custom_page_level_css":"","_monsterinsights_skip_tracking":false,"_monsterinsights_sitenote_active":false,"_monsterinsights_sitenote_note":"","_monsterinsights_sitenote_category":0,"_joinchat":[]},"product_brand":[],"product_cat":[21,15],"product_tag":[],"giftcard-category":[],"class_list":{"0":"post-17","1":"product","2":"type-product","3":"status-publish","4":"has-post-thumbnail","6":"product_cat-proteinas","7":"product_cat-uncategorized","8":"pa_sabor-vainilla","10":"first","11":"instock","12":"taxable","13":"shipping-taxable","14":"purchasable","15":"product-type-simple"},"aioseo_notices":[],"uagb_featured_image_src":{"full":["https:\/\/startfitclub.com\/wp-content\/uploads\/2025\/04\/Bi-pro.png",800,800,false],"thumbnail":["https:\/\/startfitclub.com\/wp-content\/uploads\/2025\/04\/Bi-pro-150x150.png",150,150,true],"medium":["https:\/\/startfitclub.com\/wp-content\/uploads\/2025\/04\/Bi-pro-300x300.png",300,300,true],"medium_large":["https:\/\/startfitclub.com\/wp-content\/uploads\/2025\/04\/Bi-pro-768x768.png",768,768,true],"large":["https:\/\/startfitclub.com\/wp-content\/uploads\/2025\/04\/Bi-pro.png",800,800,false],"1536x1536":["https:\/\/startfitclub.com\/wp-content\/uploads\/2025\/04\/Bi-pro.png",800,800,false],"2048x2048":["https:\/\/startfitclub.com\/wp-content\/uploads\/2025\/04\/Bi-pro.png",800,800,false],"woocommerce_thumbnail":["https:\/\/startfitclub.com\/wp-content\/uploads\/2025\/04\/Bi-pro-300x300.png",300,300,true],"woocommerce_single":["https:\/\/startfitclub.com\/wp-content\/uploads\/2025\/04\/Bi-pro-600x600.png",600,600,true],"woocommerce_gallery_thumbnail":["https:\/\/startfitclub.com\/wp-content\/uploads\/2025\/04\/Bi-pro-100x100.png",100,100,true],"variation_swatches_image_size":["https:\/\/startfitclub.com\/wp-content\/uploads\/2025\/04\/Bi-pro-50x50.png",50,50,true],"variation_swatches_tooltip_size":["https:\/\/startfitclub.com\/wp-content\/uploads\/2025\/04\/Bi-pro-100x100.png",100,100,true]},"uagb_author_info":{"display_name":"Polos Company","author_link":"https:\/\/startfitclub.com\/index.php\/author\/"},"uagb_comment_info":0,"uagb_excerpt":"Bi Pro Classic es una prote\u00edna de suero pura, sin carbohidratos ni grasas, con r\u00e1pida absorci\u00f3n y alto valor biol\u00f3gico. Sabor: Vainilla","_links":{"self":[{"href":"https:\/\/startfitclub.com\/index.php\/wp-json\/wp\/v2\/product\/17","targetHints":{"allow":["GET"]}}],"collection":[{"href":"https:\/\/startfitclub.com\/index.php\/wp-json\/wp\/v2\/product"}],"about":[{"href":"https:\/\/startfitclub.com\/index.php\/wp-json\/wp\/v2\/types\/product"}],"replies":[{"embeddable":true,"href":"https:\/\/startfitclub.com\/index.php\/wp-json\/wp\/v2\/comments?post=17"}],"wp:featuredmedia":[{"embeddable":true,"href":"https:\/\/startfitclub.com\/index.php\/wp-json\/wp\/v2\/media\/1106"}],"wp:attachment":[{"href":"https:\/\/startfitclub.com\/index.php\/wp-json\/wp\/v2\/media?parent=17"}],"wp:term":[{"taxonomy":"product_brand","embeddable":true,"href":"https:\/\/startfitclub.com\/index.php\/wp-json\/wp\/v2\/product_brand?post=17"},{"taxonomy":"product_cat","embeddable":true,"href":"https:\/\/startfitclub.com\/index.php\/wp-json\/wp\/v2\/product_cat?post=17"},{"taxonomy":"product_tag","embeddable":true,"href":"https:\/\/startfitclub.com\/index.php\/wp-json\/wp\/v2\/product_tag?post=17"},{"taxonomy":"giftcard-category","embeddable":true,"href":"https:\/\/startfitclub.com\/index.php\/wp-json\/wp\/v2\/giftcard-category?post=17"}],"curies":[{"name":"wp","href":"https:\/\/api.w.org\/{rel}","templated":true}]}}