{"id":1753,"date":"2025-05-31T03:47:44","date_gmt":"2025-05-31T03:47:44","guid":{"rendered":"https:\/\/startfitclub.com\/?post_type=product&#038;p=1753"},"modified":"2025-06-05T15:55:44","modified_gmt":"2025-06-05T15:55:44","slug":"combo-1","status":"publish","type":"product","link":"https:\/\/startfitclub.com\/index.php\/product\/combo-1\/","title":{"rendered":"Combo \u00e9lite mental"},"content":{"rendered":"<div>El Combo \u00c9lite Mental de StarFit Club combina dos esenciales del alto rendimiento: Cafe\u00edna de liberaci\u00f3n controlada para potenciar tu energ\u00eda, enfoque y rendimiento f\u00edsico, y Omega 3 ultra puro para cuidar tu salud cerebral, mejorar la concentraci\u00f3n y afilar tu claridad mental.<\/div>\n<div><\/div>\n<div>Dise\u00f1ado para quienes no se conforman con lo com\u00fan y buscan estar un paso adelante, tanto en el gym como en la vida.<\/div>\n<div><\/div>\n<div>Incluye:<\/div>\n<div>\u20221 frasco de Cafe\u00edna StarFit (x c\u00e1psulas)<\/div>\n<div>\u20221 frasco de Omega 3 StarFit (x c\u00e1psulas)<\/div>\n<div><\/div>\n<div>Beneficios clave:<\/div>\n<div>\u2714 Energ\u00eda limpia y sostenida<\/div>\n<div>\u2714 Mayor enfoque y productividad<\/div>\n<div>\u2714 Optimizaci\u00f3n de la funci\u00f3n cerebral<\/div>\n<div>\u2714 Apoyo a la salud cardiovascular y cognitiva<\/div>\n<div>\u2714 Ideal para deportistas, emprendedores y mentes de \u00e9lite<\/div>\n","protected":false},"excerpt":{"rendered":"<p>Caffeina 125 tabletas + Omega 3 x100caps softgel<br \/>\n&#8211; Despierta tu enfoque. Activa tu potencial. Piensa como un campe\u00f3n.<\/p>\n","protected":false},"featured_media":1626,"comment_status":"open","ping_status":"closed","template":"","meta":{"_uag_custom_page_level_css":"","_monsterinsights_skip_tracking":false,"_monsterinsights_sitenote_active":false,"_monsterinsights_sitenote_note":"","_monsterinsights_sitenote_category":0,"_joinchat":[]},"product_brand":[],"product_cat":[49],"product_tag":[],"giftcard-category":[],"class_list":{"0":"post-1753","1":"product","2":"type-product","3":"status-publish","4":"has-post-thumbnail","6":"product_cat-combos","8":"first","9":"instock","10":"sale","11":"taxable","12":"shipping-taxable","13":"purchasable","14":"product-type-simple"},"aioseo_notices":[],"uagb_featured_image_src":{"full":["https:\/\/startfitclub.com\/wp-content\/uploads\/2025\/05\/1.jpg",1080,1080,false],"thumbnail":["https:\/\/startfitclub.com\/wp-content\/uploads\/2025\/05\/1-150x150.jpg",150,150,true],"medium":["https:\/\/startfitclub.com\/wp-content\/uploads\/2025\/05\/1-300x300.jpg",300,300,true],"medium_large":["https:\/\/startfitclub.com\/wp-content\/uploads\/2025\/05\/1-768x768.jpg",768,768,true],"large":["https:\/\/startfitclub.com\/wp-content\/uploads\/2025\/05\/1-1024x1024.jpg",1024,1024,true],"1536x1536":["https:\/\/startfitclub.com\/wp-content\/uploads\/2025\/05\/1.jpg",1080,1080,false],"2048x2048":["https:\/\/startfitclub.com\/wp-content\/uploads\/2025\/05\/1.jpg",1080,1080,false],"woocommerce_thumbnail":["https:\/\/startfitclub.com\/wp-content\/uploads\/2025\/05\/1-300x300.jpg",300,300,true],"woocommerce_single":["https:\/\/startfitclub.com\/wp-content\/uploads\/2025\/05\/1-600x600.jpg",600,600,true],"woocommerce_gallery_thumbnail":["https:\/\/startfitclub.com\/wp-content\/uploads\/2025\/05\/1-100x100.jpg",100,100,true],"variation_swatches_image_size":["https:\/\/startfitclub.com\/wp-content\/uploads\/2025\/05\/1-50x50.jpg",50,50,true],"variation_swatches_tooltip_size":["https:\/\/startfitclub.com\/wp-content\/uploads\/2025\/05\/1-100x100.jpg",100,100,true]},"uagb_author_info":{"display_name":"Polos Company","author_link":"https:\/\/startfitclub.com\/index.php\/author\/"},"uagb_comment_info":0,"uagb_excerpt":"Caffeina 125 tabletas + Omega 3 x100caps softgel - Despierta tu enfoque. Activa tu potencial. Piensa como un campe\u00f3n.","_links":{"self":[{"href":"https:\/\/startfitclub.com\/index.php\/wp-json\/wp\/v2\/product\/1753","targetHints":{"allow":["GET"]}}],"collection":[{"href":"https:\/\/startfitclub.com\/index.php\/wp-json\/wp\/v2\/product"}],"about":[{"href":"https:\/\/startfitclub.com\/index.php\/wp-json\/wp\/v2\/types\/product"}],"replies":[{"embeddable":true,"href":"https:\/\/startfitclub.com\/index.php\/wp-json\/wp\/v2\/comments?post=1753"}],"wp:featuredmedia":[{"embeddable":true,"href":"https:\/\/startfitclub.com\/index.php\/wp-json\/wp\/v2\/media\/1626"}],"wp:attachment":[{"href":"https:\/\/startfitclub.com\/index.php\/wp-json\/wp\/v2\/media?parent=1753"}],"wp:term":[{"taxonomy":"product_brand","embeddable":true,"href":"https:\/\/startfitclub.com\/index.php\/wp-json\/wp\/v2\/product_brand?post=1753"},{"taxonomy":"product_cat","embeddable":true,"href":"https:\/\/startfitclub.com\/index.php\/wp-json\/wp\/v2\/product_cat?post=1753"},{"taxonomy":"product_tag","embeddable":true,"href":"https:\/\/startfitclub.com\/index.php\/wp-json\/wp\/v2\/product_tag?post=1753"},{"taxonomy":"giftcard-category","embeddable":true,"href":"https:\/\/startfitclub.com\/index.php\/wp-json\/wp\/v2\/giftcard-category?post=1753"}],"curies":[{"name":"wp","href":"https:\/\/api.w.org\/{rel}","templated":true}]}}