{"id":28,"date":"2025-01-19T03:08:49","date_gmt":"2025-01-19T03:08:49","guid":{"rendered":"https:\/\/startfitclub.com\/index.php\/product\/producto-2\/"},"modified":"2025-04-25T17:22:59","modified_gmt":"2025-04-25T17:22:59","slug":"producto-2","status":"publish","type":"product","link":"https:\/\/startfitclub.com\/index.php\/product\/producto-2\/","title":{"rendered":"Bipro Lite 2.4LB"},"content":{"rendered":"<p><b>Modo o m\u00e9todo de consumo o preparaci\u00f3n:<\/b><span style=\"font-weight: 400;\">\u00a0Mezcle\u00a0Bipro lite\u00a0(1 medida\/cucharada) en 300ml de agua o leche descremada.<\/span><span style=\"font-weight: 400;\"><br \/>\n<\/span><span style=\"font-weight: 400;\">Cons\u00famalo inmediatamente despu\u00e9s de entrenar y antes de dormir. Si su entrenamiento es nocturno, \u00faselo despu\u00e9s de entrenar y con el desayuno.<\/span><span style=\"font-weight: 400;\"><br \/>\n<\/span><span style=\"font-weight: 400;\">No reemplace ninguna comida con este producto.<\/span><\/p>\n<p><span style=\"font-weight: 400;\">Registro Invima\u00a0<\/span><b>RSA-0030639-2024<\/b><span style=\"font-weight: 400;\">.<\/span><\/p>\n<ul>\n<li style=\"font-weight: 400;\" aria-level=\"1\"><b>Bipro Lite 2.4LB:<\/b><span style=\"font-weight: 400;\"> Bi-Pro Ripped es una f\u00f3rmula nutricional elaborada a base de prote\u00edna de suero y case\u00edna.<\/span><\/li>\n<\/ul>\n<p><span style=\"font-weight: 400;\">Aporta 30 gramos de prote\u00edna por servicio. 1.000 mg L-Carnitina, 400 mcg Picolinato de cromo y 5g de col\u00e1geno hidrolizado.<\/span><span style=\"font-weight: 400;\"><br \/>\n<\/span><span style=\"font-weight: 400;\"><br \/>\n<\/span><span style=\"font-weight: 400;\">\u00a0<\/span><b>Servicios<\/b><span style=\"font-weight: 400;\">: 26 scoops por envase.<\/span><\/p>\n<p><span style=\"font-weight: 400;\"><b>Sabor<\/b>:\u00a0Vainilla\u00a0<\/span><\/p>\n","protected":false},"excerpt":{"rendered":"<p><b>Bipro Lite 2.4LB:<\/b><span style=\"font-weight: 400;\"> Es una f\u00f3rmula nutricional elaborada a base de prote\u00edna de suero y case\u00edna.<\/span><\/p>\n<p><span style=\"font-weight: 400;\">Aporta 30 gramos de prote\u00edna por servicio. 1.000 mg L-Carnitina, 400 mcg Picolinato de cromo y 5g de col\u00e1geno hidrolizado.<\/span><\/p>\n<p><span style=\"font-weight: 400;\"><br \/>\n<\/span><b>Servicios<\/b><span style=\"font-weight: 400;\">: 26 scoops por envase.<\/span><\/p>\n<p><b>Sabor<\/b><span style=\"font-weight: 400;\">:\u00a0Vainilla\u00a0<\/span><\/p>\n","protected":false},"featured_media":1111,"comment_status":"open","ping_status":"closed","template":"","meta":{"_uag_custom_page_level_css":"","_monsterinsights_skip_tracking":false,"_monsterinsights_sitenote_active":false,"_monsterinsights_sitenote_note":"","_monsterinsights_sitenote_category":0,"_joinchat":[]},"product_brand":[],"product_cat":[21,15],"product_tag":[],"giftcard-category":[],"class_list":{"0":"post-28","1":"product","2":"type-product","3":"status-publish","4":"has-post-thumbnail","6":"product_cat-proteinas","7":"product_cat-uncategorized","8":"pa_sabor-vainilla","10":"first","11":"instock","12":"taxable","13":"shipping-taxable","14":"purchasable","15":"product-type-simple"},"aioseo_notices":[],"uagb_featured_image_src":{"full":["https:\/\/startfitclub.com\/wp-content\/uploads\/2025\/04\/bi-pro-lite.png",800,800,false],"thumbnail":["https:\/\/startfitclub.com\/wp-content\/uploads\/2025\/04\/bi-pro-lite-150x150.png",150,150,true],"medium":["https:\/\/startfitclub.com\/wp-content\/uploads\/2025\/04\/bi-pro-lite-300x300.png",300,300,true],"medium_large":["https:\/\/startfitclub.com\/wp-content\/uploads\/2025\/04\/bi-pro-lite-768x768.png",768,768,true],"large":["https:\/\/startfitclub.com\/wp-content\/uploads\/2025\/04\/bi-pro-lite.png",800,800,false],"1536x1536":["https:\/\/startfitclub.com\/wp-content\/uploads\/2025\/04\/bi-pro-lite.png",800,800,false],"2048x2048":["https:\/\/startfitclub.com\/wp-content\/uploads\/2025\/04\/bi-pro-lite.png",800,800,false],"woocommerce_thumbnail":["https:\/\/startfitclub.com\/wp-content\/uploads\/2025\/04\/bi-pro-lite-300x300.png",300,300,true],"woocommerce_single":["https:\/\/startfitclub.com\/wp-content\/uploads\/2025\/04\/bi-pro-lite-600x600.png",600,600,true],"woocommerce_gallery_thumbnail":["https:\/\/startfitclub.com\/wp-content\/uploads\/2025\/04\/bi-pro-lite-100x100.png",100,100,true],"variation_swatches_image_size":["https:\/\/startfitclub.com\/wp-content\/uploads\/2025\/04\/bi-pro-lite-50x50.png",50,50,true],"variation_swatches_tooltip_size":["https:\/\/startfitclub.com\/wp-content\/uploads\/2025\/04\/bi-pro-lite-100x100.png",100,100,true]},"uagb_author_info":{"display_name":"Polos Company","author_link":"https:\/\/startfitclub.com\/index.php\/author\/"},"uagb_comment_info":0,"uagb_excerpt":"Bipro Lite 2.4LB: Es una f\u00f3rmula nutricional elaborada a base de prote\u00edna de suero y case\u00edna. Aporta 30 gramos de prote\u00edna por servicio. 1.000 mg L-Carnitina, 400 mcg Picolinato de cromo y 5g de col\u00e1geno hidrolizado. Servicios: 26 scoops por envase. Sabor:\u00a0Vainilla\u00a0","_links":{"self":[{"href":"https:\/\/startfitclub.com\/index.php\/wp-json\/wp\/v2\/product\/28","targetHints":{"allow":["GET"]}}],"collection":[{"href":"https:\/\/startfitclub.com\/index.php\/wp-json\/wp\/v2\/product"}],"about":[{"href":"https:\/\/startfitclub.com\/index.php\/wp-json\/wp\/v2\/types\/product"}],"replies":[{"embeddable":true,"href":"https:\/\/startfitclub.com\/index.php\/wp-json\/wp\/v2\/comments?post=28"}],"wp:featuredmedia":[{"embeddable":true,"href":"https:\/\/startfitclub.com\/index.php\/wp-json\/wp\/v2\/media\/1111"}],"wp:attachment":[{"href":"https:\/\/startfitclub.com\/index.php\/wp-json\/wp\/v2\/media?parent=28"}],"wp:term":[{"taxonomy":"product_brand","embeddable":true,"href":"https:\/\/startfitclub.com\/index.php\/wp-json\/wp\/v2\/product_brand?post=28"},{"taxonomy":"product_cat","embeddable":true,"href":"https:\/\/startfitclub.com\/index.php\/wp-json\/wp\/v2\/product_cat?post=28"},{"taxonomy":"product_tag","embeddable":true,"href":"https:\/\/startfitclub.com\/index.php\/wp-json\/wp\/v2\/product_tag?post=28"},{"taxonomy":"giftcard-category","embeddable":true,"href":"https:\/\/startfitclub.com\/index.php\/wp-json\/wp\/v2\/giftcard-category?post=28"}],"curies":[{"name":"wp","href":"https:\/\/api.w.org\/{rel}","templated":true}]}}