{"id":30,"date":"2025-01-19T03:08:49","date_gmt":"2025-01-19T03:08:49","guid":{"rendered":"https:\/\/startfitclub.com\/index.php\/product\/producto-4\/"},"modified":"2025-04-25T17:53:58","modified_gmt":"2025-04-25T17:53:58","slug":"producto-4","status":"publish","type":"product","link":"https:\/\/startfitclub.com\/index.php\/product\/producto-4\/","title":{"rendered":"Lite 3LB"},"content":{"rendered":"<h2>Modo de consumo: mezcle\u00a0MEGAPLEX LITE\u00a054g (1 medida\/cucharada) en 300ml de agua o leche descremada. Cons\u00famalo inmediatamente despu\u00e9s de entrenar y entre comidas.<\/h2>\n<p><span style=\"font-weight: 400;\">Tama\u00f1o por porci\u00f3n: 54g.<\/span><\/p>\n<p><span style=\"font-weight: 400;\">Porciones por envase: 25.<br \/>\n<\/span><span style=\"font-weight: 400;\">calor\u00edas: 200<br \/>\n<\/span><span style=\"font-weight: 400;\">Proteina: 24g.<br \/>\n<\/span><span style=\"font-weight: 400;\">Carbohidratos: 22g.<\/span><\/p>\n<p><span style=\"font-weight: 400;\">Caracter\u00edsticas<\/span><\/p>\n<p><span style=\"font-weight: 400;\">Megaplex Lite es una prote\u00edna de suero de leche especializada para incluir en programas para el control de calor\u00edas, contiene 25 porciones. 24 gramos de prote\u00edna por 1 scoop, 200 calor\u00edas y 1000 mg de L-carnitina. Sabor a vainilla, elaborado por Nutramerican Pharma.<\/span><\/p>\n<p><span style=\"font-weight: 400;\">Registro Invima <\/span><b>RSA-0030639-2024.<\/b><\/p>\n","protected":false},"excerpt":{"rendered":"<p><b>Lite 3LB:<\/b><span style=\"font-weight: 400;\"> combina en su f\u00f3rmula por toma el 50% de la recomendaci\u00f3n diaria de prote\u00edna, obtenida de tres fuentes con diferentes velocidades de absorci\u00f3n, buscando as\u00ed lograr un mayor tiempo de saciedad. Contiene en su f\u00f3rmula 1000mg de L-Carnitina y 400mcg de Picolinato de cromo, aporta 24 gramos de prote\u00edna por servicio.<\/span><\/p>\n<p><span style=\"font-weight: 400;\">Fuente Proteica: Prote\u00edna de suero de leche bovina (Beta-Lactoglobulina, Alfa-Lactoalb\u00famina), aislado de soya, concentrado de leche bovina (80% whey protein, 20% case\u00edna)<\/span><\/p>\n","protected":false},"featured_media":1113,"comment_status":"open","ping_status":"closed","template":"","meta":{"_uag_custom_page_level_css":"","_monsterinsights_skip_tracking":false,"_monsterinsights_sitenote_active":false,"_monsterinsights_sitenote_note":"","_monsterinsights_sitenote_category":0,"_joinchat":[]},"product_brand":[],"product_cat":[21,15],"product_tag":[],"giftcard-category":[],"class_list":{"0":"post-30","1":"product","2":"type-product","3":"status-publish","4":"has-post-thumbnail","6":"product_cat-proteinas","7":"product_cat-uncategorized","9":"first","10":"instock","11":"taxable","12":"shipping-taxable","13":"purchasable","14":"product-type-simple"},"aioseo_notices":[],"uagb_featured_image_src":{"full":["https:\/\/startfitclub.com\/wp-content\/uploads\/2025\/04\/Lite.png",800,800,false],"thumbnail":["https:\/\/startfitclub.com\/wp-content\/uploads\/2025\/04\/Lite-150x150.png",150,150,true],"medium":["https:\/\/startfitclub.com\/wp-content\/uploads\/2025\/04\/Lite-300x300.png",300,300,true],"medium_large":["https:\/\/startfitclub.com\/wp-content\/uploads\/2025\/04\/Lite-768x768.png",768,768,true],"large":["https:\/\/startfitclub.com\/wp-content\/uploads\/2025\/04\/Lite.png",800,800,false],"1536x1536":["https:\/\/startfitclub.com\/wp-content\/uploads\/2025\/04\/Lite.png",800,800,false],"2048x2048":["https:\/\/startfitclub.com\/wp-content\/uploads\/2025\/04\/Lite.png",800,800,false],"woocommerce_thumbnail":["https:\/\/startfitclub.com\/wp-content\/uploads\/2025\/04\/Lite-300x300.png",300,300,true],"woocommerce_single":["https:\/\/startfitclub.com\/wp-content\/uploads\/2025\/04\/Lite-600x600.png",600,600,true],"woocommerce_gallery_thumbnail":["https:\/\/startfitclub.com\/wp-content\/uploads\/2025\/04\/Lite-100x100.png",100,100,true],"variation_swatches_image_size":["https:\/\/startfitclub.com\/wp-content\/uploads\/2025\/04\/Lite-50x50.png",50,50,true],"variation_swatches_tooltip_size":["https:\/\/startfitclub.com\/wp-content\/uploads\/2025\/04\/Lite-100x100.png",100,100,true]},"uagb_author_info":{"display_name":"Polos Company","author_link":"https:\/\/startfitclub.com\/index.php\/author\/"},"uagb_comment_info":0,"uagb_excerpt":"Lite 3LB: combina en su f\u00f3rmula por toma el 50% de la recomendaci\u00f3n diaria de prote\u00edna, obtenida de tres fuentes con diferentes velocidades de absorci\u00f3n, buscando as\u00ed lograr un mayor tiempo de saciedad. Contiene en su f\u00f3rmula 1000mg de L-Carnitina y 400mcg de Picolinato de cromo, aporta 24 gramos de prote\u00edna por servicio. Fuente Proteica:&hellip;","_links":{"self":[{"href":"https:\/\/startfitclub.com\/index.php\/wp-json\/wp\/v2\/product\/30","targetHints":{"allow":["GET"]}}],"collection":[{"href":"https:\/\/startfitclub.com\/index.php\/wp-json\/wp\/v2\/product"}],"about":[{"href":"https:\/\/startfitclub.com\/index.php\/wp-json\/wp\/v2\/types\/product"}],"replies":[{"embeddable":true,"href":"https:\/\/startfitclub.com\/index.php\/wp-json\/wp\/v2\/comments?post=30"}],"wp:featuredmedia":[{"embeddable":true,"href":"https:\/\/startfitclub.com\/index.php\/wp-json\/wp\/v2\/media\/1113"}],"wp:attachment":[{"href":"https:\/\/startfitclub.com\/index.php\/wp-json\/wp\/v2\/media?parent=30"}],"wp:term":[{"taxonomy":"product_brand","embeddable":true,"href":"https:\/\/startfitclub.com\/index.php\/wp-json\/wp\/v2\/product_brand?post=30"},{"taxonomy":"product_cat","embeddable":true,"href":"https:\/\/startfitclub.com\/index.php\/wp-json\/wp\/v2\/product_cat?post=30"},{"taxonomy":"product_tag","embeddable":true,"href":"https:\/\/startfitclub.com\/index.php\/wp-json\/wp\/v2\/product_tag?post=30"},{"taxonomy":"giftcard-category","embeddable":true,"href":"https:\/\/startfitclub.com\/index.php\/wp-json\/wp\/v2\/giftcard-category?post=30"}],"curies":[{"name":"wp","href":"https:\/\/api.w.org\/{rel}","templated":true}]}}