{"id":31,"date":"2025-01-19T03:08:49","date_gmt":"2025-01-19T03:08:49","guid":{"rendered":"https:\/\/startfitclub.com\/index.php\/product\/producto-5\/"},"modified":"2025-04-25T18:07:20","modified_gmt":"2025-04-25T18:07:20","slug":"producto-5","status":"publish","type":"product","link":"https:\/\/startfitclub.com\/index.php\/product\/producto-5\/","title":{"rendered":"Iso clean 2LB"},"content":{"rendered":"<h2><span style=\"font-weight: 400;\">Caracter\u00edsticas: <\/span><span style=\"font-weight: 400;\">Isoclean es una prote\u00edna de suero de leche sabor a vainilla, contiene 40g de prote\u00edna por 1 scoop, 180 calor\u00edas, 36 servicios por envase, contiene 1000mg de CLA y 1000mg de HMB. Sabor a Vainilla, elaborado por Nutramerican Pharma<\/span><\/h2>\n<p><span style=\"font-weight: 400;\">Modo de consumo: <\/span><span style=\"font-weight: 400;\">Mezcle \u00bd medida de\u00a0ISO CLEAN\u00a0con 4 onzas de agua o adicione su bebida favorita. Consuma uno o m\u00e1s servicios diarios. Los requerimientos proteicos var\u00edan de acuerdo a cada persona, basado en el peso corporal, nivel de actividad y salud general.<\/span><\/p>\n<p><span style=\"font-weight: 400;\">Registro Invima: <\/span><b>RSA-0022166-2022<\/b><\/p>\n","protected":false},"excerpt":{"rendered":"<p><span style=\"font-weight: 400;\">Es la \u00faltima tecnolog\u00eda en prote\u00ednas de suero adicionada con hidroxibetametilbutirato 1000 mg (HMB) y \u00e1cido linoleico conjugado 1000 mg (CLA) ideal para personas y atletas con altos requerimientos de prote\u00ednas y amino\u00e1cidos de la m\u00e1s alta calidad.<\/span><\/p>\n","protected":false},"featured_media":1114,"comment_status":"open","ping_status":"closed","template":"","meta":{"_uag_custom_page_level_css":"","_monsterinsights_skip_tracking":false,"_monsterinsights_sitenote_active":false,"_monsterinsights_sitenote_note":"","_monsterinsights_sitenote_category":0,"_joinchat":[]},"product_brand":[],"product_cat":[21,15],"product_tag":[],"giftcard-category":[],"class_list":{"0":"post-31","1":"product","2":"type-product","3":"status-publish","4":"has-post-thumbnail","6":"product_cat-proteinas","7":"product_cat-uncategorized","8":"pa_sabor-vainilla","10":"first","11":"instock","12":"taxable","13":"shipping-taxable","14":"purchasable","15":"product-type-simple"},"aioseo_notices":[],"uagb_featured_image_src":{"full":["https:\/\/startfitclub.com\/wp-content\/uploads\/2025\/04\/clean.png",800,800,false],"thumbnail":["https:\/\/startfitclub.com\/wp-content\/uploads\/2025\/04\/clean-150x150.png",150,150,true],"medium":["https:\/\/startfitclub.com\/wp-content\/uploads\/2025\/04\/clean-300x300.png",300,300,true],"medium_large":["https:\/\/startfitclub.com\/wp-content\/uploads\/2025\/04\/clean-768x768.png",768,768,true],"large":["https:\/\/startfitclub.com\/wp-content\/uploads\/2025\/04\/clean.png",800,800,false],"1536x1536":["https:\/\/startfitclub.com\/wp-content\/uploads\/2025\/04\/clean.png",800,800,false],"2048x2048":["https:\/\/startfitclub.com\/wp-content\/uploads\/2025\/04\/clean.png",800,800,false],"woocommerce_thumbnail":["https:\/\/startfitclub.com\/wp-content\/uploads\/2025\/04\/clean-300x300.png",300,300,true],"woocommerce_single":["https:\/\/startfitclub.com\/wp-content\/uploads\/2025\/04\/clean-600x600.png",600,600,true],"woocommerce_gallery_thumbnail":["https:\/\/startfitclub.com\/wp-content\/uploads\/2025\/04\/clean-100x100.png",100,100,true],"variation_swatches_image_size":["https:\/\/startfitclub.com\/wp-content\/uploads\/2025\/04\/clean-50x50.png",50,50,true],"variation_swatches_tooltip_size":["https:\/\/startfitclub.com\/wp-content\/uploads\/2025\/04\/clean-100x100.png",100,100,true]},"uagb_author_info":{"display_name":"Polos Company","author_link":"https:\/\/startfitclub.com\/index.php\/author\/"},"uagb_comment_info":0,"uagb_excerpt":"Es la \u00faltima tecnolog\u00eda en prote\u00ednas de suero adicionada con hidroxibetametilbutirato 1000 mg (HMB) y \u00e1cido linoleico conjugado 1000 mg (CLA) ideal para personas y atletas con altos requerimientos de prote\u00ednas y amino\u00e1cidos de la m\u00e1s alta calidad.","_links":{"self":[{"href":"https:\/\/startfitclub.com\/index.php\/wp-json\/wp\/v2\/product\/31","targetHints":{"allow":["GET"]}}],"collection":[{"href":"https:\/\/startfitclub.com\/index.php\/wp-json\/wp\/v2\/product"}],"about":[{"href":"https:\/\/startfitclub.com\/index.php\/wp-json\/wp\/v2\/types\/product"}],"replies":[{"embeddable":true,"href":"https:\/\/startfitclub.com\/index.php\/wp-json\/wp\/v2\/comments?post=31"}],"wp:featuredmedia":[{"embeddable":true,"href":"https:\/\/startfitclub.com\/index.php\/wp-json\/wp\/v2\/media\/1114"}],"wp:attachment":[{"href":"https:\/\/startfitclub.com\/index.php\/wp-json\/wp\/v2\/media?parent=31"}],"wp:term":[{"taxonomy":"product_brand","embeddable":true,"href":"https:\/\/startfitclub.com\/index.php\/wp-json\/wp\/v2\/product_brand?post=31"},{"taxonomy":"product_cat","embeddable":true,"href":"https:\/\/startfitclub.com\/index.php\/wp-json\/wp\/v2\/product_cat?post=31"},{"taxonomy":"product_tag","embeddable":true,"href":"https:\/\/startfitclub.com\/index.php\/wp-json\/wp\/v2\/product_tag?post=31"},{"taxonomy":"giftcard-category","embeddable":true,"href":"https:\/\/startfitclub.com\/index.php\/wp-json\/wp\/v2\/giftcard-category?post=31"}],"curies":[{"name":"wp","href":"https:\/\/api.w.org\/{rel}","templated":true}]}}