{"id":32,"date":"2025-01-19T03:08:49","date_gmt":"2025-01-19T03:08:49","guid":{"rendered":"https:\/\/startfitclub.com\/index.php\/product\/producto-6\/"},"modified":"2025-04-25T18:12:49","modified_gmt":"2025-04-25T18:12:49","slug":"producto-6","status":"publish","type":"product","link":"https:\/\/startfitclub.com\/index.php\/product\/producto-6\/","title":{"rendered":"Mega lite 0% 1.17LB"},"content":{"rendered":"<ul>\n<li style=\"font-weight: 400;\" aria-level=\"1\"><span style=\"font-weight: 400;\">Aporta 25g de proteinas de diferentes velocidades que aportan un balance positivo de amino\u00e1cidos.<\/span><\/li>\n<li style=\"font-weight: 400;\" aria-level=\"1\"><span style=\"font-weight: 400;\">Es baja en calor\u00edas. Ideal para incluir en planes nutricionales para el control de calor\u00edas.<\/span><\/li>\n<li style=\"font-weight: 400;\" aria-level=\"1\"><span style=\"font-weight: 400;\">Contiene 1000mg de l-carnitina. La l-carnitina es un amino\u00e1cido que tiene la funci\u00f3n de transportar la grasa al interior de la mitocondria para poder ser convertida como energ\u00eda.<\/span><\/li>\n<li style=\"font-weight: 400;\" aria-level=\"1\"><span style=\"font-weight: 400;\">Contiene carbohidratos de absorci\u00f3n lenta. Es muy importante reponer la energ\u00eda gastada durante el entreno para evitar que se pierda la masa muscular.<\/span><\/li>\n<li style=\"font-weight: 400;\" aria-level=\"1\"><span style=\"font-weight: 400;\">Contiene picolinato de chromo. El picolinato de chromo es un mineral que ayuda a estabilizar los niveles de insulina en la sangre.<\/span><\/li>\n<\/ul>\n<h2><span style=\"font-weight: 400;\">Modo de consumo<\/span><\/h2>\n<p><span style=\"font-weight: 400;\">Mezcle\u00a0MEGA LITE vainilla\u00a041g (1.5 cucharadas) en 300ml de agua o leche descremada. Cons\u00famalo inmediatamente despu\u00e9s de entrenar y entre comidas.<\/span><\/p>\n<h2><span style=\"font-weight: 400;\">Registro Invima<\/span><\/h2>\n<p><b>RSA-0030639-2024.<\/b><\/p>\n","protected":false},"excerpt":{"rendered":"<h2><span style=\"font-weight: 400;\">Caracter\u00edsticas<\/span><\/h2>\n<p><span style=\"font-weight: 400;\">Mega Lite Zero es una malteada de suero de leche en polvo especializada para incluir en planes nutricionales para el control de calor\u00edas, contiene 20g de whey protein, 1g de l-carnitina, 400mcg de picolinato de cromo, 2000mg de fibra dietaria y 150 calor\u00edas.<\/span><\/p>\n<p><span style=\"font-weight: 400;\">Sabor a vainilla<\/span><\/p>\n","protected":false},"featured_media":1115,"comment_status":"open","ping_status":"closed","template":"","meta":{"_uag_custom_page_level_css":"","_monsterinsights_skip_tracking":false,"_monsterinsights_sitenote_active":false,"_monsterinsights_sitenote_note":"","_monsterinsights_sitenote_category":0,"_joinchat":[]},"product_brand":[],"product_cat":[21,15],"product_tag":[],"giftcard-category":[],"class_list":{"0":"post-32","1":"product","2":"type-product","3":"status-publish","4":"has-post-thumbnail","6":"product_cat-proteinas","7":"product_cat-uncategorized","8":"pa_sabor-vainilla","10":"first","11":"instock","12":"taxable","13":"shipping-taxable","14":"purchasable","15":"product-type-simple"},"aioseo_notices":[],"uagb_featured_image_src":{"full":["https:\/\/startfitclub.com\/wp-content\/uploads\/2025\/04\/mega-lite.png",800,800,false],"thumbnail":["https:\/\/startfitclub.com\/wp-content\/uploads\/2025\/04\/mega-lite-150x150.png",150,150,true],"medium":["https:\/\/startfitclub.com\/wp-content\/uploads\/2025\/04\/mega-lite-300x300.png",300,300,true],"medium_large":["https:\/\/startfitclub.com\/wp-content\/uploads\/2025\/04\/mega-lite-768x768.png",768,768,true],"large":["https:\/\/startfitclub.com\/wp-content\/uploads\/2025\/04\/mega-lite.png",800,800,false],"1536x1536":["https:\/\/startfitclub.com\/wp-content\/uploads\/2025\/04\/mega-lite.png",800,800,false],"2048x2048":["https:\/\/startfitclub.com\/wp-content\/uploads\/2025\/04\/mega-lite.png",800,800,false],"woocommerce_thumbnail":["https:\/\/startfitclub.com\/wp-content\/uploads\/2025\/04\/mega-lite-300x300.png",300,300,true],"woocommerce_single":["https:\/\/startfitclub.com\/wp-content\/uploads\/2025\/04\/mega-lite-600x600.png",600,600,true],"woocommerce_gallery_thumbnail":["https:\/\/startfitclub.com\/wp-content\/uploads\/2025\/04\/mega-lite-100x100.png",100,100,true],"variation_swatches_image_size":["https:\/\/startfitclub.com\/wp-content\/uploads\/2025\/04\/mega-lite-50x50.png",50,50,true],"variation_swatches_tooltip_size":["https:\/\/startfitclub.com\/wp-content\/uploads\/2025\/04\/mega-lite-100x100.png",100,100,true]},"uagb_author_info":{"display_name":"Polos Company","author_link":"https:\/\/startfitclub.com\/index.php\/author\/"},"uagb_comment_info":0,"uagb_excerpt":"Caracter\u00edsticas Mega Lite Zero es una malteada de suero de leche en polvo especializada para incluir en planes nutricionales para el control de calor\u00edas, contiene 20g de whey protein, 1g de l-carnitina, 400mcg de picolinato de cromo, 2000mg de fibra dietaria y 150 calor\u00edas. Sabor a vainilla","_links":{"self":[{"href":"https:\/\/startfitclub.com\/index.php\/wp-json\/wp\/v2\/product\/32","targetHints":{"allow":["GET"]}}],"collection":[{"href":"https:\/\/startfitclub.com\/index.php\/wp-json\/wp\/v2\/product"}],"about":[{"href":"https:\/\/startfitclub.com\/index.php\/wp-json\/wp\/v2\/types\/product"}],"replies":[{"embeddable":true,"href":"https:\/\/startfitclub.com\/index.php\/wp-json\/wp\/v2\/comments?post=32"}],"wp:featuredmedia":[{"embeddable":true,"href":"https:\/\/startfitclub.com\/index.php\/wp-json\/wp\/v2\/media\/1115"}],"wp:attachment":[{"href":"https:\/\/startfitclub.com\/index.php\/wp-json\/wp\/v2\/media?parent=32"}],"wp:term":[{"taxonomy":"product_brand","embeddable":true,"href":"https:\/\/startfitclub.com\/index.php\/wp-json\/wp\/v2\/product_brand?post=32"},{"taxonomy":"product_cat","embeddable":true,"href":"https:\/\/startfitclub.com\/index.php\/wp-json\/wp\/v2\/product_cat?post=32"},{"taxonomy":"product_tag","embeddable":true,"href":"https:\/\/startfitclub.com\/index.php\/wp-json\/wp\/v2\/product_tag?post=32"},{"taxonomy":"giftcard-category","embeddable":true,"href":"https:\/\/startfitclub.com\/index.php\/wp-json\/wp\/v2\/giftcard-category?post=32"}],"curies":[{"name":"wp","href":"https:\/\/api.w.org\/{rel}","templated":true}]}}