{"id":33,"date":"2025-01-19T03:08:49","date_gmt":"2025-01-19T03:08:49","guid":{"rendered":"https:\/\/startfitclub.com\/index.php\/product\/producto-7\/"},"modified":"2025-06-14T19:48:33","modified_gmt":"2025-06-14T19:48:33","slug":"producto-7","status":"publish","type":"product","link":"https:\/\/startfitclub.com\/index.php\/product\/producto-7\/","title":{"rendered":"Creatine power 2LB"},"content":{"rendered":"<p><b>Caracter\u00edsticas:\u00a0<\/b><span style=\"font-weight: 400;\">Proteina de suero de leche. Contiene 44g de prote\u00edna por servicio, 1000 calor\u00edas, tama\u00f1o del servicio 3.5 scoops, servicios por envase 4; a\u00f1adida Creatina Monohidratada y Hmb.<\/span><\/p>\n<ul>\n<li style=\"font-weight: 400;\" aria-level=\"1\"><span style=\"font-weight: 400;\">Prote\u00edna en polvo.<\/span><\/li>\n<li style=\"font-weight: 400;\" aria-level=\"1\"><span style=\"font-weight: 400;\">3 g Creatina.<\/span><\/li>\n<li style=\"font-weight: 400;\" aria-level=\"1\"><span style=\"font-weight: 400;\">500 mg HMB (Hidroximetilbutirato).<\/span><\/li>\n<li style=\"font-weight: 400;\" aria-level=\"1\"><span style=\"font-weight: 400;\">44 g por porci\u00f3n de prote\u00edna.<\/span><\/li>\n<li style=\"font-weight: 400;\" aria-level=\"1\"><span style=\"font-weight: 400;\">1000 Calor\u00edas<\/span><\/li>\n<\/ul>\n<p><b>Modo de uso:\u00a0<\/b><span style=\"font-weight: 400;\">Cons\u00famalo inmediatamente despu\u00e9s del entreno o entre comidas. Mezcla 3.5 medidas (265 gramos) de\u00a0Megaplex Creatine Power\u00a0en 300ml de agua o su bebida preferida, y disfrute de un delicioso batido (puede adicionar de acuerdo a su gusto; yogurt, helado, banano o fresas para aumentar el contenido cal\u00f3rico). Incluye dosificador.\u00a0<\/span><span style=\"font-weight: 400;\"><br \/>\n<\/span><span style=\"font-weight: 400;\"><br \/>\n<\/span><b>Registro Invima:\u00a0<\/b><span style=\"font-weight: 400;\">RSA-007426-2019<\/span><\/p>\n","protected":false},"excerpt":{"rendered":"<p><span style=\"font-weight: 400;\">Prote\u00edna de suero, hipercal\u00f3rica que incluye en su innovadora f\u00f3rmula 3000 mg de Creatina, HMB, BCAA, 44g de Prote\u00edna, 1000 calor\u00edas por porci\u00f3n y fuentes de Carbohidratos con diferentes velocidades de absorci\u00f3n.<\/span><\/p>\n<p><span style=\"font-weight: 400;\"><b style=\"font-size: 1rem;\">Sabor:<\/b><span style=\"font-weight: 400;\">\u00a0Vainilla<\/span><br \/>\n<\/span><\/p>\n","protected":false},"featured_media":1979,"comment_status":"open","ping_status":"closed","template":"","meta":{"_uag_custom_page_level_css":"","_monsterinsights_skip_tracking":false,"_monsterinsights_sitenote_active":false,"_monsterinsights_sitenote_note":"","_monsterinsights_sitenote_category":0,"_joinchat":[]},"product_brand":[],"product_cat":[21,15],"product_tag":[],"giftcard-category":[],"class_list":{"0":"post-33","1":"product","2":"type-product","3":"status-publish","4":"has-post-thumbnail","6":"product_cat-proteinas","7":"product_cat-uncategorized","8":"pa_sabor-vainilla","10":"first","11":"instock","12":"taxable","13":"shipping-taxable","14":"purchasable","15":"product-type-simple"},"aioseo_notices":[],"uagb_featured_image_src":{"full":["https:\/\/startfitclub.com\/wp-content\/uploads\/2025\/01\/megaplex_creatine_power_2lb-nutramerican-pharma-bigger.webp",1200,1200,false],"thumbnail":["https:\/\/startfitclub.com\/wp-content\/uploads\/2025\/01\/megaplex_creatine_power_2lb-nutramerican-pharma-bigger-150x150.webp",150,150,true],"medium":["https:\/\/startfitclub.com\/wp-content\/uploads\/2025\/01\/megaplex_creatine_power_2lb-nutramerican-pharma-bigger-300x300.webp",300,300,true],"medium_large":["https:\/\/startfitclub.com\/wp-content\/uploads\/2025\/01\/megaplex_creatine_power_2lb-nutramerican-pharma-bigger-768x768.webp",768,768,true],"large":["https:\/\/startfitclub.com\/wp-content\/uploads\/2025\/01\/megaplex_creatine_power_2lb-nutramerican-pharma-bigger-1024x1024.webp",1024,1024,true],"1536x1536":["https:\/\/startfitclub.com\/wp-content\/uploads\/2025\/01\/megaplex_creatine_power_2lb-nutramerican-pharma-bigger.webp",1200,1200,false],"2048x2048":["https:\/\/startfitclub.com\/wp-content\/uploads\/2025\/01\/megaplex_creatine_power_2lb-nutramerican-pharma-bigger.webp",1200,1200,false],"woocommerce_thumbnail":["https:\/\/startfitclub.com\/wp-content\/uploads\/2025\/01\/megaplex_creatine_power_2lb-nutramerican-pharma-bigger-300x300.webp",300,300,true],"woocommerce_single":["https:\/\/startfitclub.com\/wp-content\/uploads\/2025\/01\/megaplex_creatine_power_2lb-nutramerican-pharma-bigger-600x600.webp",600,600,true],"woocommerce_gallery_thumbnail":["https:\/\/startfitclub.com\/wp-content\/uploads\/2025\/01\/megaplex_creatine_power_2lb-nutramerican-pharma-bigger-100x100.webp",100,100,true],"variation_swatches_image_size":["https:\/\/startfitclub.com\/wp-content\/uploads\/2025\/01\/megaplex_creatine_power_2lb-nutramerican-pharma-bigger-50x50.webp",50,50,true],"variation_swatches_tooltip_size":["https:\/\/startfitclub.com\/wp-content\/uploads\/2025\/01\/megaplex_creatine_power_2lb-nutramerican-pharma-bigger-100x100.webp",100,100,true]},"uagb_author_info":{"display_name":"Polos Company","author_link":"https:\/\/startfitclub.com\/index.php\/author\/"},"uagb_comment_info":0,"uagb_excerpt":"Prote\u00edna de suero, hipercal\u00f3rica que incluye en su innovadora f\u00f3rmula 3000 mg de Creatina, HMB, BCAA, 44g de Prote\u00edna, 1000 calor\u00edas por porci\u00f3n y fuentes de Carbohidratos con diferentes velocidades de absorci\u00f3n. Sabor:\u00a0Vainilla","_links":{"self":[{"href":"https:\/\/startfitclub.com\/index.php\/wp-json\/wp\/v2\/product\/33","targetHints":{"allow":["GET"]}}],"collection":[{"href":"https:\/\/startfitclub.com\/index.php\/wp-json\/wp\/v2\/product"}],"about":[{"href":"https:\/\/startfitclub.com\/index.php\/wp-json\/wp\/v2\/types\/product"}],"replies":[{"embeddable":true,"href":"https:\/\/startfitclub.com\/index.php\/wp-json\/wp\/v2\/comments?post=33"}],"wp:featuredmedia":[{"embeddable":true,"href":"https:\/\/startfitclub.com\/index.php\/wp-json\/wp\/v2\/media\/1979"}],"wp:attachment":[{"href":"https:\/\/startfitclub.com\/index.php\/wp-json\/wp\/v2\/media?parent=33"}],"wp:term":[{"taxonomy":"product_brand","embeddable":true,"href":"https:\/\/startfitclub.com\/index.php\/wp-json\/wp\/v2\/product_brand?post=33"},{"taxonomy":"product_cat","embeddable":true,"href":"https:\/\/startfitclub.com\/index.php\/wp-json\/wp\/v2\/product_cat?post=33"},{"taxonomy":"product_tag","embeddable":true,"href":"https:\/\/startfitclub.com\/index.php\/wp-json\/wp\/v2\/product_tag?post=33"},{"taxonomy":"giftcard-category","embeddable":true,"href":"https:\/\/startfitclub.com\/index.php\/wp-json\/wp\/v2\/giftcard-category?post=33"}],"curies":[{"name":"wp","href":"https:\/\/api.w.org\/{rel}","templated":true}]}}