{"id":35,"date":"2025-01-19T03:08:50","date_gmt":"2025-01-19T03:08:50","guid":{"rendered":"https:\/\/startfitclub.com\/index.php\/product\/producto-9\/"},"modified":"2025-04-25T18:33:45","modified_gmt":"2025-04-25T18:33:45","slug":"producto-9","status":"publish","type":"product","link":"https:\/\/startfitclub.com\/index.php\/product\/producto-9\/","title":{"rendered":"Creatine power 10LB"},"content":{"rendered":"<p><b>Caracter\u00edsticas<\/b><span style=\"font-weight: 400;\">:\u00a0Prote\u00edna de suero de leche. Contiene 44g de prote\u00edna por servicio, 1080 calor\u00edas, tama\u00f1o del servicio 3.5 scoops, servicios por envase 17; a\u00f1adido Creatina Monohidratada y Hmb<\/span><\/p>\n<ul>\n<li style=\"font-weight: 400;\" aria-level=\"1\"><span style=\"font-weight: 400;\">Prote\u00edna en polvo.<\/span><\/li>\n<li style=\"font-weight: 400;\" aria-level=\"1\"><span style=\"font-weight: 400;\">3 g Creatina.<\/span><\/li>\n<li style=\"font-weight: 400;\" aria-level=\"1\"><span style=\"font-weight: 400;\">500 mg HMB (Hidroximetilbutirato).<\/span><\/li>\n<li style=\"font-weight: 400;\" aria-level=\"1\"><span style=\"font-weight: 400;\">44 g por porci\u00f3n de prote\u00edna.<\/span><\/li>\n<li style=\"font-weight: 400;\" aria-level=\"1\"><span style=\"font-weight: 400;\">1080 Calor\u00edas.<\/span><\/li>\n<\/ul>\n<p><b>Modo de consumo:\u00a0<\/b><span style=\"font-weight: 400;\">Cons\u00famalo inmediatamente despu\u00e9s del entreno o entre comidas. Mezcla 3.5 medidas (265 gramos) de\u00a0Megaplex Creatine Power\u00a0en 300ml de agua o su bebida preferida, y disfrute de un delicioso batido (puede adicionar de acuerdo a su gusto; yogurt, helado, banano o fresas para aumentar el contenido cal\u00f3rico). Incluye dosificador<\/span><\/p>\n<p><b>Registro Invima:\u00a0<\/b><span style=\"font-weight: 400;\">RSA-007426-2019.<\/span><\/p>\n","protected":false},"excerpt":{"rendered":"<p><span style=\"font-weight: 400;\">Prote\u00edna hipercal\u00f3rica con f\u00f3rmula\u00a0<\/span><b>3000 mg<\/b><span style=\"font-weight: 400;\">\u00a0de Creatina, HMB, BCAA,\u00a0<\/span><b>44g<\/b><span style=\"font-weight: 400;\">\u00a0de Prote\u00edna,\u00a0<\/span><b>1080<\/b><span style=\"font-weight: 400;\">\u00a0calor\u00edas por porci\u00f3n y fuentes de Carbohidratos con diferentes velocidades de absorci\u00f3n.<\/span><\/p>\n","protected":false},"featured_media":1117,"comment_status":"open","ping_status":"closed","template":"","meta":{"_uag_custom_page_level_css":"","_monsterinsights_skip_tracking":false,"_monsterinsights_sitenote_active":false,"_monsterinsights_sitenote_note":"","_monsterinsights_sitenote_category":0,"_joinchat":[]},"product_brand":[],"product_cat":[21,15],"product_tag":[],"giftcard-category":[],"class_list":{"0":"post-35","1":"product","2":"type-product","3":"status-publish","4":"has-post-thumbnail","6":"product_cat-proteinas","7":"product_cat-uncategorized","9":"first","10":"instock","11":"taxable","12":"shipping-taxable","13":"purchasable","14":"product-type-simple"},"aioseo_notices":[],"uagb_featured_image_src":{"full":["https:\/\/startfitclub.com\/wp-content\/uploads\/2025\/04\/power-2.png",800,800,false],"thumbnail":["https:\/\/startfitclub.com\/wp-content\/uploads\/2025\/04\/power-2-150x150.png",150,150,true],"medium":["https:\/\/startfitclub.com\/wp-content\/uploads\/2025\/04\/power-2-300x300.png",300,300,true],"medium_large":["https:\/\/startfitclub.com\/wp-content\/uploads\/2025\/04\/power-2-768x768.png",768,768,true],"large":["https:\/\/startfitclub.com\/wp-content\/uploads\/2025\/04\/power-2.png",800,800,false],"1536x1536":["https:\/\/startfitclub.com\/wp-content\/uploads\/2025\/04\/power-2.png",800,800,false],"2048x2048":["https:\/\/startfitclub.com\/wp-content\/uploads\/2025\/04\/power-2.png",800,800,false],"woocommerce_thumbnail":["https:\/\/startfitclub.com\/wp-content\/uploads\/2025\/04\/power-2-300x300.png",300,300,true],"woocommerce_single":["https:\/\/startfitclub.com\/wp-content\/uploads\/2025\/04\/power-2-600x600.png",600,600,true],"woocommerce_gallery_thumbnail":["https:\/\/startfitclub.com\/wp-content\/uploads\/2025\/04\/power-2-100x100.png",100,100,true],"variation_swatches_image_size":["https:\/\/startfitclub.com\/wp-content\/uploads\/2025\/04\/power-2-50x50.png",50,50,true],"variation_swatches_tooltip_size":["https:\/\/startfitclub.com\/wp-content\/uploads\/2025\/04\/power-2-100x100.png",100,100,true]},"uagb_author_info":{"display_name":"Polos Company","author_link":"https:\/\/startfitclub.com\/index.php\/author\/"},"uagb_comment_info":0,"uagb_excerpt":"Prote\u00edna hipercal\u00f3rica con f\u00f3rmula\u00a03000 mg\u00a0de Creatina, HMB, BCAA,\u00a044g\u00a0de Prote\u00edna,\u00a01080\u00a0calor\u00edas por porci\u00f3n y fuentes de Carbohidratos con diferentes velocidades de absorci\u00f3n.","_links":{"self":[{"href":"https:\/\/startfitclub.com\/index.php\/wp-json\/wp\/v2\/product\/35","targetHints":{"allow":["GET"]}}],"collection":[{"href":"https:\/\/startfitclub.com\/index.php\/wp-json\/wp\/v2\/product"}],"about":[{"href":"https:\/\/startfitclub.com\/index.php\/wp-json\/wp\/v2\/types\/product"}],"replies":[{"embeddable":true,"href":"https:\/\/startfitclub.com\/index.php\/wp-json\/wp\/v2\/comments?post=35"}],"wp:featuredmedia":[{"embeddable":true,"href":"https:\/\/startfitclub.com\/index.php\/wp-json\/wp\/v2\/media\/1117"}],"wp:attachment":[{"href":"https:\/\/startfitclub.com\/index.php\/wp-json\/wp\/v2\/media?parent=35"}],"wp:term":[{"taxonomy":"product_brand","embeddable":true,"href":"https:\/\/startfitclub.com\/index.php\/wp-json\/wp\/v2\/product_brand?post=35"},{"taxonomy":"product_cat","embeddable":true,"href":"https:\/\/startfitclub.com\/index.php\/wp-json\/wp\/v2\/product_cat?post=35"},{"taxonomy":"product_tag","embeddable":true,"href":"https:\/\/startfitclub.com\/index.php\/wp-json\/wp\/v2\/product_tag?post=35"},{"taxonomy":"giftcard-category","embeddable":true,"href":"https:\/\/startfitclub.com\/index.php\/wp-json\/wp\/v2\/giftcard-category?post=35"}],"curies":[{"name":"wp","href":"https:\/\/api.w.org\/{rel}","templated":true}]}}