{"id":40,"date":"2025-01-21T06:14:03","date_gmt":"2025-01-21T06:14:03","guid":{"rendered":"https:\/\/startfitclub.com\/?post_type=product&#038;p=40"},"modified":"2025-06-14T19:46:55","modified_gmt":"2025-06-14T19:46:55","slug":"import-placeholder-for-27","status":"publish","type":"product","link":"https:\/\/startfitclub.com\/index.php\/product\/import-placeholder-for-27\/","title":{"rendered":"Gainz 6.4LB"},"content":{"rendered":"<h2><span style=\"font-weight: 400;\">Caracter\u00edsticas<\/span><\/h2>\n<p><span style=\"font-weight: 400;\">Gainz 6 lb es una prote\u00edna de suero de leche hipercal\u00f3rica. Contiene 65 g de prote\u00edna por servicio, 1100 calor\u00edas; adicionada con 500 mg de Hmb. Contiene 10 servicios por envase, es ideal para personas que deseen aumentar su ingesta cal\u00f3rica. Sabor a vainilla, elaborado por Nutramerican Pharma.<\/span><\/p>\n<ul>\n<li style=\"font-weight: 400;\" aria-level=\"1\"><span style=\"font-weight: 400;\">Prote\u00edna de suero de leche.<\/span><\/li>\n<li style=\"font-weight: 400;\" aria-level=\"1\"><span style=\"font-weight: 400;\">Ideal para personas que deseen aumentar su ingesta cal\u00f3rica.<\/span><\/li>\n<li style=\"font-weight: 400;\" aria-level=\"1\"><span style=\"font-weight: 400;\">65g de prote\u00edna por porci\u00f3n.<\/span><\/li>\n<li style=\"font-weight: 400;\" aria-level=\"1\"><span style=\"font-weight: 400;\">500 mg HMB (hidroximetilbutirato).<\/span><\/li>\n<li style=\"font-weight: 400;\" aria-level=\"1\"><span style=\"font-weight: 400;\">1100 Calor\u00edas.<\/span><\/li>\n<\/ul>\n<h2><span style=\"font-weight: 400;\">Modo de consumo<\/span><\/h2>\n<p><span style=\"font-weight: 400;\">Consuma inmediatamente despu\u00e9s del entreno o entre comidas. Mezcla 4 medidas (290 gramos) de\u00a0Gainz\u00a0en 700ml de agua o su bebida preferida, y disfrute de un delicioso batido (puede adicionar de acuerdo a su gusto; yogurt, helado, banano o fresas para aumentar el contenido cal\u00f3rico). Incluye dosificador<\/span><\/p>\n<h2><span style=\"font-weight: 400;\">Registro Invima<\/span><\/h2>\n<p><b>NSA-0015453-2024.<\/b><\/p>\n","protected":false},"excerpt":{"rendered":"<p><span style=\"font-weight: 400;\">Gainz es un producto de \u00faltima generaci\u00f3n que incluye en su f\u00f3rmula 65 gramos de prote\u00edna y un masivo aporte de calor\u00edas por porci\u00f3n, ideal para atletas de alto rendimiento cuyos requerimientos cal\u00f3ricos son exigentes o personas que deseen potencializar los resultados deseados.<\/span><\/p>\n","protected":false},"featured_media":1978,"comment_status":"closed","ping_status":"closed","template":"","meta":{"_uag_custom_page_level_css":"","_monsterinsights_skip_tracking":false,"_monsterinsights_sitenote_active":false,"_monsterinsights_sitenote_note":"","_monsterinsights_sitenote_category":0,"_joinchat":[]},"product_brand":[],"product_cat":[21,15],"product_tag":[],"giftcard-category":[],"class_list":{"0":"post-40","1":"product","2":"type-product","3":"status-publish","4":"has-post-thumbnail","6":"product_cat-proteinas","7":"product_cat-uncategorized","8":"pa_sabor-vainilla","10":"first","11":"instock","12":"taxable","13":"shipping-taxable","14":"purchasable","15":"product-type-simple"},"aioseo_notices":[],"uagb_featured_image_src":{"full":["https:\/\/startfitclub.com\/wp-content\/uploads\/2025\/01\/gainz-64-lb.png",1000,1000,false],"thumbnail":["https:\/\/startfitclub.com\/wp-content\/uploads\/2025\/01\/gainz-64-lb-150x150.png",150,150,true],"medium":["https:\/\/startfitclub.com\/wp-content\/uploads\/2025\/01\/gainz-64-lb-300x300.png",300,300,true],"medium_large":["https:\/\/startfitclub.com\/wp-content\/uploads\/2025\/01\/gainz-64-lb-768x768.png",768,768,true],"large":["https:\/\/startfitclub.com\/wp-content\/uploads\/2025\/01\/gainz-64-lb.png",1000,1000,false],"1536x1536":["https:\/\/startfitclub.com\/wp-content\/uploads\/2025\/01\/gainz-64-lb.png",1000,1000,false],"2048x2048":["https:\/\/startfitclub.com\/wp-content\/uploads\/2025\/01\/gainz-64-lb.png",1000,1000,false],"woocommerce_thumbnail":["https:\/\/startfitclub.com\/wp-content\/uploads\/2025\/01\/gainz-64-lb-300x300.png",300,300,true],"woocommerce_single":["https:\/\/startfitclub.com\/wp-content\/uploads\/2025\/01\/gainz-64-lb-600x600.png",600,600,true],"woocommerce_gallery_thumbnail":["https:\/\/startfitclub.com\/wp-content\/uploads\/2025\/01\/gainz-64-lb-100x100.png",100,100,true],"variation_swatches_image_size":["https:\/\/startfitclub.com\/wp-content\/uploads\/2025\/01\/gainz-64-lb-50x50.png",50,50,true],"variation_swatches_tooltip_size":["https:\/\/startfitclub.com\/wp-content\/uploads\/2025\/01\/gainz-64-lb-100x100.png",100,100,true]},"uagb_author_info":{"display_name":"Polos Company","author_link":"https:\/\/startfitclub.com\/index.php\/author\/"},"uagb_comment_info":0,"uagb_excerpt":"Gainz es un producto de \u00faltima generaci\u00f3n que incluye en su f\u00f3rmula 65 gramos de prote\u00edna y un masivo aporte de calor\u00edas por porci\u00f3n, ideal para atletas de alto rendimiento cuyos requerimientos cal\u00f3ricos son exigentes o personas que deseen potencializar los resultados deseados.","_links":{"self":[{"href":"https:\/\/startfitclub.com\/index.php\/wp-json\/wp\/v2\/product\/40","targetHints":{"allow":["GET"]}}],"collection":[{"href":"https:\/\/startfitclub.com\/index.php\/wp-json\/wp\/v2\/product"}],"about":[{"href":"https:\/\/startfitclub.com\/index.php\/wp-json\/wp\/v2\/types\/product"}],"replies":[{"embeddable":true,"href":"https:\/\/startfitclub.com\/index.php\/wp-json\/wp\/v2\/comments?post=40"}],"wp:featuredmedia":[{"embeddable":true,"href":"https:\/\/startfitclub.com\/index.php\/wp-json\/wp\/v2\/media\/1978"}],"wp:attachment":[{"href":"https:\/\/startfitclub.com\/index.php\/wp-json\/wp\/v2\/media?parent=40"}],"wp:term":[{"taxonomy":"product_brand","embeddable":true,"href":"https:\/\/startfitclub.com\/index.php\/wp-json\/wp\/v2\/product_brand?post=40"},{"taxonomy":"product_cat","embeddable":true,"href":"https:\/\/startfitclub.com\/index.php\/wp-json\/wp\/v2\/product_cat?post=40"},{"taxonomy":"product_tag","embeddable":true,"href":"https:\/\/startfitclub.com\/index.php\/wp-json\/wp\/v2\/product_tag?post=40"},{"taxonomy":"giftcard-category","embeddable":true,"href":"https:\/\/startfitclub.com\/index.php\/wp-json\/wp\/v2\/giftcard-category?post=40"}],"curies":[{"name":"wp","href":"https:\/\/api.w.org\/{rel}","templated":true}]}}