{"id":41,"date":"2025-01-21T06:14:03","date_gmt":"2025-01-21T06:14:03","guid":{"rendered":"https:\/\/startfitclub.com\/?post_type=product&#038;p=41"},"modified":"2025-04-25T18:42:50","modified_gmt":"2025-04-25T18:42:50","slug":"import-placeholder-for-28","status":"publish","type":"product","link":"https:\/\/startfitclub.com\/index.php\/product\/import-placeholder-for-28\/","title":{"rendered":"Nutra Vegan Protein 400g"},"content":{"rendered":"<h2><span style=\"font-weight: 400;\">Caracter\u00edsticas<\/span><\/h2>\n<p><span style=\"font-weight: 400;\">Nutra Vegan Protein Contiene arveja como \u00fanica fuente de prote\u00edna, con un valor biol\u00f3gico superior al de las carnes y al de la case\u00edna. Como un valor agregado y buscando mejorar la utilizaci\u00f3n de las prote\u00ednas en el cuerpo, incluimos en Nutra Vegan Protein HMB, ingrediente con m\u00faltiples beneficios sobre la masa muscular.Contiene leche de coco en polvo con triglic\u00e9ridos de cadena media (MCT), Cocoa y Caf\u00e9 instant\u00e1neo para brindar el m\u00e1s delicioso sabor de prote\u00edna alguna. Elaborado por Nutramerican Pharma.<\/span><\/p>\n<ul>\n<li style=\"font-weight: 400;\" aria-level=\"1\"><span style=\"font-weight: 400;\">18 g de Prote\u00edna aislada de arveja.<\/span><\/li>\n<li style=\"font-weight: 400;\" aria-level=\"1\"><span style=\"font-weight: 400;\">500 mg Hidroximetilbutirato de calcio (HMB).<\/span><\/li>\n<li style=\"font-weight: 400;\" aria-level=\"1\"><span style=\"font-weight: 400;\">1000 mg Trigliceridos de cadena media<\/span><\/li>\n<li style=\"font-weight: 400;\" aria-level=\"1\"><span style=\"font-weight: 400;\">25 g tama\u00f1o por porci\u00f3n.<\/span><\/li>\n<li style=\"font-weight: 400;\" aria-level=\"1\"><span style=\"font-weight: 400;\">119 calor\u00edas.<\/span><\/li>\n<\/ul>\n<h2><span style=\"font-weight: 400;\">Modo de consumo<\/span><\/h2>\n<p><span style=\"font-weight: 400;\">Mezcle\u00a0Vegan Protein\u00a025g (1 medidas\/cucharadas) en 250 ml de agua su bebida favorita. Consuma uno o dos servicios diarios, los requerimientos proteicos var\u00edan seg\u00fan constituci\u00f3n y actividad de cada persona. Incluye medidor (cuchara dosificadora).<\/span><\/p>\n<h2><span style=\"font-weight: 400;\">Registro Invima<\/span><\/h2>\n<p><b>RSA-0008531-2019<\/b><\/p>\n","protected":false},"excerpt":{"rendered":"<p><span style=\"font-weight: 400;\">contiene arveja como \u00fanica fuente de prote\u00edna, con un valor biol\u00f3gico superior al de las carnes y al de la case\u00edna. Como un valor agregado y buscando mejorar la utilizaci\u00f3n de las prote\u00ednas en el cuerpo, incluimos en\u00a0<\/span><b>Nutra Vegan Protein<\/b><span style=\"font-weight: 400;\">\u00a0HMB, ingrediente con m\u00faltiples beneficios sobre la masa muscular.<\/span><span style=\"font-weight: 400;\"><br \/>\n<\/span><span style=\"font-weight: 400;\"><br \/>\n<\/span><span style=\"font-weight: 400;\">contiene leche de coco en polvo con triglic\u00e9ridos de cadena media\u00a0<\/span><b>MCT<\/b><span style=\"font-weight: 400;\">, Cocoa y caf\u00e9 instant\u00e1neo para brindar el m\u00e1s delicioso sabor de prote\u00edna alguna.<\/span><\/p>\n<p><b style=\"font-size: 1rem;\">Sabor: mocaccino\u00a0<\/b><\/p>\n","protected":false},"featured_media":1120,"comment_status":"closed","ping_status":"closed","template":"","meta":{"_uag_custom_page_level_css":"","_monsterinsights_skip_tracking":false,"_monsterinsights_sitenote_active":false,"_monsterinsights_sitenote_note":"","_monsterinsights_sitenote_category":0,"_joinchat":[]},"product_brand":[],"product_cat":[21,15],"product_tag":[],"giftcard-category":[],"class_list":{"0":"post-41","1":"product","2":"type-product","3":"status-publish","4":"has-post-thumbnail","6":"product_cat-proteinas","7":"product_cat-uncategorized","8":"pa_sabor-moccacino","10":"first","11":"instock","12":"taxable","13":"shipping-taxable","14":"product-type-simple"},"aioseo_notices":[],"uagb_featured_image_src":{"full":["https:\/\/startfitclub.com\/wp-content\/uploads\/2025\/04\/Vegan-protein.png",800,800,false],"thumbnail":["https:\/\/startfitclub.com\/wp-content\/uploads\/2025\/04\/Vegan-protein-150x150.png",150,150,true],"medium":["https:\/\/startfitclub.com\/wp-content\/uploads\/2025\/04\/Vegan-protein-300x300.png",300,300,true],"medium_large":["https:\/\/startfitclub.com\/wp-content\/uploads\/2025\/04\/Vegan-protein-768x768.png",768,768,true],"large":["https:\/\/startfitclub.com\/wp-content\/uploads\/2025\/04\/Vegan-protein.png",800,800,false],"1536x1536":["https:\/\/startfitclub.com\/wp-content\/uploads\/2025\/04\/Vegan-protein.png",800,800,false],"2048x2048":["https:\/\/startfitclub.com\/wp-content\/uploads\/2025\/04\/Vegan-protein.png",800,800,false],"woocommerce_thumbnail":["https:\/\/startfitclub.com\/wp-content\/uploads\/2025\/04\/Vegan-protein-300x300.png",300,300,true],"woocommerce_single":["https:\/\/startfitclub.com\/wp-content\/uploads\/2025\/04\/Vegan-protein-600x600.png",600,600,true],"woocommerce_gallery_thumbnail":["https:\/\/startfitclub.com\/wp-content\/uploads\/2025\/04\/Vegan-protein-100x100.png",100,100,true],"variation_swatches_image_size":["https:\/\/startfitclub.com\/wp-content\/uploads\/2025\/04\/Vegan-protein-50x50.png",50,50,true],"variation_swatches_tooltip_size":["https:\/\/startfitclub.com\/wp-content\/uploads\/2025\/04\/Vegan-protein-100x100.png",100,100,true]},"uagb_author_info":{"display_name":"Polos Company","author_link":"https:\/\/startfitclub.com\/index.php\/author\/"},"uagb_comment_info":0,"uagb_excerpt":"contiene arveja como \u00fanica fuente de prote\u00edna, con un valor biol\u00f3gico superior al de las carnes y al de la case\u00edna. Como un valor agregado y buscando mejorar la utilizaci\u00f3n de las prote\u00ednas en el cuerpo, incluimos en\u00a0Nutra Vegan Protein\u00a0HMB, ingrediente con m\u00faltiples beneficios sobre la masa muscular. contiene leche de coco en polvo con&hellip;","_links":{"self":[{"href":"https:\/\/startfitclub.com\/index.php\/wp-json\/wp\/v2\/product\/41","targetHints":{"allow":["GET"]}}],"collection":[{"href":"https:\/\/startfitclub.com\/index.php\/wp-json\/wp\/v2\/product"}],"about":[{"href":"https:\/\/startfitclub.com\/index.php\/wp-json\/wp\/v2\/types\/product"}],"replies":[{"embeddable":true,"href":"https:\/\/startfitclub.com\/index.php\/wp-json\/wp\/v2\/comments?post=41"}],"wp:featuredmedia":[{"embeddable":true,"href":"https:\/\/startfitclub.com\/index.php\/wp-json\/wp\/v2\/media\/1120"}],"wp:attachment":[{"href":"https:\/\/startfitclub.com\/index.php\/wp-json\/wp\/v2\/media?parent=41"}],"wp:term":[{"taxonomy":"product_brand","embeddable":true,"href":"https:\/\/startfitclub.com\/index.php\/wp-json\/wp\/v2\/product_brand?post=41"},{"taxonomy":"product_cat","embeddable":true,"href":"https:\/\/startfitclub.com\/index.php\/wp-json\/wp\/v2\/product_cat?post=41"},{"taxonomy":"product_tag","embeddable":true,"href":"https:\/\/startfitclub.com\/index.php\/wp-json\/wp\/v2\/product_tag?post=41"},{"taxonomy":"giftcard-category","embeddable":true,"href":"https:\/\/startfitclub.com\/index.php\/wp-json\/wp\/v2\/giftcard-category?post=41"}],"curies":[{"name":"wp","href":"https:\/\/api.w.org\/{rel}","templated":true}]}}