{"id":42,"date":"2025-01-21T06:14:03","date_gmt":"2025-01-21T06:14:03","guid":{"rendered":"https:\/\/startfitclub.com\/?post_type=product&#038;p=42"},"modified":"2025-04-25T18:49:57","modified_gmt":"2025-04-25T18:49:57","slug":"import-placeholder-for-29","status":"publish","type":"product","link":"https:\/\/startfitclub.com\/index.php\/product\/import-placeholder-for-29\/","title":{"rendered":"Mega soy 1.6LB"},"content":{"rendered":"<h2><span style=\"font-weight: 400;\">Caracter\u00edsticas<\/span><\/h2>\n<p><span style=\"font-weight: 400;\">MEGA SOY 90 es un aislado de prote\u00edna de soya con una excelente textura, naturalmente libre de grasa, sin az\u00facar y de f\u00e1cil solubilidad. Contiene 15 servicios por envase y es ideal para personas veganas. Sabor a vainilla, elaborada por Nutramerican Pharma.<\/span><\/p>\n<ul>\n<li style=\"font-weight: 400;\" aria-level=\"1\"><span style=\"font-weight: 400;\">Prote\u00edna aislada de soya en polvo.<\/span><\/li>\n<li style=\"font-weight: 400;\" aria-level=\"1\"><span style=\"font-weight: 400;\">250 mg de glutamina<\/span><\/li>\n<li style=\"font-weight: 400;\" aria-level=\"1\"><span style=\"font-weight: 400;\">180 calor\u00edas<\/span><\/li>\n<li style=\"font-weight: 400;\" aria-level=\"1\"><span style=\"font-weight: 400;\">41gr de prote\u00ednas<\/span><\/li>\n<li style=\"font-weight: 400;\" aria-level=\"1\"><span style=\"font-weight: 400;\">Es de f\u00e1cil digesti\u00f3n y de excelente sabor.<\/span><\/li>\n<\/ul>\n<h2><span style=\"font-weight: 400;\">Modo de consumo<\/span><\/h2>\n<p><span style=\"font-weight: 400;\">USO SUGERIDO: Consumase inmediatamente despu\u00e9s del entrenamiento y\/o entre comidas (de 1 a 3 servicios de MEGA SOY 90 dependiendo de su nivel de prote\u00edna requerida), mezcle o licue 1 medida de MEGA SOY 90 a 350ml de agua o bebida de su preferencia y disfrute de un delicioso y nutritivo batido. PRODUCTO INSTANT\u00c1NEO. Incluye dosificador. Consulte su nutricionista o entrenador personal.<\/span><\/p>\n<h2><span style=\"font-weight: 400;\">Registro Invima<\/span><\/h2>\n<p><b>NSA-0015826-2024<\/b><\/p>\n","protected":false},"excerpt":{"rendered":"<p><span style=\"font-weight: 400;\">Es la prote\u00edna vegetal m\u00e1s completa y de excelente calidad que posee propiedades nutricionales similares a la carne de res, pollo y pescado.<\/span><\/p>\n<p><b>MEGA SOY 90<\/b><span style=\"font-weight: 400;\">\u00a0adem\u00e1s de un completo perfil de amino\u00e1cidos, contiene L-Glutamina, ingrediente que mejora el perfil nutricional, para una r\u00e1pida recuperaci\u00f3n despu\u00e9s de una jornada de entrenamiento.<\/span><\/p>\n","protected":false},"featured_media":1121,"comment_status":"closed","ping_status":"closed","template":"","meta":{"_uag_custom_page_level_css":"","_monsterinsights_skip_tracking":false,"_monsterinsights_sitenote_active":false,"_monsterinsights_sitenote_note":"","_monsterinsights_sitenote_category":0,"_joinchat":[]},"product_brand":[],"product_cat":[21,15],"product_tag":[],"giftcard-category":[],"class_list":{"0":"post-42","1":"product","2":"type-product","3":"status-publish","4":"has-post-thumbnail","6":"product_cat-proteinas","7":"product_cat-uncategorized","8":"pa_sabor-vainilla","10":"first","11":"instock","12":"taxable","13":"shipping-taxable","14":"purchasable","15":"product-type-simple"},"aioseo_notices":[],"uagb_featured_image_src":{"full":["https:\/\/startfitclub.com\/wp-content\/uploads\/2025\/04\/Mega-soy.png",800,800,false],"thumbnail":["https:\/\/startfitclub.com\/wp-content\/uploads\/2025\/04\/Mega-soy-150x150.png",150,150,true],"medium":["https:\/\/startfitclub.com\/wp-content\/uploads\/2025\/04\/Mega-soy-300x300.png",300,300,true],"medium_large":["https:\/\/startfitclub.com\/wp-content\/uploads\/2025\/04\/Mega-soy-768x768.png",768,768,true],"large":["https:\/\/startfitclub.com\/wp-content\/uploads\/2025\/04\/Mega-soy.png",800,800,false],"1536x1536":["https:\/\/startfitclub.com\/wp-content\/uploads\/2025\/04\/Mega-soy.png",800,800,false],"2048x2048":["https:\/\/startfitclub.com\/wp-content\/uploads\/2025\/04\/Mega-soy.png",800,800,false],"woocommerce_thumbnail":["https:\/\/startfitclub.com\/wp-content\/uploads\/2025\/04\/Mega-soy-300x300.png",300,300,true],"woocommerce_single":["https:\/\/startfitclub.com\/wp-content\/uploads\/2025\/04\/Mega-soy-600x600.png",600,600,true],"woocommerce_gallery_thumbnail":["https:\/\/startfitclub.com\/wp-content\/uploads\/2025\/04\/Mega-soy-100x100.png",100,100,true],"variation_swatches_image_size":["https:\/\/startfitclub.com\/wp-content\/uploads\/2025\/04\/Mega-soy-50x50.png",50,50,true],"variation_swatches_tooltip_size":["https:\/\/startfitclub.com\/wp-content\/uploads\/2025\/04\/Mega-soy-100x100.png",100,100,true]},"uagb_author_info":{"display_name":"Polos Company","author_link":"https:\/\/startfitclub.com\/index.php\/author\/"},"uagb_comment_info":0,"uagb_excerpt":"Es la prote\u00edna vegetal m\u00e1s completa y de excelente calidad que posee propiedades nutricionales similares a la carne de res, pollo y pescado. MEGA SOY 90\u00a0adem\u00e1s de un completo perfil de amino\u00e1cidos, contiene L-Glutamina, ingrediente que mejora el perfil nutricional, para una r\u00e1pida recuperaci\u00f3n despu\u00e9s de una jornada de entrenamiento.","_links":{"self":[{"href":"https:\/\/startfitclub.com\/index.php\/wp-json\/wp\/v2\/product\/42","targetHints":{"allow":["GET"]}}],"collection":[{"href":"https:\/\/startfitclub.com\/index.php\/wp-json\/wp\/v2\/product"}],"about":[{"href":"https:\/\/startfitclub.com\/index.php\/wp-json\/wp\/v2\/types\/product"}],"replies":[{"embeddable":true,"href":"https:\/\/startfitclub.com\/index.php\/wp-json\/wp\/v2\/comments?post=42"}],"wp:featuredmedia":[{"embeddable":true,"href":"https:\/\/startfitclub.com\/index.php\/wp-json\/wp\/v2\/media\/1121"}],"wp:attachment":[{"href":"https:\/\/startfitclub.com\/index.php\/wp-json\/wp\/v2\/media?parent=42"}],"wp:term":[{"taxonomy":"product_brand","embeddable":true,"href":"https:\/\/startfitclub.com\/index.php\/wp-json\/wp\/v2\/product_brand?post=42"},{"taxonomy":"product_cat","embeddable":true,"href":"https:\/\/startfitclub.com\/index.php\/wp-json\/wp\/v2\/product_cat?post=42"},{"taxonomy":"product_tag","embeddable":true,"href":"https:\/\/startfitclub.com\/index.php\/wp-json\/wp\/v2\/product_tag?post=42"},{"taxonomy":"giftcard-category","embeddable":true,"href":"https:\/\/startfitclub.com\/index.php\/wp-json\/wp\/v2\/giftcard-category?post=42"}],"curies":[{"name":"wp","href":"https:\/\/api.w.org\/{rel}","templated":true}]}}