{"id":43,"date":"2025-01-21T06:14:03","date_gmt":"2025-01-21T06:14:03","guid":{"rendered":"https:\/\/startfitclub.com\/?post_type=product&#038;p=43"},"modified":"2025-04-25T18:58:18","modified_gmt":"2025-04-25T18:58:18","slug":"import-placeholder-for-30","status":"publish","type":"product","link":"https:\/\/startfitclub.com\/index.php\/product\/import-placeholder-for-30\/","title":{"rendered":"Pancake protein 770gr"},"content":{"rendered":"<h2><span style=\"font-weight: 400;\">Caracter\u00edsticas<\/span><\/h2>\n<p><span style=\"font-weight: 400;\">Protein Pancake, es un alimento ideal para acompa\u00f1ar en tu desayuno o consumir en meriendas.Contiene 14 porciones, cada porci\u00f3n aporta 20g de prote\u00edna de suero de leche, 20g de carbohidratos y solo 180 calor\u00edas. Sabor a vainilla-canela, elaborado por Nutramerican Pharma.<\/span><\/p>\n<ul>\n<li style=\"font-weight: 400;\" aria-level=\"1\"><span style=\"font-weight: 400;\">Mezcla para preparar pancakes y waffles de prote\u00edna en polvo 1.69 gramos.<\/span><\/li>\n<li style=\"font-weight: 400;\" aria-level=\"1\"><span style=\"font-weight: 400;\">20 gramos de prote\u00edna por porci\u00f3n.<\/span><\/li>\n<li style=\"font-weight: 400;\" aria-level=\"1\"><span style=\"font-weight: 400;\">Alb\u00famina de huevo.<\/span><\/li>\n<li style=\"font-weight: 400;\" aria-level=\"1\"><span style=\"font-weight: 400;\">Contiene gluten.<\/span><\/li>\n<li style=\"font-weight: 400;\" aria-level=\"1\"><span style=\"font-weight: 400;\">180 calor\u00edas.<\/span><\/li>\n<\/ul>\n<h2><span style=\"font-weight: 400;\">Modo de consumo<\/span><\/h2>\n<p><span style=\"font-weight: 400;\">Mezcle Protein Pancake 55 g (1 medidas\/cucharadas) en 90 ml de agua o leche descremada. Cons\u00famalo en el desayuno y\/o como merienda en cualquier momento del d\u00eda, prepare seg\u00fan las siguientes indicaciones: 1 En un recipiente deposite la mezcla y adicione 3\/4 medidas de agua. 2 Mezcle hasta homogeneizar. 3 Caliente un sart\u00e9n antiadherente, deposite 1 cucharada de la mezcla anterior, dore por 1 minuto, voltee y deje por 20 segundos, 4 Puede acompa\u00f1ar a su gusto con fruta. Incluye medidor (cuchara dosificadora).<\/span><\/p>\n<h2><span style=\"font-weight: 400;\">Registro Invima<\/span><\/h2>\n<p><b>RSA-0007766-2019<\/b><\/p>\n","protected":false},"excerpt":{"rendered":"<p><span style=\"font-weight: 400;\">Es una mezcla para preparar deliciosos pancakes y waffles con alto aporte de prote\u00ednas, para personas que desean tener una buena nutrici\u00f3n basada en un consumo apropiado de nutrientes, todo gracias a su avanzada y deliciosa formula. Protein Pancake aporta 20 g de prote\u00edna por servicio.<\/span><\/p>\n","protected":false},"featured_media":1122,"comment_status":"closed","ping_status":"closed","template":"","meta":{"_uag_custom_page_level_css":"","_monsterinsights_skip_tracking":false,"_monsterinsights_sitenote_active":false,"_monsterinsights_sitenote_note":"","_monsterinsights_sitenote_category":0,"_joinchat":[]},"product_brand":[],"product_cat":[21,15],"product_tag":[],"giftcard-category":[],"class_list":{"0":"post-43","1":"product","2":"type-product","3":"status-publish","4":"has-post-thumbnail","6":"product_cat-proteinas","7":"product_cat-uncategorized","9":"first","10":"instock","11":"taxable","12":"shipping-taxable","13":"purchasable","14":"product-type-simple"},"aioseo_notices":[],"uagb_featured_image_src":{"full":["https:\/\/startfitclub.com\/wp-content\/uploads\/2025\/04\/protein-pancake.png",1600,1600,false],"thumbnail":["https:\/\/startfitclub.com\/wp-content\/uploads\/2025\/04\/protein-pancake-150x150.png",150,150,true],"medium":["https:\/\/startfitclub.com\/wp-content\/uploads\/2025\/04\/protein-pancake-300x300.png",300,300,true],"medium_large":["https:\/\/startfitclub.com\/wp-content\/uploads\/2025\/04\/protein-pancake-768x768.png",768,768,true],"large":["https:\/\/startfitclub.com\/wp-content\/uploads\/2025\/04\/protein-pancake-1024x1024.png",1024,1024,true],"1536x1536":["https:\/\/startfitclub.com\/wp-content\/uploads\/2025\/04\/protein-pancake-1536x1536.png",1536,1536,true],"2048x2048":["https:\/\/startfitclub.com\/wp-content\/uploads\/2025\/04\/protein-pancake.png",1600,1600,false],"woocommerce_thumbnail":["https:\/\/startfitclub.com\/wp-content\/uploads\/2025\/04\/protein-pancake-300x300.png",300,300,true],"woocommerce_single":["https:\/\/startfitclub.com\/wp-content\/uploads\/2025\/04\/protein-pancake-600x600.png",600,600,true],"woocommerce_gallery_thumbnail":["https:\/\/startfitclub.com\/wp-content\/uploads\/2025\/04\/protein-pancake-100x100.png",100,100,true],"variation_swatches_image_size":["https:\/\/startfitclub.com\/wp-content\/uploads\/2025\/04\/protein-pancake-50x50.png",50,50,true],"variation_swatches_tooltip_size":["https:\/\/startfitclub.com\/wp-content\/uploads\/2025\/04\/protein-pancake-100x100.png",100,100,true]},"uagb_author_info":{"display_name":"Polos Company","author_link":"https:\/\/startfitclub.com\/index.php\/author\/"},"uagb_comment_info":0,"uagb_excerpt":"Es una mezcla para preparar deliciosos pancakes y waffles con alto aporte de prote\u00ednas, para personas que desean tener una buena nutrici\u00f3n basada en un consumo apropiado de nutrientes, todo gracias a su avanzada y deliciosa formula. Protein Pancake aporta 20 g de prote\u00edna por servicio.","_links":{"self":[{"href":"https:\/\/startfitclub.com\/index.php\/wp-json\/wp\/v2\/product\/43","targetHints":{"allow":["GET"]}}],"collection":[{"href":"https:\/\/startfitclub.com\/index.php\/wp-json\/wp\/v2\/product"}],"about":[{"href":"https:\/\/startfitclub.com\/index.php\/wp-json\/wp\/v2\/types\/product"}],"replies":[{"embeddable":true,"href":"https:\/\/startfitclub.com\/index.php\/wp-json\/wp\/v2\/comments?post=43"}],"wp:featuredmedia":[{"embeddable":true,"href":"https:\/\/startfitclub.com\/index.php\/wp-json\/wp\/v2\/media\/1122"}],"wp:attachment":[{"href":"https:\/\/startfitclub.com\/index.php\/wp-json\/wp\/v2\/media?parent=43"}],"wp:term":[{"taxonomy":"product_brand","embeddable":true,"href":"https:\/\/startfitclub.com\/index.php\/wp-json\/wp\/v2\/product_brand?post=43"},{"taxonomy":"product_cat","embeddable":true,"href":"https:\/\/startfitclub.com\/index.php\/wp-json\/wp\/v2\/product_cat?post=43"},{"taxonomy":"product_tag","embeddable":true,"href":"https:\/\/startfitclub.com\/index.php\/wp-json\/wp\/v2\/product_tag?post=43"},{"taxonomy":"giftcard-category","embeddable":true,"href":"https:\/\/startfitclub.com\/index.php\/wp-json\/wp\/v2\/giftcard-category?post=43"}],"curies":[{"name":"wp","href":"https:\/\/api.w.org\/{rel}","templated":true}]}}