{"id":44,"date":"2025-01-21T06:14:03","date_gmt":"2025-01-21T06:14:03","guid":{"rendered":"https:\/\/startfitclub.com\/?post_type=product&#038;p=44"},"modified":"2025-06-07T05:54:16","modified_gmt":"2025-06-07T05:54:16","slug":"import-placeholder-for-31","status":"publish","type":"product","link":"https:\/\/startfitclub.com\/index.php\/product\/import-placeholder-for-31\/","title":{"rendered":"Pancake protein 750gr"},"content":{"rendered":"<h2><span style=\"font-weight: 400;\">Caracter\u00edsticas<\/span><\/h2>\n<p><span style=\"font-weight: 400;\">Protein Pancake tradicional, es un alimento ideal para acompa\u00f1ar en tu desayuno o consumir en meriendas. Contiene 15 porciones, cada porci\u00f3n aporta 15g de prote\u00edna de suero de leche, 22g de carbohidratos y s\u00f3lo 187 calor\u00edas. Sabor a vainilla, elaborado por Nutramerican Pharma.<\/span><\/p>\n<ul>\n<li style=\"font-weight: 400;\" aria-level=\"1\"><span style=\"font-weight: 400;\">Mezcla para preparar pancakes y waffes de prote\u00edna en polvo 1.65 g.<\/span><\/li>\n<li style=\"font-weight: 400;\" aria-level=\"1\"><span style=\"font-weight: 400;\">22 gramos de prote\u00edna por porci\u00f3n.<\/span><\/li>\n<li style=\"font-weight: 400;\" aria-level=\"1\"><span style=\"font-weight: 400;\">Cero Az\u00facar.<\/span><\/li>\n<li style=\"font-weight: 400;\" aria-level=\"1\"><span style=\"font-weight: 400;\">Contiene gluten.<\/span><\/li>\n<li style=\"font-weight: 400;\" aria-level=\"1\"><span style=\"font-weight: 400;\">187 Calor\u00edas.<\/span><\/li>\n<\/ul>\n<h2><span style=\"font-weight: 400;\">Modo de consumo<\/span><\/h2>\n<p><span style=\"font-weight: 400;\">Mezcle Protein Pancake Tradicional 50 g (1 medidas\/cucharadas) en 90 ml de agua o leche descremada. Cons\u00famalo en el desayuno y\/o como merienda en cualquier momento del d\u00eda, prepare seg\u00fan las siguientes indicaciones: 1 En un recipiente deposite la mezcla y adicione 3\/4 medidas de producto y 1\/2 cucharada de agua, adicione 1 huevo entero. 2 Mezcle hasta homogeneizar. 3 Caliente un sart\u00e9n antiadherente, deposite 1 cucharada de la mezcla anterior, dore por 1 minuto, voltee y deje por 20 segundos, 4 Puede acompa\u00f1ar a su gusto con fruta. Incluye medidor (cuchara dosificadora).<\/span><\/p>\n<h2><span style=\"font-weight: 400;\">Registro Invima<\/span><\/h2>\n<p><b>RSA-0007766-2019.<\/b><\/p>\n","protected":false},"excerpt":{"rendered":"<p><span style=\"font-weight: 400;\">Es una mezcla para preparar deliciosos pancakes y waffles con alto aporte de prote\u00ednas, para personas que desean tener una buena nutrici\u00f3n basada en un consumo apropiado de nutrientes, todo gracias a su avanzada y deliciosa formula. Protein Pancake aporta 22 g de prote\u00edna por servicio.<\/span><\/p>\n","protected":false},"featured_media":1912,"comment_status":"closed","ping_status":"closed","template":"","meta":{"_uag_custom_page_level_css":"","_monsterinsights_skip_tracking":false,"_monsterinsights_sitenote_active":false,"_monsterinsights_sitenote_note":"","_monsterinsights_sitenote_category":0,"_joinchat":[]},"product_brand":[],"product_cat":[21,15],"product_tag":[],"giftcard-category":[],"class_list":{"0":"post-44","1":"product","2":"type-product","3":"status-publish","4":"has-post-thumbnail","6":"product_cat-proteinas","7":"product_cat-uncategorized","8":"pa_sabor-vainilla","10":"first","11":"instock","12":"taxable","13":"shipping-taxable","14":"purchasable","15":"product-type-simple"},"aioseo_notices":[],"uagb_featured_image_src":{"full":["https:\/\/startfitclub.com\/wp-content\/uploads\/2025\/01\/Pancake-protein.png",800,800,false],"thumbnail":["https:\/\/startfitclub.com\/wp-content\/uploads\/2025\/01\/Pancake-protein-150x150.png",150,150,true],"medium":["https:\/\/startfitclub.com\/wp-content\/uploads\/2025\/01\/Pancake-protein-300x300.png",300,300,true],"medium_large":["https:\/\/startfitclub.com\/wp-content\/uploads\/2025\/01\/Pancake-protein-768x768.png",768,768,true],"large":["https:\/\/startfitclub.com\/wp-content\/uploads\/2025\/01\/Pancake-protein.png",800,800,false],"1536x1536":["https:\/\/startfitclub.com\/wp-content\/uploads\/2025\/01\/Pancake-protein.png",800,800,false],"2048x2048":["https:\/\/startfitclub.com\/wp-content\/uploads\/2025\/01\/Pancake-protein.png",800,800,false],"woocommerce_thumbnail":["https:\/\/startfitclub.com\/wp-content\/uploads\/2025\/01\/Pancake-protein-300x300.png",300,300,true],"woocommerce_single":["https:\/\/startfitclub.com\/wp-content\/uploads\/2025\/01\/Pancake-protein-600x600.png",600,600,true],"woocommerce_gallery_thumbnail":["https:\/\/startfitclub.com\/wp-content\/uploads\/2025\/01\/Pancake-protein-100x100.png",100,100,true],"variation_swatches_image_size":["https:\/\/startfitclub.com\/wp-content\/uploads\/2025\/01\/Pancake-protein-50x50.png",50,50,true],"variation_swatches_tooltip_size":["https:\/\/startfitclub.com\/wp-content\/uploads\/2025\/01\/Pancake-protein-100x100.png",100,100,true]},"uagb_author_info":{"display_name":"Polos Company","author_link":"https:\/\/startfitclub.com\/index.php\/author\/"},"uagb_comment_info":0,"uagb_excerpt":"Es una mezcla para preparar deliciosos pancakes y waffles con alto aporte de prote\u00ednas, para personas que desean tener una buena nutrici\u00f3n basada en un consumo apropiado de nutrientes, todo gracias a su avanzada y deliciosa formula. Protein Pancake aporta 22 g de prote\u00edna por servicio.","_links":{"self":[{"href":"https:\/\/startfitclub.com\/index.php\/wp-json\/wp\/v2\/product\/44","targetHints":{"allow":["GET"]}}],"collection":[{"href":"https:\/\/startfitclub.com\/index.php\/wp-json\/wp\/v2\/product"}],"about":[{"href":"https:\/\/startfitclub.com\/index.php\/wp-json\/wp\/v2\/types\/product"}],"replies":[{"embeddable":true,"href":"https:\/\/startfitclub.com\/index.php\/wp-json\/wp\/v2\/comments?post=44"}],"wp:featuredmedia":[{"embeddable":true,"href":"https:\/\/startfitclub.com\/index.php\/wp-json\/wp\/v2\/media\/1912"}],"wp:attachment":[{"href":"https:\/\/startfitclub.com\/index.php\/wp-json\/wp\/v2\/media?parent=44"}],"wp:term":[{"taxonomy":"product_brand","embeddable":true,"href":"https:\/\/startfitclub.com\/index.php\/wp-json\/wp\/v2\/product_brand?post=44"},{"taxonomy":"product_cat","embeddable":true,"href":"https:\/\/startfitclub.com\/index.php\/wp-json\/wp\/v2\/product_cat?post=44"},{"taxonomy":"product_tag","embeddable":true,"href":"https:\/\/startfitclub.com\/index.php\/wp-json\/wp\/v2\/product_tag?post=44"},{"taxonomy":"giftcard-category","embeddable":true,"href":"https:\/\/startfitclub.com\/index.php\/wp-json\/wp\/v2\/giftcard-category?post=44"}],"curies":[{"name":"wp","href":"https:\/\/api.w.org\/{rel}","templated":true}]}}