{"id":45,"date":"2025-01-21T06:14:03","date_gmt":"2025-01-21T06:14:03","guid":{"rendered":"https:\/\/startfitclub.com\/?post_type=product&#038;p=45"},"modified":"2025-04-25T20:57:27","modified_gmt":"2025-04-25T20:57:27","slug":"import-placeholder-for-32","status":"publish","type":"product","link":"https:\/\/startfitclub.com\/index.php\/product\/import-placeholder-for-32\/","title":{"rendered":"Best protein 1LB"},"content":{"rendered":"<p><span style=\"font-weight: 400;\">Alimento en polvo a base de Prote\u00edna aislada de suero 65%, Case\u00edna Micelar 35% y Leucina 3g. 1 servicio de Best (1 Scoop) te brinda 26g de prote\u00edna y 3g de leucina.<\/span><\/p>\n<p><span style=\"font-weight: 400;\">Ingredientes: Prote\u00edna Aislada de Suero, Case\u00edna Micelar, Leucine, Citrato de Sodio, Sabor id\u00e9ntico al Natural, Di\u00f3xido de Silicio (Anticompactante), Goma Xanthan (Espesante), Lecitina (Estabilizante), Carboximetilcelulosa CMC (Estabilizante), Stevia (Edulcorante), Vitamina C, Benzoato de Sodio (Conservante), Vitamina B6 (Piridoxina), Vitamina B1 (Tiamina), Vitamina D3. Contiene: Leche y Soya.<\/span><\/p>\n<p><span style=\"font-weight: 400;\">Modo o m\u00e9todo de consumo o preparaci\u00f3n: Mezclar 1 cuchara medidora (33g) incluida en el empaque del producto en un vaso de agua (200 mL), ag\u00edtese hasta obtener un producto homog\u00e9neo, consumase una vez preparado.<\/span><\/p>\n<p><span style=\"font-weight: 400;\">Registro Sanitario: RSA -0025303-2023.<\/span><\/p>\n","protected":false},"excerpt":{"rendered":"<p><span style=\"font-weight: 400;\">Best protein es un producto alimenticio a base de prote\u00edna de Suero de leche aislada, combinado con case\u00edna micelar y leucina.<\/span><\/p>\n<p><span style=\"font-weight: 400;\">Best protein es una combinaci\u00f3n de una prote\u00edna de absorci\u00f3n r\u00e1pida como lo es la prote\u00edna de suero aislada de leche y case\u00edna micelar, la cual es una prote\u00edna de absorci\u00f3n lenta, con una adici\u00f3n del amino\u00e1cido leucina qui\u00e9n es el amino\u00e1cido que inicia la s\u00edntesis proteica.<\/span><\/p>\n<p><span style=\"font-weight: 400;\">Sabor: Vainilla Gourmet\u00a0 \/ Chocolate Gourmet\u00a0<\/span><\/p>\n","protected":false},"featured_media":1124,"comment_status":"closed","ping_status":"closed","template":"","meta":{"_uag_custom_page_level_css":"","_monsterinsights_skip_tracking":false,"_monsterinsights_sitenote_active":false,"_monsterinsights_sitenote_note":"","_monsterinsights_sitenote_category":0,"_joinchat":[]},"product_brand":[],"product_cat":[21,15],"product_tag":[],"giftcard-category":[],"class_list":{"0":"post-45","1":"product","2":"type-product","3":"status-publish","4":"has-post-thumbnail","6":"product_cat-proteinas","7":"product_cat-uncategorized","8":"pa_sabor-chocolate","9":"pa_sabor-vainilla","11":"first","12":"instock","13":"taxable","14":"shipping-taxable","15":"purchasable","16":"product-type-simple"},"aioseo_notices":[],"uagb_featured_image_src":{"full":["https:\/\/startfitclub.com\/wp-content\/uploads\/2025\/04\/best-protein.png",800,800,false],"thumbnail":["https:\/\/startfitclub.com\/wp-content\/uploads\/2025\/04\/best-protein-150x150.png",150,150,true],"medium":["https:\/\/startfitclub.com\/wp-content\/uploads\/2025\/04\/best-protein-300x300.png",300,300,true],"medium_large":["https:\/\/startfitclub.com\/wp-content\/uploads\/2025\/04\/best-protein-768x768.png",768,768,true],"large":["https:\/\/startfitclub.com\/wp-content\/uploads\/2025\/04\/best-protein.png",800,800,false],"1536x1536":["https:\/\/startfitclub.com\/wp-content\/uploads\/2025\/04\/best-protein.png",800,800,false],"2048x2048":["https:\/\/startfitclub.com\/wp-content\/uploads\/2025\/04\/best-protein.png",800,800,false],"woocommerce_thumbnail":["https:\/\/startfitclub.com\/wp-content\/uploads\/2025\/04\/best-protein-300x300.png",300,300,true],"woocommerce_single":["https:\/\/startfitclub.com\/wp-content\/uploads\/2025\/04\/best-protein-600x600.png",600,600,true],"woocommerce_gallery_thumbnail":["https:\/\/startfitclub.com\/wp-content\/uploads\/2025\/04\/best-protein-100x100.png",100,100,true],"variation_swatches_image_size":["https:\/\/startfitclub.com\/wp-content\/uploads\/2025\/04\/best-protein-50x50.png",50,50,true],"variation_swatches_tooltip_size":["https:\/\/startfitclub.com\/wp-content\/uploads\/2025\/04\/best-protein-100x100.png",100,100,true]},"uagb_author_info":{"display_name":"Polos Company","author_link":"https:\/\/startfitclub.com\/index.php\/author\/"},"uagb_comment_info":0,"uagb_excerpt":"Best protein es un producto alimenticio a base de prote\u00edna de Suero de leche aislada, combinado con case\u00edna micelar y leucina. Best protein es una combinaci\u00f3n de una prote\u00edna de absorci\u00f3n r\u00e1pida como lo es la prote\u00edna de suero aislada de leche y case\u00edna micelar, la cual es una prote\u00edna de absorci\u00f3n lenta, con una&hellip;","_links":{"self":[{"href":"https:\/\/startfitclub.com\/index.php\/wp-json\/wp\/v2\/product\/45","targetHints":{"allow":["GET"]}}],"collection":[{"href":"https:\/\/startfitclub.com\/index.php\/wp-json\/wp\/v2\/product"}],"about":[{"href":"https:\/\/startfitclub.com\/index.php\/wp-json\/wp\/v2\/types\/product"}],"replies":[{"embeddable":true,"href":"https:\/\/startfitclub.com\/index.php\/wp-json\/wp\/v2\/comments?post=45"}],"wp:featuredmedia":[{"embeddable":true,"href":"https:\/\/startfitclub.com\/index.php\/wp-json\/wp\/v2\/media\/1124"}],"wp:attachment":[{"href":"https:\/\/startfitclub.com\/index.php\/wp-json\/wp\/v2\/media?parent=45"}],"wp:term":[{"taxonomy":"product_brand","embeddable":true,"href":"https:\/\/startfitclub.com\/index.php\/wp-json\/wp\/v2\/product_brand?post=45"},{"taxonomy":"product_cat","embeddable":true,"href":"https:\/\/startfitclub.com\/index.php\/wp-json\/wp\/v2\/product_cat?post=45"},{"taxonomy":"product_tag","embeddable":true,"href":"https:\/\/startfitclub.com\/index.php\/wp-json\/wp\/v2\/product_tag?post=45"},{"taxonomy":"giftcard-category","embeddable":true,"href":"https:\/\/startfitclub.com\/index.php\/wp-json\/wp\/v2\/giftcard-category?post=45"}],"curies":[{"name":"wp","href":"https:\/\/api.w.org\/{rel}","templated":true}]}}