{"id":46,"date":"2025-01-21T06:14:03","date_gmt":"2025-01-21T06:14:03","guid":{"rendered":"https:\/\/startfitclub.com\/?post_type=product&#038;p=46"},"modified":"2025-04-25T21:06:24","modified_gmt":"2025-04-25T21:06:24","slug":"import-placeholder-for-33","status":"publish","type":"product","link":"https:\/\/startfitclub.com\/index.php\/product\/import-placeholder-for-33\/","title":{"rendered":"Best protein 2LB"},"content":{"rendered":"<p>Ingredientes: Prote\u00edna Aislada de Suero, Case\u00edna Micelar, Leucine, Citrato de Sodio, Sabor id\u00e9ntico al Natural, Di\u00f3xido de Silicio (Anticompactante), Goma Xanthan (Espesante), Lecitina (Estabilizante), Carboximetilcelulosa CMC (Estabilizante), Stevia (Edulcorante), Vitamina C, Benzoato de Sodio (Conservante), Vitamina B6 (Piridoxina), Vitamina B1 (Tiamina), Vitamina D3. Contiene: Leche y Soya.<\/p>\n<p>Servicios: 28 Porciones por envase.<\/p>\n<p>Modo o m\u00e9todo de consumo o preparaci\u00f3n: Mezclar 1 cuchara medidora (33g) incluida en el empaque del producto en un vaso de agua (200 mL), ag\u00edtese hasta obtener un producto homog\u00e9neo, consumase una vez preparado.<\/p>\n<p>Registro Sanitario: RSA -0025303-2023.<\/p>\n<p>&nbsp;<\/p>\n","protected":false},"excerpt":{"rendered":"<p>Alimento en polvo a base de Prote\u00edna aislada de suero 65%, Case\u00edna Micelar 35% y Leucina 3g. 1 servicio de Best (1 Scoop) te brinda 26g de prote\u00edna y 3g de leucina.<\/p>\n<p>Sabor: Vainilla Gourmet \/ Coco \/ Chocolate Gourmet \/ Fresa \/ Arequipe.<\/p>\n","protected":false},"featured_media":1125,"comment_status":"closed","ping_status":"closed","template":"","meta":{"_uag_custom_page_level_css":"","_monsterinsights_skip_tracking":false,"_monsterinsights_sitenote_active":false,"_monsterinsights_sitenote_note":"","_monsterinsights_sitenote_category":0,"_joinchat":[]},"product_brand":[],"product_cat":[21,15],"product_tag":[],"giftcard-category":[],"class_list":{"0":"post-46","1":"product","2":"type-product","3":"status-publish","4":"has-post-thumbnail","6":"product_cat-proteinas","7":"product_cat-uncategorized","8":"pa_sabor-arequipe","9":"pa_sabor-chocolate","10":"pa_sabor-coco","11":"pa_sabor-fresa","12":"pa_sabor-vainilla","14":"first","15":"instock","16":"taxable","17":"shipping-taxable","18":"purchasable","19":"product-type-simple"},"aioseo_notices":[],"uagb_featured_image_src":{"full":["https:\/\/startfitclub.com\/wp-content\/uploads\/2025\/04\/best-protein-2L.png",800,800,false],"thumbnail":["https:\/\/startfitclub.com\/wp-content\/uploads\/2025\/04\/best-protein-2L-150x150.png",150,150,true],"medium":["https:\/\/startfitclub.com\/wp-content\/uploads\/2025\/04\/best-protein-2L-300x300.png",300,300,true],"medium_large":["https:\/\/startfitclub.com\/wp-content\/uploads\/2025\/04\/best-protein-2L-768x768.png",768,768,true],"large":["https:\/\/startfitclub.com\/wp-content\/uploads\/2025\/04\/best-protein-2L.png",800,800,false],"1536x1536":["https:\/\/startfitclub.com\/wp-content\/uploads\/2025\/04\/best-protein-2L.png",800,800,false],"2048x2048":["https:\/\/startfitclub.com\/wp-content\/uploads\/2025\/04\/best-protein-2L.png",800,800,false],"woocommerce_thumbnail":["https:\/\/startfitclub.com\/wp-content\/uploads\/2025\/04\/best-protein-2L-300x300.png",300,300,true],"woocommerce_single":["https:\/\/startfitclub.com\/wp-content\/uploads\/2025\/04\/best-protein-2L-600x600.png",600,600,true],"woocommerce_gallery_thumbnail":["https:\/\/startfitclub.com\/wp-content\/uploads\/2025\/04\/best-protein-2L-100x100.png",100,100,true],"variation_swatches_image_size":["https:\/\/startfitclub.com\/wp-content\/uploads\/2025\/04\/best-protein-2L-50x50.png",50,50,true],"variation_swatches_tooltip_size":["https:\/\/startfitclub.com\/wp-content\/uploads\/2025\/04\/best-protein-2L-100x100.png",100,100,true]},"uagb_author_info":{"display_name":"Polos Company","author_link":"https:\/\/startfitclub.com\/index.php\/author\/"},"uagb_comment_info":0,"uagb_excerpt":"Alimento en polvo a base de Prote\u00edna aislada de suero 65%, Case\u00edna Micelar 35% y Leucina 3g. 1 servicio de Best (1 Scoop) te brinda 26g de prote\u00edna y 3g de leucina. Sabor: Vainilla Gourmet \/ Coco \/ Chocolate Gourmet \/ Fresa \/ Arequipe.","_links":{"self":[{"href":"https:\/\/startfitclub.com\/index.php\/wp-json\/wp\/v2\/product\/46","targetHints":{"allow":["GET"]}}],"collection":[{"href":"https:\/\/startfitclub.com\/index.php\/wp-json\/wp\/v2\/product"}],"about":[{"href":"https:\/\/startfitclub.com\/index.php\/wp-json\/wp\/v2\/types\/product"}],"replies":[{"embeddable":true,"href":"https:\/\/startfitclub.com\/index.php\/wp-json\/wp\/v2\/comments?post=46"}],"wp:featuredmedia":[{"embeddable":true,"href":"https:\/\/startfitclub.com\/index.php\/wp-json\/wp\/v2\/media\/1125"}],"wp:attachment":[{"href":"https:\/\/startfitclub.com\/index.php\/wp-json\/wp\/v2\/media?parent=46"}],"wp:term":[{"taxonomy":"product_brand","embeddable":true,"href":"https:\/\/startfitclub.com\/index.php\/wp-json\/wp\/v2\/product_brand?post=46"},{"taxonomy":"product_cat","embeddable":true,"href":"https:\/\/startfitclub.com\/index.php\/wp-json\/wp\/v2\/product_cat?post=46"},{"taxonomy":"product_tag","embeddable":true,"href":"https:\/\/startfitclub.com\/index.php\/wp-json\/wp\/v2\/product_tag?post=46"},{"taxonomy":"giftcard-category","embeddable":true,"href":"https:\/\/startfitclub.com\/index.php\/wp-json\/wp\/v2\/giftcard-category?post=46"}],"curies":[{"name":"wp","href":"https:\/\/api.w.org\/{rel}","templated":true}]}}