{"id":49,"date":"2025-01-21T06:14:03","date_gmt":"2025-01-21T06:14:03","guid":{"rendered":"https:\/\/startfitclub.com\/?post_type=product&#038;p=49"},"modified":"2025-04-27T17:08:37","modified_gmt":"2025-04-27T17:08:37","slug":"import-placeholder-for-36","status":"publish","type":"product","link":"https:\/\/startfitclub.com\/index.php\/product\/import-placeholder-for-36\/","title":{"rendered":"Smart gainer 3LB"},"content":{"rendered":"<p>SMART es un producto alimenticio a base de Harina de Avena y Amilopectina, los cuales son dos fuentes ideales de carbohidratos complejos, mezclados con Prote\u00edna de Suero de Leche y Case\u00edna.<\/p>\n<p>\u00c9ste es un producto considerado hipercal\u00f3rico ya que SMART aporta por servicio 910 calor\u00edas y es excelente para aquellas personas que necesitan m\u00e1s calor\u00edas para obtener resultados y no logran su requerimiento cal\u00f3rico a partir de la alimentaci\u00f3n.<\/p>\n<p>Servicios: 11 Porciones por envase.<\/p>\n<p>Sabor: Vainilla \/ Chocolate<\/p>\n","protected":false},"excerpt":{"rendered":"<p>Ingredientes: Harina de Avena, Amilopectina, Prote\u00edna de Suero de Leche, Case\u00edna de Leche, Sabor Id\u00e9ntico al Natural, Carboximetilcelulosa CMC (Estabilizante), Lecitina de Soya (Estabilizante), Goma Xanthan (Espesante), Edulcorante Natural (Stevia), Di\u00f3xido de Silicio (Anticompactante) (1000mg\/Kg), Omega 3, Vitamina C (\u00c1cido Asc\u00f3rbico), Lactasa en Polvo, Citrato de Zinc, Vitamina B6 (Piridoxina), Vitamina B1 (Tiamina), Vitamina D3. Contiene: Leche y Soya.<\/p>\n<p>Modo o M\u00e9todo de Consumo o Preparaci\u00f3n: Mezclar 6 cucharas medidoras (246 g) incluida en el empaque del producto en 3.5 vasos de agua (700 mL), ag\u00edtese hasta obtener un producto homog\u00e9neo. Consumase una vez preparado.<\/p>\n<p>Registro Sanitario: RSA:0021601-2022<\/p>\n","protected":false},"featured_media":1128,"comment_status":"closed","ping_status":"closed","template":"","meta":{"_uag_custom_page_level_css":"","_monsterinsights_skip_tracking":false,"_monsterinsights_sitenote_active":false,"_monsterinsights_sitenote_note":"","_monsterinsights_sitenote_category":0,"_joinchat":[]},"product_brand":[],"product_cat":[21,15],"product_tag":[],"giftcard-category":[],"class_list":{"0":"post-49","1":"product","2":"type-product","3":"status-publish","4":"has-post-thumbnail","6":"product_cat-proteinas","7":"product_cat-uncategorized","8":"pa_sabor-chocolate","9":"pa_sabor-vainilla","11":"first","12":"instock","13":"taxable","14":"shipping-taxable","15":"purchasable","16":"product-type-simple"},"aioseo_notices":[],"uagb_featured_image_src":{"full":["https:\/\/startfitclub.com\/wp-content\/uploads\/2025\/04\/smart-gainer.png",443,563,false],"thumbnail":["https:\/\/startfitclub.com\/wp-content\/uploads\/2025\/04\/smart-gainer-150x150.png",150,150,true],"medium":["https:\/\/startfitclub.com\/wp-content\/uploads\/2025\/04\/smart-gainer-236x300.png",236,300,true],"medium_large":["https:\/\/startfitclub.com\/wp-content\/uploads\/2025\/04\/smart-gainer.png",443,563,false],"large":["https:\/\/startfitclub.com\/wp-content\/uploads\/2025\/04\/smart-gainer.png",443,563,false],"1536x1536":["https:\/\/startfitclub.com\/wp-content\/uploads\/2025\/04\/smart-gainer.png",443,563,false],"2048x2048":["https:\/\/startfitclub.com\/wp-content\/uploads\/2025\/04\/smart-gainer.png",443,563,false],"woocommerce_thumbnail":["https:\/\/startfitclub.com\/wp-content\/uploads\/2025\/04\/smart-gainer-300x300.png",300,300,true],"woocommerce_single":["https:\/\/startfitclub.com\/wp-content\/uploads\/2025\/04\/smart-gainer.png",443,563,false],"woocommerce_gallery_thumbnail":["https:\/\/startfitclub.com\/wp-content\/uploads\/2025\/04\/smart-gainer-100x100.png",100,100,true],"variation_swatches_image_size":["https:\/\/startfitclub.com\/wp-content\/uploads\/2025\/04\/smart-gainer-50x50.png",50,50,true],"variation_swatches_tooltip_size":["https:\/\/startfitclub.com\/wp-content\/uploads\/2025\/04\/smart-gainer-100x100.png",100,100,true]},"uagb_author_info":{"display_name":"Polos Company","author_link":"https:\/\/startfitclub.com\/index.php\/author\/"},"uagb_comment_info":0,"uagb_excerpt":"Ingredientes: Harina de Avena, Amilopectina, Prote\u00edna de Suero de Leche, Case\u00edna de Leche, Sabor Id\u00e9ntico al Natural, Carboximetilcelulosa CMC (Estabilizante), Lecitina de Soya (Estabilizante), Goma Xanthan (Espesante), Edulcorante Natural (Stevia), Di\u00f3xido de Silicio (Anticompactante) (1000mg\/Kg), Omega 3, Vitamina C (\u00c1cido Asc\u00f3rbico), Lactasa en Polvo, Citrato de Zinc, Vitamina B6 (Piridoxina), Vitamina B1 (Tiamina), Vitamina D3.&hellip;","_links":{"self":[{"href":"https:\/\/startfitclub.com\/index.php\/wp-json\/wp\/v2\/product\/49","targetHints":{"allow":["GET"]}}],"collection":[{"href":"https:\/\/startfitclub.com\/index.php\/wp-json\/wp\/v2\/product"}],"about":[{"href":"https:\/\/startfitclub.com\/index.php\/wp-json\/wp\/v2\/types\/product"}],"replies":[{"embeddable":true,"href":"https:\/\/startfitclub.com\/index.php\/wp-json\/wp\/v2\/comments?post=49"}],"wp:featuredmedia":[{"embeddable":true,"href":"https:\/\/startfitclub.com\/index.php\/wp-json\/wp\/v2\/media\/1128"}],"wp:attachment":[{"href":"https:\/\/startfitclub.com\/index.php\/wp-json\/wp\/v2\/media?parent=49"}],"wp:term":[{"taxonomy":"product_brand","embeddable":true,"href":"https:\/\/startfitclub.com\/index.php\/wp-json\/wp\/v2\/product_brand?post=49"},{"taxonomy":"product_cat","embeddable":true,"href":"https:\/\/startfitclub.com\/index.php\/wp-json\/wp\/v2\/product_cat?post=49"},{"taxonomy":"product_tag","embeddable":true,"href":"https:\/\/startfitclub.com\/index.php\/wp-json\/wp\/v2\/product_tag?post=49"},{"taxonomy":"giftcard-category","embeddable":true,"href":"https:\/\/startfitclub.com\/index.php\/wp-json\/wp\/v2\/giftcard-category?post=49"}],"curies":[{"name":"wp","href":"https:\/\/api.w.org\/{rel}","templated":true}]}}