{"id":54,"date":"2025-01-21T06:38:27","date_gmt":"2025-01-21T06:38:27","guid":{"rendered":"https:\/\/startfitclub.com\/index.php\/product\/producto-12\/"},"modified":"2025-06-07T06:07:33","modified_gmt":"2025-06-07T06:07:33","slug":"producto-12","status":"publish","type":"product","link":"https:\/\/startfitclub.com\/index.php\/product\/producto-12\/","title":{"rendered":"Smart gainer 13 LB"},"content":{"rendered":"<p>Modo o m\u00e9todo de consumo o preparaci\u00f3n: Mezclar 6 cucharas medidoras (246 g) incluida en el empaque del producto en 3.5 vasos de agua (700 mL), ag\u00edtese hasta obtener un producto homog\u00e9neo. Consumase una vez preparado.<\/p>\n<p>Ingredientes: Harina de Avena, Amilopectina, Prote\u00edna de Suero de Leche, Case\u00edna de Leche, Sabor Id\u00e9ntico al Natural, Carboximetilcelulosa CMC (Estabilizante), Lecitina de Soya (Estabilizante), Goma Xanthan (Espesante), Edulcorante Natural (Stevia), Di\u00f3xido de Silicio (Anticompactante) (1000mg\/Kg), Omega 3, Vitamina C (\u00c1cido Asc\u00f3rbico), Lactasa en Polvo, Citrato de Zinc, Vitamina B6 (Piridoxina), Vitamina B1 (Tiamina), Vitamina D3. Contiene: Leche y Soya.<\/p>\n<p>M\u00e9todo de conservaci\u00f3n: Almacenar bien cerrado en su empaque original, en un lugar fresco a temperatura inferior a 30\u00b0C y humedad relativa inferior a 75%. No introducir elementos h\u00famedos, despu\u00e9s de abierto consumase en el menor tiempo posible.<\/p>\n<p>Registro Sanitario: RSA:0021601-2022.<\/p>\n","protected":false},"excerpt":{"rendered":"<p><span style=\"font-weight: 400;\">Alimento en Polvo a base de Harina de Avena con Amilopectina, Prote\u00edna de Suero de Leche.<\/span><\/p>\n<p><span style=\"font-size: 1rem;\">Sabor: Gourmet Vainilla \/ Gourmet Chocolate.<\/span><\/p>\n","protected":false},"featured_media":1130,"comment_status":"open","ping_status":"closed","template":"","meta":{"_uag_custom_page_level_css":"","_monsterinsights_skip_tracking":false,"_monsterinsights_sitenote_active":false,"_monsterinsights_sitenote_note":"","_monsterinsights_sitenote_category":0,"_joinchat":[]},"product_brand":[],"product_cat":[21,15],"product_tag":[],"giftcard-category":[],"class_list":{"0":"post-54","1":"product","2":"type-product","3":"status-publish","4":"has-post-thumbnail","6":"product_cat-proteinas","7":"product_cat-uncategorized","8":"pa_sabor-chocolate","9":"pa_sabor-vainilla","11":"first","12":"instock","13":"taxable","14":"shipping-taxable","15":"purchasable","16":"product-type-simple"},"aioseo_notices":[],"uagb_featured_image_src":{"full":["https:\/\/startfitclub.com\/wp-content\/uploads\/2025\/04\/Smart.png",1000,1000,false],"thumbnail":["https:\/\/startfitclub.com\/wp-content\/uploads\/2025\/04\/Smart-150x150.png",150,150,true],"medium":["https:\/\/startfitclub.com\/wp-content\/uploads\/2025\/04\/Smart-300x300.png",300,300,true],"medium_large":["https:\/\/startfitclub.com\/wp-content\/uploads\/2025\/04\/Smart-768x768.png",768,768,true],"large":["https:\/\/startfitclub.com\/wp-content\/uploads\/2025\/04\/Smart.png",1000,1000,false],"1536x1536":["https:\/\/startfitclub.com\/wp-content\/uploads\/2025\/04\/Smart.png",1000,1000,false],"2048x2048":["https:\/\/startfitclub.com\/wp-content\/uploads\/2025\/04\/Smart.png",1000,1000,false],"woocommerce_thumbnail":["https:\/\/startfitclub.com\/wp-content\/uploads\/2025\/04\/Smart-300x300.png",300,300,true],"woocommerce_single":["https:\/\/startfitclub.com\/wp-content\/uploads\/2025\/04\/Smart-600x600.png",600,600,true],"woocommerce_gallery_thumbnail":["https:\/\/startfitclub.com\/wp-content\/uploads\/2025\/04\/Smart-100x100.png",100,100,true],"variation_swatches_image_size":["https:\/\/startfitclub.com\/wp-content\/uploads\/2025\/04\/Smart-50x50.png",50,50,true],"variation_swatches_tooltip_size":["https:\/\/startfitclub.com\/wp-content\/uploads\/2025\/04\/Smart-100x100.png",100,100,true]},"uagb_author_info":{"display_name":"Polos Company","author_link":"https:\/\/startfitclub.com\/index.php\/author\/"},"uagb_comment_info":0,"uagb_excerpt":"Alimento en Polvo a base de Harina de Avena con Amilopectina, Prote\u00edna de Suero de Leche. Sabor: Gourmet Vainilla \/ Gourmet Chocolate.","_links":{"self":[{"href":"https:\/\/startfitclub.com\/index.php\/wp-json\/wp\/v2\/product\/54","targetHints":{"allow":["GET"]}}],"collection":[{"href":"https:\/\/startfitclub.com\/index.php\/wp-json\/wp\/v2\/product"}],"about":[{"href":"https:\/\/startfitclub.com\/index.php\/wp-json\/wp\/v2\/types\/product"}],"replies":[{"embeddable":true,"href":"https:\/\/startfitclub.com\/index.php\/wp-json\/wp\/v2\/comments?post=54"}],"wp:featuredmedia":[{"embeddable":true,"href":"https:\/\/startfitclub.com\/index.php\/wp-json\/wp\/v2\/media\/1130"}],"wp:attachment":[{"href":"https:\/\/startfitclub.com\/index.php\/wp-json\/wp\/v2\/media?parent=54"}],"wp:term":[{"taxonomy":"product_brand","embeddable":true,"href":"https:\/\/startfitclub.com\/index.php\/wp-json\/wp\/v2\/product_brand?post=54"},{"taxonomy":"product_cat","embeddable":true,"href":"https:\/\/startfitclub.com\/index.php\/wp-json\/wp\/v2\/product_cat?post=54"},{"taxonomy":"product_tag","embeddable":true,"href":"https:\/\/startfitclub.com\/index.php\/wp-json\/wp\/v2\/product_tag?post=54"},{"taxonomy":"giftcard-category","embeddable":true,"href":"https:\/\/startfitclub.com\/index.php\/wp-json\/wp\/v2\/giftcard-category?post=54"}],"curies":[{"name":"wp","href":"https:\/\/api.w.org\/{rel}","templated":true}]}}