{"id":540,"date":"2025-02-13T06:21:45","date_gmt":"2025-02-13T06:21:45","guid":{"rendered":"https:\/\/startfitclub.com\/?post_type=product&#038;p=540"},"modified":"2025-07-29T03:03:33","modified_gmt":"2025-07-29T03:03:33","slug":"reaction","status":"publish","type":"product","link":"https:\/\/startfitclub.com\/index.php\/product\/reaction\/","title":{"rendered":"Quemador Reaction &#8211; Smart muscle"},"content":{"rendered":"<p>Aca esta va una descripcion mas detallada del producto<\/p>\n","protected":false},"excerpt":{"rendered":"<p>SMART MUSCLE &#8211; Grape &#8211; 60 Servicios<\/p>\n<p>&nbsp;<\/p>\n<p>Reaction de smart muscle es un coctel de 20 ingredientes activos combinados estrat\u00e9gicamente para promover la oxidaci\u00f3n de grasa y mejorar la energ\u00eda y el desempe\u00f1o deportivo.<\/p>\n<p>Formula \u00fanica y comprobada cient\u00edficamente para que puedas potenciar tus resultados en tonificaci\u00f3n \u00f3 definici\u00f3n muscular, en complemento con tu rutina de alimentaci\u00f3n y entrenamiento<\/p>\n","protected":false},"featured_media":1819,"comment_status":"open","ping_status":"closed","template":"","meta":{"_uag_custom_page_level_css":"","_monsterinsights_skip_tracking":false,"_monsterinsights_sitenote_active":false,"_monsterinsights_sitenote_note":"","_monsterinsights_sitenote_category":0,"_joinchat":[]},"product_brand":[],"product_cat":[25,15],"product_tag":[],"giftcard-category":[],"class_list":{"0":"post-540","1":"product","2":"type-product","3":"status-publish","4":"has-post-thumbnail","6":"product_cat-quemadores","7":"product_cat-uncategorized","9":"first","10":"instock","11":"taxable","12":"shipping-taxable","13":"purchasable","14":"product-type-simple"},"aioseo_notices":[],"uagb_featured_image_src":{"full":["https:\/\/startfitclub.com\/wp-content\/uploads\/2025\/02\/reaction.png",1536,1536,false],"thumbnail":["https:\/\/startfitclub.com\/wp-content\/uploads\/2025\/02\/reaction-150x150.png",150,150,true],"medium":["https:\/\/startfitclub.com\/wp-content\/uploads\/2025\/02\/reaction-300x300.png",300,300,true],"medium_large":["https:\/\/startfitclub.com\/wp-content\/uploads\/2025\/02\/reaction-768x768.png",768,768,true],"large":["https:\/\/startfitclub.com\/wp-content\/uploads\/2025\/02\/reaction-1024x1024.png",1024,1024,true],"1536x1536":["https:\/\/startfitclub.com\/wp-content\/uploads\/2025\/02\/reaction.png",1536,1536,false],"2048x2048":["https:\/\/startfitclub.com\/wp-content\/uploads\/2025\/02\/reaction.png",1536,1536,false],"woocommerce_thumbnail":["https:\/\/startfitclub.com\/wp-content\/uploads\/2025\/02\/reaction-300x300.png",300,300,true],"woocommerce_single":["https:\/\/startfitclub.com\/wp-content\/uploads\/2025\/02\/reaction-600x600.png",600,600,true],"woocommerce_gallery_thumbnail":["https:\/\/startfitclub.com\/wp-content\/uploads\/2025\/02\/reaction-100x100.png",100,100,true],"variation_swatches_image_size":["https:\/\/startfitclub.com\/wp-content\/uploads\/2025\/02\/reaction-50x50.png",50,50,true],"variation_swatches_tooltip_size":["https:\/\/startfitclub.com\/wp-content\/uploads\/2025\/02\/reaction-100x100.png",100,100,true]},"uagb_author_info":{"display_name":"Polos Company","author_link":"https:\/\/startfitclub.com\/index.php\/author\/"},"uagb_comment_info":0,"uagb_excerpt":"SMART MUSCLE - Grape - 60 Servicios &nbsp; Reaction de smart muscle es un coctel de 20 ingredientes activos combinados estrat\u00e9gicamente para promover la oxidaci\u00f3n de grasa y mejorar la energ\u00eda y el desempe\u00f1o deportivo. Formula \u00fanica y comprobada cient\u00edficamente para que puedas potenciar tus resultados en tonificaci\u00f3n \u00f3 definici\u00f3n muscular, en complemento con tu&hellip;","_links":{"self":[{"href":"https:\/\/startfitclub.com\/index.php\/wp-json\/wp\/v2\/product\/540","targetHints":{"allow":["GET"]}}],"collection":[{"href":"https:\/\/startfitclub.com\/index.php\/wp-json\/wp\/v2\/product"}],"about":[{"href":"https:\/\/startfitclub.com\/index.php\/wp-json\/wp\/v2\/types\/product"}],"replies":[{"embeddable":true,"href":"https:\/\/startfitclub.com\/index.php\/wp-json\/wp\/v2\/comments?post=540"}],"wp:featuredmedia":[{"embeddable":true,"href":"https:\/\/startfitclub.com\/index.php\/wp-json\/wp\/v2\/media\/1819"}],"wp:attachment":[{"href":"https:\/\/startfitclub.com\/index.php\/wp-json\/wp\/v2\/media?parent=540"}],"wp:term":[{"taxonomy":"product_brand","embeddable":true,"href":"https:\/\/startfitclub.com\/index.php\/wp-json\/wp\/v2\/product_brand?post=540"},{"taxonomy":"product_cat","embeddable":true,"href":"https:\/\/startfitclub.com\/index.php\/wp-json\/wp\/v2\/product_cat?post=540"},{"taxonomy":"product_tag","embeddable":true,"href":"https:\/\/startfitclub.com\/index.php\/wp-json\/wp\/v2\/product_tag?post=540"},{"taxonomy":"giftcard-category","embeddable":true,"href":"https:\/\/startfitclub.com\/index.php\/wp-json\/wp\/v2\/giftcard-category?post=540"}],"curies":[{"name":"wp","href":"https:\/\/api.w.org\/{rel}","templated":true}]}}