{"id":55,"date":"2025-01-21T06:38:27","date_gmt":"2025-01-21T06:38:27","guid":{"rendered":"https:\/\/startfitclub.com\/index.php\/product\/producto-13\/"},"modified":"2025-06-07T06:12:25","modified_gmt":"2025-06-07T06:12:25","slug":"producto-13","status":"publish","type":"product","link":"https:\/\/startfitclub.com\/index.php\/product\/producto-13\/","title":{"rendered":"Best Vegan 2 LB"},"content":{"rendered":"<p><span style=\"font-weight: 400;\">Alimento en polvo a base de prote\u00edna de arveja con BCAA, enriquecido con vitaminas y minerales sabor chocolate y vainilla.<\/span><\/p>\n<p><span style=\"font-weight: 400;\">Ingredientes: Prote\u00edna de Arveja, Prote\u00edna de Arroz Org\u00e1nica, BCAA (L-Leucina, L-Isoleucina, L- Valina), Leche de Coco en Polvo, Cocoa, Sabor Id\u00e9ntico al Natural (Chocolate), Goma Xanthan (Espesante), Edulcorante Natural (Stevia), Vitamina C (\u00c1cido Asc\u00f3rbico), Citrato de Sodio, Fumarato Ferroso, Vitamina E, Lactobacillus Paracasei (Cultivo Probi\u00f3tico), Vitamina B6 (Piridoxina), Biotina, Vitamina B1 (Tiamina), Betacaroteno, Vitamina D3.<\/span><\/p>\n<p><span style=\"font-weight: 400;\">Modo o M\u00e9todo de Consumo o Preparaci\u00f3n: Mezclar 1 cuchara medidora (35 g) incluida en el empaque en 1.5 vasos de agua (300 mL), ag\u00edtese hasta obtener un producto homog\u00e9neo. Consumase una vez preparado.<\/span><\/p>\n<p><span style=\"font-weight: 400;\">Notificaci\u00f3n Sanitaria: RSA-0015967-2021.<\/span><\/p>\n","protected":false},"excerpt":{"rendered":"<p><span style=\"font-weight: 400;\">BEST VEGAN es un producto alimenticio a base de prote\u00edna vegetal, en una combinaci\u00f3n de arroz y arveja fortificado con los amino\u00e1cidos esenciales: leucina, isoleucina, valina, tambi\u00e9n llamados BCAA, as\u00ed como vitaminas y minerales.<\/span><\/p>\n<p><span style=\"font-weight: 400;\">Este producto BEST VEGAN es ideal en cualquier poblaci\u00f3n para mejorar el contenido proteico de la dieta y \u00f3ptimo para personas que no gustan del <\/span><span style=\"font-weight: 400;\">consumo de la prote\u00edna animal y que basan su alimentaci\u00f3n principalmente de fuentes vegetales.<\/span><\/p>\n<p><span style=\"font-weight: 400;\">Alimento en polvo a base de prote\u00edna de arveja con BCAA, enriquecido con vitaminas y minerales sabor chocolate y vainilla.<\/span><\/p>\n<p><span style=\"font-weight: 400;\">Servicios: 28 Porciones por envase.<\/span><\/p>\n<p><span style=\"font-weight: 400;\">Sabor: Chocolate \/ Vainilla.<\/span><\/p>\n","protected":false},"featured_media":1131,"comment_status":"open","ping_status":"closed","template":"","meta":{"_uag_custom_page_level_css":"","_monsterinsights_skip_tracking":false,"_monsterinsights_sitenote_active":false,"_monsterinsights_sitenote_note":"","_monsterinsights_sitenote_category":0,"_joinchat":[]},"product_brand":[],"product_cat":[21,15],"product_tag":[],"giftcard-category":[],"class_list":{"0":"post-55","1":"product","2":"type-product","3":"status-publish","4":"has-post-thumbnail","6":"product_cat-proteinas","7":"product_cat-uncategorized","9":"first","10":"instock","11":"taxable","12":"shipping-taxable","13":"purchasable","14":"product-type-simple"},"aioseo_notices":[],"uagb_featured_image_src":{"full":["https:\/\/startfitclub.com\/wp-content\/uploads\/2025\/04\/Best-vegan.png",1000,1000,false],"thumbnail":["https:\/\/startfitclub.com\/wp-content\/uploads\/2025\/04\/Best-vegan-150x150.png",150,150,true],"medium":["https:\/\/startfitclub.com\/wp-content\/uploads\/2025\/04\/Best-vegan-300x300.png",300,300,true],"medium_large":["https:\/\/startfitclub.com\/wp-content\/uploads\/2025\/04\/Best-vegan-768x768.png",768,768,true],"large":["https:\/\/startfitclub.com\/wp-content\/uploads\/2025\/04\/Best-vegan.png",1000,1000,false],"1536x1536":["https:\/\/startfitclub.com\/wp-content\/uploads\/2025\/04\/Best-vegan.png",1000,1000,false],"2048x2048":["https:\/\/startfitclub.com\/wp-content\/uploads\/2025\/04\/Best-vegan.png",1000,1000,false],"woocommerce_thumbnail":["https:\/\/startfitclub.com\/wp-content\/uploads\/2025\/04\/Best-vegan-300x300.png",300,300,true],"woocommerce_single":["https:\/\/startfitclub.com\/wp-content\/uploads\/2025\/04\/Best-vegan-600x600.png",600,600,true],"woocommerce_gallery_thumbnail":["https:\/\/startfitclub.com\/wp-content\/uploads\/2025\/04\/Best-vegan-100x100.png",100,100,true],"variation_swatches_image_size":["https:\/\/startfitclub.com\/wp-content\/uploads\/2025\/04\/Best-vegan-50x50.png",50,50,true],"variation_swatches_tooltip_size":["https:\/\/startfitclub.com\/wp-content\/uploads\/2025\/04\/Best-vegan-100x100.png",100,100,true]},"uagb_author_info":{"display_name":"Polos Company","author_link":"https:\/\/startfitclub.com\/index.php\/author\/"},"uagb_comment_info":0,"uagb_excerpt":"BEST VEGAN es un producto alimenticio a base de prote\u00edna vegetal, en una combinaci\u00f3n de arroz y arveja fortificado con los amino\u00e1cidos esenciales: leucina, isoleucina, valina, tambi\u00e9n llamados BCAA, as\u00ed como vitaminas y minerales. Este producto BEST VEGAN es ideal en cualquier poblaci\u00f3n para mejorar el contenido proteico de la dieta y \u00f3ptimo para personas&hellip;","_links":{"self":[{"href":"https:\/\/startfitclub.com\/index.php\/wp-json\/wp\/v2\/product\/55","targetHints":{"allow":["GET"]}}],"collection":[{"href":"https:\/\/startfitclub.com\/index.php\/wp-json\/wp\/v2\/product"}],"about":[{"href":"https:\/\/startfitclub.com\/index.php\/wp-json\/wp\/v2\/types\/product"}],"replies":[{"embeddable":true,"href":"https:\/\/startfitclub.com\/index.php\/wp-json\/wp\/v2\/comments?post=55"}],"wp:featuredmedia":[{"embeddable":true,"href":"https:\/\/startfitclub.com\/index.php\/wp-json\/wp\/v2\/media\/1131"}],"wp:attachment":[{"href":"https:\/\/startfitclub.com\/index.php\/wp-json\/wp\/v2\/media?parent=55"}],"wp:term":[{"taxonomy":"product_brand","embeddable":true,"href":"https:\/\/startfitclub.com\/index.php\/wp-json\/wp\/v2\/product_brand?post=55"},{"taxonomy":"product_cat","embeddable":true,"href":"https:\/\/startfitclub.com\/index.php\/wp-json\/wp\/v2\/product_cat?post=55"},{"taxonomy":"product_tag","embeddable":true,"href":"https:\/\/startfitclub.com\/index.php\/wp-json\/wp\/v2\/product_tag?post=55"},{"taxonomy":"giftcard-category","embeddable":true,"href":"https:\/\/startfitclub.com\/index.php\/wp-json\/wp\/v2\/giftcard-category?post=55"}],"curies":[{"name":"wp","href":"https:\/\/api.w.org\/{rel}","templated":true}]}}