{"id":562,"date":"2025-02-13T06:21:45","date_gmt":"2025-02-13T06:21:45","guid":{"rendered":"https:\/\/startfitclub.com\/?post_type=product&#038;p=562"},"modified":"2025-07-17T04:20:49","modified_gmt":"2025-07-17T04:20:49","slug":"sportiv-colageno-800gr","status":"publish","type":"product","link":"https:\/\/startfitclub.com\/index.php\/product\/sportiv-colageno-800gr\/","title":{"rendered":"Col\u00e1geno Sportive 800gr"},"content":{"rendered":"<div data-v-22fc94ba=\"\">\n<p>Dosis por porci\u00f3n:<\/p>\n<p>P\u00e9ptidos bioactivos de Tendoforte 5g<br \/>\nCol\u00e1geno 10g<br \/>\nVitamina C\u00a0 60mg<br \/>\nCalcio 400mg<br \/>\nMagnesio 160mg<br \/>\nHierro 7.2mg<br \/>\nPresentaci\u00f3n en polvo \u2013 Bebida tipo malteada<\/p>\n<p><strong>Registro Invima:<\/strong><br \/>\nNSA-000549-2016<\/p>\n<p><span style=\"font-size: 1.125rem;\">\u00bfQue presentaci\u00f3n tiene el Colageno sportive hidrolizado?<\/span><\/p>\n<\/div>\n<div data-v-22fc94ba=\"\">\n<p data-v-22fc94ba=\"\">Col\u00e1geno Sportive Hidrolizado se adapta a tus necesidades. Ya sea que elijas la presentaci\u00f3n de 450g o 800g, puedes ajustar tu dosis para obtener los beneficios que deseas.<\/p>\n<\/div>\n<div data-v-22fc94ba=\"\">\n<h3 data-v-22fc94ba=\"\">\u00bfEl Colageno sportive hidrolizado tiene Azucares?<\/h3>\n<p data-v-22fc94ba=\"\">No contiene az\u00facar a\u00f1adido, por lo que puedes disfrutar de su delicioso sabor sin preocuparte por los excesos de az\u00facares. Adem\u00e1s, esta mezcla de col\u00e1geno est\u00e1 enriquecida con vitamina C, calcio, magnesio y hierro para brindarte un impulso adicional de nutrientes esenciales.<\/p>\n<\/div>\n","protected":false},"excerpt":{"rendered":"<p>NATURLAB &#8211; Colageno deportivo, Fresa &#8211; &#8211;<\/p>\n","protected":false},"featured_media":1249,"comment_status":"open","ping_status":"closed","template":"","meta":{"_uag_custom_page_level_css":"","_monsterinsights_skip_tracking":false,"_monsterinsights_sitenote_active":false,"_monsterinsights_sitenote_note":"","_monsterinsights_sitenote_category":0,"_joinchat":[]},"product_brand":[],"product_cat":[27,15],"product_tag":[],"giftcard-category":[],"class_list":{"0":"post-562","1":"product","2":"type-product","3":"status-publish","4":"has-post-thumbnail","6":"product_cat-salud-y-bienestar","7":"product_cat-uncategorized","9":"first","10":"instock","11":"taxable","12":"shipping-taxable","13":"purchasable","14":"product-type-simple"},"aioseo_notices":[],"uagb_featured_image_src":{"full":["https:\/\/startfitclub.com\/wp-content\/uploads\/2025\/04\/sPORTIVE-CON-COLAGENO.png",1080,1920,false],"thumbnail":["https:\/\/startfitclub.com\/wp-content\/uploads\/2025\/04\/sPORTIVE-CON-COLAGENO-150x150.png",150,150,true],"medium":["https:\/\/startfitclub.com\/wp-content\/uploads\/2025\/04\/sPORTIVE-CON-COLAGENO-169x300.png",169,300,true],"medium_large":["https:\/\/startfitclub.com\/wp-content\/uploads\/2025\/04\/sPORTIVE-CON-COLAGENO-768x1365.png",768,1365,true],"large":["https:\/\/startfitclub.com\/wp-content\/uploads\/2025\/04\/sPORTIVE-CON-COLAGENO-576x1024.png",576,1024,true],"1536x1536":["https:\/\/startfitclub.com\/wp-content\/uploads\/2025\/04\/sPORTIVE-CON-COLAGENO-864x1536.png",864,1536,true],"2048x2048":["https:\/\/startfitclub.com\/wp-content\/uploads\/2025\/04\/sPORTIVE-CON-COLAGENO.png",1080,1920,false],"woocommerce_thumbnail":["https:\/\/startfitclub.com\/wp-content\/uploads\/2025\/04\/sPORTIVE-CON-COLAGENO-300x300.png",300,300,true],"woocommerce_single":["https:\/\/startfitclub.com\/wp-content\/uploads\/2025\/04\/sPORTIVE-CON-COLAGENO-600x1067.png",600,1067,true],"woocommerce_gallery_thumbnail":["https:\/\/startfitclub.com\/wp-content\/uploads\/2025\/04\/sPORTIVE-CON-COLAGENO-100x100.png",100,100,true],"variation_swatches_image_size":["https:\/\/startfitclub.com\/wp-content\/uploads\/2025\/04\/sPORTIVE-CON-COLAGENO-50x50.png",50,50,true],"variation_swatches_tooltip_size":["https:\/\/startfitclub.com\/wp-content\/uploads\/2025\/04\/sPORTIVE-CON-COLAGENO-100x100.png",100,100,true]},"uagb_author_info":{"display_name":"Polos Company","author_link":"https:\/\/startfitclub.com\/index.php\/author\/"},"uagb_comment_info":0,"uagb_excerpt":"NATURLAB - Colageno deportivo, Fresa - -","_links":{"self":[{"href":"https:\/\/startfitclub.com\/index.php\/wp-json\/wp\/v2\/product\/562","targetHints":{"allow":["GET"]}}],"collection":[{"href":"https:\/\/startfitclub.com\/index.php\/wp-json\/wp\/v2\/product"}],"about":[{"href":"https:\/\/startfitclub.com\/index.php\/wp-json\/wp\/v2\/types\/product"}],"replies":[{"embeddable":true,"href":"https:\/\/startfitclub.com\/index.php\/wp-json\/wp\/v2\/comments?post=562"}],"wp:featuredmedia":[{"embeddable":true,"href":"https:\/\/startfitclub.com\/index.php\/wp-json\/wp\/v2\/media\/1249"}],"wp:attachment":[{"href":"https:\/\/startfitclub.com\/index.php\/wp-json\/wp\/v2\/media?parent=562"}],"wp:term":[{"taxonomy":"product_brand","embeddable":true,"href":"https:\/\/startfitclub.com\/index.php\/wp-json\/wp\/v2\/product_brand?post=562"},{"taxonomy":"product_cat","embeddable":true,"href":"https:\/\/startfitclub.com\/index.php\/wp-json\/wp\/v2\/product_cat?post=562"},{"taxonomy":"product_tag","embeddable":true,"href":"https:\/\/startfitclub.com\/index.php\/wp-json\/wp\/v2\/product_tag?post=562"},{"taxonomy":"giftcard-category","embeddable":true,"href":"https:\/\/startfitclub.com\/index.php\/wp-json\/wp\/v2\/giftcard-category?post=562"}],"curies":[{"name":"wp","href":"https:\/\/api.w.org\/{rel}","templated":true}]}}