{"id":570,"date":"2025-02-13T06:21:47","date_gmt":"2025-02-13T06:21:47","guid":{"rendered":"https:\/\/startfitclub.com\/?post_type=product&#038;p=570"},"modified":"2025-07-17T04:08:49","modified_gmt":"2025-07-17T04:08:49","slug":"forxin-nutridel-800gr","status":"publish","type":"product","link":"https:\/\/startfitclub.com\/index.php\/product\/forxin-nutridel-800gr\/","title":{"rendered":"Forxin  Omega 3+Maca negra+Vitamina b6 &#8211; Nutrideli 800Gr"},"content":{"rendered":"<p>Prote\u00edna Aislada de Soya, F\u00e9cula de Ma\u00edz, Suero de Leche, Aceite de Canola, Harina de Avena, Sabor Artificial a Vainilla (Saborizante), Goma Guar (Estabilizante), Premir de Vitaminas y Minerales (Palmitato de Vitamiria A) Colecalciferol (Vitamina D3), Acetato de Vitamina E Filoquinona (Vitamina K1), Mononitrato de Tiamina (Vitamina B1), Riboflavina (Vitamina B2), Niacinamida (Vitamina B3), D-Pantotenato de calcio (\u00c1cido Pantotenico), Piridoxina Clorhidrato (Vitamina B6), \u00c1cido F\u00f3lico, Cianocobalamina (Vitamina B12), \u00c1cido Asc\u00f3rbico (Vitamina C), Fosfato Tric\u00e1lcico, \u00d3xido de Cobre, Pirofosfato F\u00e9rrico, \u00d3xido de magnesio, Fosfato Monopot\u00e1sico, \u00d3xido de Zinc, Fosfato de Sodio dib\u00e1sico, Inositol, Diluci\u00f3n de Selenito de Sodio, D-Biotina, Yoduro de Potasio), Dioxido de Silicio (Anticompactante), Omega 3 (\u00c1cido Eicosapentaenoico (EPA). Y \u00c1cido Docosahexaenoico (DHA)), Extracto de Maca Negra, Stevia (Edulcorante), Lecitina de Soya (Emulsificante).<\/p>\n","protected":false},"excerpt":{"rendered":"<p>NUTRIDEL &#8211; Forxin Nutridel 800Gr<\/p>\n<p>Es un suplemento alimenticio que contiene una combinaci\u00f3n de ingredientes que se promocionan para ayudar a mejorar la salud y el bienestar general. Se comercializa como un producto que puede contribuir a un mejor estado f\u00edsico y mental, as\u00ed como a fortalecer el sistema inmunol\u00f3gico.<\/p>\n","protected":false},"featured_media":2026,"comment_status":"open","ping_status":"closed","template":"","meta":{"_uag_custom_page_level_css":"","_monsterinsights_skip_tracking":false,"_monsterinsights_sitenote_active":false,"_monsterinsights_sitenote_note":"","_monsterinsights_sitenote_category":0,"_joinchat":[]},"product_brand":[],"product_cat":[27,15],"product_tag":[],"giftcard-category":[],"class_list":{"0":"post-570","1":"product","2":"type-product","3":"status-publish","4":"has-post-thumbnail","6":"product_cat-salud-y-bienestar","7":"product_cat-uncategorized","9":"first","10":"instock","11":"taxable","12":"shipping-taxable","13":"purchasable","14":"product-type-simple"},"aioseo_notices":[],"uagb_featured_image_src":{"full":["https:\/\/startfitclub.com\/wp-content\/uploads\/2025\/02\/forxin.png",1500,1500,false],"thumbnail":["https:\/\/startfitclub.com\/wp-content\/uploads\/2025\/02\/forxin-150x150.png",150,150,true],"medium":["https:\/\/startfitclub.com\/wp-content\/uploads\/2025\/02\/forxin-300x300.png",300,300,true],"medium_large":["https:\/\/startfitclub.com\/wp-content\/uploads\/2025\/02\/forxin-768x768.png",768,768,true],"large":["https:\/\/startfitclub.com\/wp-content\/uploads\/2025\/02\/forxin-1024x1024.png",1024,1024,true],"1536x1536":["https:\/\/startfitclub.com\/wp-content\/uploads\/2025\/02\/forxin.png",1500,1500,false],"2048x2048":["https:\/\/startfitclub.com\/wp-content\/uploads\/2025\/02\/forxin.png",1500,1500,false],"woocommerce_thumbnail":["https:\/\/startfitclub.com\/wp-content\/uploads\/2025\/02\/forxin-300x300.png",300,300,true],"woocommerce_single":["https:\/\/startfitclub.com\/wp-content\/uploads\/2025\/02\/forxin-600x600.png",600,600,true],"woocommerce_gallery_thumbnail":["https:\/\/startfitclub.com\/wp-content\/uploads\/2025\/02\/forxin-100x100.png",100,100,true],"variation_swatches_image_size":["https:\/\/startfitclub.com\/wp-content\/uploads\/2025\/02\/forxin-50x50.png",50,50,true],"variation_swatches_tooltip_size":["https:\/\/startfitclub.com\/wp-content\/uploads\/2025\/02\/forxin-100x100.png",100,100,true]},"uagb_author_info":{"display_name":"Polos Company","author_link":"https:\/\/startfitclub.com\/index.php\/author\/"},"uagb_comment_info":0,"uagb_excerpt":"NUTRIDEL - Forxin Nutridel 800Gr Es un suplemento alimenticio que contiene una combinaci\u00f3n de ingredientes que se promocionan para ayudar a mejorar la salud y el bienestar general. Se comercializa como un producto que puede contribuir a un mejor estado f\u00edsico y mental, as\u00ed como a fortalecer el sistema inmunol\u00f3gico.","_links":{"self":[{"href":"https:\/\/startfitclub.com\/index.php\/wp-json\/wp\/v2\/product\/570","targetHints":{"allow":["GET"]}}],"collection":[{"href":"https:\/\/startfitclub.com\/index.php\/wp-json\/wp\/v2\/product"}],"about":[{"href":"https:\/\/startfitclub.com\/index.php\/wp-json\/wp\/v2\/types\/product"}],"replies":[{"embeddable":true,"href":"https:\/\/startfitclub.com\/index.php\/wp-json\/wp\/v2\/comments?post=570"}],"wp:featuredmedia":[{"embeddable":true,"href":"https:\/\/startfitclub.com\/index.php\/wp-json\/wp\/v2\/media\/2026"}],"wp:attachment":[{"href":"https:\/\/startfitclub.com\/index.php\/wp-json\/wp\/v2\/media?parent=570"}],"wp:term":[{"taxonomy":"product_brand","embeddable":true,"href":"https:\/\/startfitclub.com\/index.php\/wp-json\/wp\/v2\/product_brand?post=570"},{"taxonomy":"product_cat","embeddable":true,"href":"https:\/\/startfitclub.com\/index.php\/wp-json\/wp\/v2\/product_cat?post=570"},{"taxonomy":"product_tag","embeddable":true,"href":"https:\/\/startfitclub.com\/index.php\/wp-json\/wp\/v2\/product_tag?post=570"},{"taxonomy":"giftcard-category","embeddable":true,"href":"https:\/\/startfitclub.com\/index.php\/wp-json\/wp\/v2\/giftcard-category?post=570"}],"curies":[{"name":"wp","href":"https:\/\/api.w.org\/{rel}","templated":true}]}}