{"id":58,"date":"2025-01-21T06:38:27","date_gmt":"2025-01-21T06:38:27","guid":{"rendered":"https:\/\/startfitclub.com\/index.php\/product\/producto-16\/"},"modified":"2025-04-27T17:40:41","modified_gmt":"2025-04-27T17:40:41","slug":"producto-16","status":"publish","type":"product","link":"https:\/\/startfitclub.com\/index.php\/product\/producto-16\/","title":{"rendered":"Whey pure 1LB"},"content":{"rendered":"<p><span style=\"font-weight: 400;\">Aporta un perfil nutricional alto en prote\u00ednas provenientes del suero l\u00e1cteo. Las prote\u00ednas de suero tienen el valor biol\u00f3gico mas alto comprobado a nivel medico y cient\u00edfico; es decir; son la fuente de prote\u00edna con mayor capacidad para la creaci\u00f3n de tejido vivo, por esta raz\u00f3n Whey Pure es una opci\u00f3n ideal para soportar los requerimientos nutricionales de un deportista o personas que desean lograr un desarrollo de masa muscular y mejora de su rendimiento f\u00edsico.<\/span><\/p>\n<p><span style=\"font-weight: 400;\">PRESENTACI\u00d3N<\/span><\/p>\n<p><span style=\"font-weight: 400;\">454 g Peso neto \u2013 15 servicios<\/span><\/p>\n<p><span style=\"font-weight: 400;\">PREPARACI\u00d3N<\/span><\/p>\n<p><span style=\"font-weight: 400;\">Agregue una medida de Whey Pure(30 g) a un vaso o mezclador con 250 mL de agua y revuelva por 30 segundos o hasta que el producto est\u00e9 completamente disuelto.<\/span><\/p>\n<p><span style=\"font-weight: 400;\">SABOR : Vainilla<\/span><\/p>\n","protected":false},"excerpt":{"rendered":"<p><span style=\"font-weight: 400;\">Es una opci\u00f3n ideal para personas con un estilo de vida activo, especialmente quien realice actividades de fuerza y desee mejorar la construcci\u00f3n de masa muscular.<\/span><\/p>\n<p><span style=\"font-weight: 400;\">Aporta un perfil nutricional alto en prote\u00ednas provenientes del suero l\u00e1cteo. Las prote\u00ednas de suero tienen el valor biol\u00f3gico mas alto comprobado a nivel medico y cient\u00edfico<\/span><\/p>\n","protected":false},"featured_media":1134,"comment_status":"open","ping_status":"closed","template":"","meta":{"_uag_custom_page_level_css":"","_monsterinsights_skip_tracking":false,"_monsterinsights_sitenote_active":false,"_monsterinsights_sitenote_note":"","_monsterinsights_sitenote_category":0,"_joinchat":[]},"product_brand":[],"product_cat":[21,15],"product_tag":[],"giftcard-category":[],"class_list":{"0":"post-58","1":"product","2":"type-product","3":"status-publish","4":"has-post-thumbnail","6":"product_cat-proteinas","7":"product_cat-uncategorized","9":"first","10":"instock","11":"taxable","12":"shipping-taxable","13":"purchasable","14":"product-type-simple"},"aioseo_notices":[],"uagb_featured_image_src":{"full":["https:\/\/startfitclub.com\/wp-content\/uploads\/2025\/04\/Whey-pure.png",1000,1000,false],"thumbnail":["https:\/\/startfitclub.com\/wp-content\/uploads\/2025\/04\/Whey-pure-150x150.png",150,150,true],"medium":["https:\/\/startfitclub.com\/wp-content\/uploads\/2025\/04\/Whey-pure-300x300.png",300,300,true],"medium_large":["https:\/\/startfitclub.com\/wp-content\/uploads\/2025\/04\/Whey-pure-768x768.png",768,768,true],"large":["https:\/\/startfitclub.com\/wp-content\/uploads\/2025\/04\/Whey-pure.png",1000,1000,false],"1536x1536":["https:\/\/startfitclub.com\/wp-content\/uploads\/2025\/04\/Whey-pure.png",1000,1000,false],"2048x2048":["https:\/\/startfitclub.com\/wp-content\/uploads\/2025\/04\/Whey-pure.png",1000,1000,false],"woocommerce_thumbnail":["https:\/\/startfitclub.com\/wp-content\/uploads\/2025\/04\/Whey-pure-300x300.png",300,300,true],"woocommerce_single":["https:\/\/startfitclub.com\/wp-content\/uploads\/2025\/04\/Whey-pure-600x600.png",600,600,true],"woocommerce_gallery_thumbnail":["https:\/\/startfitclub.com\/wp-content\/uploads\/2025\/04\/Whey-pure-100x100.png",100,100,true],"variation_swatches_image_size":["https:\/\/startfitclub.com\/wp-content\/uploads\/2025\/04\/Whey-pure-50x50.png",50,50,true],"variation_swatches_tooltip_size":["https:\/\/startfitclub.com\/wp-content\/uploads\/2025\/04\/Whey-pure-100x100.png",100,100,true]},"uagb_author_info":{"display_name":"Polos Company","author_link":"https:\/\/startfitclub.com\/index.php\/author\/"},"uagb_comment_info":0,"uagb_excerpt":"Es una opci\u00f3n ideal para personas con un estilo de vida activo, especialmente quien realice actividades de fuerza y desee mejorar la construcci\u00f3n de masa muscular. Aporta un perfil nutricional alto en prote\u00ednas provenientes del suero l\u00e1cteo. Las prote\u00ednas de suero tienen el valor biol\u00f3gico mas alto comprobado a nivel medico y cient\u00edfico","_links":{"self":[{"href":"https:\/\/startfitclub.com\/index.php\/wp-json\/wp\/v2\/product\/58","targetHints":{"allow":["GET"]}}],"collection":[{"href":"https:\/\/startfitclub.com\/index.php\/wp-json\/wp\/v2\/product"}],"about":[{"href":"https:\/\/startfitclub.com\/index.php\/wp-json\/wp\/v2\/types\/product"}],"replies":[{"embeddable":true,"href":"https:\/\/startfitclub.com\/index.php\/wp-json\/wp\/v2\/comments?post=58"}],"wp:featuredmedia":[{"embeddable":true,"href":"https:\/\/startfitclub.com\/index.php\/wp-json\/wp\/v2\/media\/1134"}],"wp:attachment":[{"href":"https:\/\/startfitclub.com\/index.php\/wp-json\/wp\/v2\/media?parent=58"}],"wp:term":[{"taxonomy":"product_brand","embeddable":true,"href":"https:\/\/startfitclub.com\/index.php\/wp-json\/wp\/v2\/product_brand?post=58"},{"taxonomy":"product_cat","embeddable":true,"href":"https:\/\/startfitclub.com\/index.php\/wp-json\/wp\/v2\/product_cat?post=58"},{"taxonomy":"product_tag","embeddable":true,"href":"https:\/\/startfitclub.com\/index.php\/wp-json\/wp\/v2\/product_tag?post=58"},{"taxonomy":"giftcard-category","embeddable":true,"href":"https:\/\/startfitclub.com\/index.php\/wp-json\/wp\/v2\/giftcard-category?post=58"}],"curies":[{"name":"wp","href":"https:\/\/api.w.org\/{rel}","templated":true}]}}