{"id":581,"date":"2025-02-13T06:21:47","date_gmt":"2025-02-13T06:21:47","guid":{"rendered":"https:\/\/startfitclub.com\/?post_type=product&#038;p=581"},"modified":"2025-07-17T03:53:49","modified_gmt":"2025-07-17T03:53:49","slug":"monster-test-monster-test-120-cp","status":"publish","type":"product","link":"https:\/\/startfitclub.com\/index.php\/product\/monster-test-monster-test-120-cp\/","title":{"rendered":"Monster test &#8211; 120 caps"},"content":{"rendered":"","protected":false},"excerpt":{"rendered":"<p>MONSTER POWER &#8211; Precursor testosterona &#8211; 120 Capsulas<\/p>\n<p>Monster Test es un potenciador con un alto nivel mineral y junto con una dieta de nutrici\u00f3n \u00f3ptima te dar\u00e1 masa muscular magra y crecimiento muscular<\/p>\n","protected":false},"featured_media":2025,"comment_status":"open","ping_status":"closed","template":"","meta":{"_uag_custom_page_level_css":"","_monsterinsights_skip_tracking":false,"_monsterinsights_sitenote_active":false,"_monsterinsights_sitenote_note":"","_monsterinsights_sitenote_category":0,"_joinchat":[]},"product_brand":[],"product_cat":[27,15],"product_tag":[],"giftcard-category":[],"class_list":{"0":"post-581","1":"product","2":"type-product","3":"status-publish","4":"has-post-thumbnail","6":"product_cat-salud-y-bienestar","7":"product_cat-uncategorized","9":"first","10":"instock","11":"taxable","12":"shipping-taxable","13":"purchasable","14":"product-type-simple"},"aioseo_notices":[],"uagb_featured_image_src":{"full":["https:\/\/startfitclub.com\/wp-content\/uploads\/2025\/02\/4e0fefdd-b695-4aaa-98e3-f51a21220681-1.png",1080,1080,false],"thumbnail":["https:\/\/startfitclub.com\/wp-content\/uploads\/2025\/02\/4e0fefdd-b695-4aaa-98e3-f51a21220681-1-150x150.png",150,150,true],"medium":["https:\/\/startfitclub.com\/wp-content\/uploads\/2025\/02\/4e0fefdd-b695-4aaa-98e3-f51a21220681-1-300x300.png",300,300,true],"medium_large":["https:\/\/startfitclub.com\/wp-content\/uploads\/2025\/02\/4e0fefdd-b695-4aaa-98e3-f51a21220681-1-768x768.png",768,768,true],"large":["https:\/\/startfitclub.com\/wp-content\/uploads\/2025\/02\/4e0fefdd-b695-4aaa-98e3-f51a21220681-1-1024x1024.png",1024,1024,true],"1536x1536":["https:\/\/startfitclub.com\/wp-content\/uploads\/2025\/02\/4e0fefdd-b695-4aaa-98e3-f51a21220681-1.png",1080,1080,false],"2048x2048":["https:\/\/startfitclub.com\/wp-content\/uploads\/2025\/02\/4e0fefdd-b695-4aaa-98e3-f51a21220681-1.png",1080,1080,false],"woocommerce_thumbnail":["https:\/\/startfitclub.com\/wp-content\/uploads\/2025\/02\/4e0fefdd-b695-4aaa-98e3-f51a21220681-1-300x300.png",300,300,true],"woocommerce_single":["https:\/\/startfitclub.com\/wp-content\/uploads\/2025\/02\/4e0fefdd-b695-4aaa-98e3-f51a21220681-1-600x600.png",600,600,true],"woocommerce_gallery_thumbnail":["https:\/\/startfitclub.com\/wp-content\/uploads\/2025\/02\/4e0fefdd-b695-4aaa-98e3-f51a21220681-1-100x100.png",100,100,true],"variation_swatches_image_size":["https:\/\/startfitclub.com\/wp-content\/uploads\/2025\/02\/4e0fefdd-b695-4aaa-98e3-f51a21220681-1-50x50.png",50,50,true],"variation_swatches_tooltip_size":["https:\/\/startfitclub.com\/wp-content\/uploads\/2025\/02\/4e0fefdd-b695-4aaa-98e3-f51a21220681-1-100x100.png",100,100,true]},"uagb_author_info":{"display_name":"Polos Company","author_link":"https:\/\/startfitclub.com\/index.php\/author\/"},"uagb_comment_info":0,"uagb_excerpt":"MONSTER POWER - Precursor testosterona - 120 Capsulas Monster Test es un potenciador con un alto nivel mineral y junto con una dieta de nutrici\u00f3n \u00f3ptima te dar\u00e1 masa muscular magra y crecimiento muscular","_links":{"self":[{"href":"https:\/\/startfitclub.com\/index.php\/wp-json\/wp\/v2\/product\/581","targetHints":{"allow":["GET"]}}],"collection":[{"href":"https:\/\/startfitclub.com\/index.php\/wp-json\/wp\/v2\/product"}],"about":[{"href":"https:\/\/startfitclub.com\/index.php\/wp-json\/wp\/v2\/types\/product"}],"replies":[{"embeddable":true,"href":"https:\/\/startfitclub.com\/index.php\/wp-json\/wp\/v2\/comments?post=581"}],"wp:featuredmedia":[{"embeddable":true,"href":"https:\/\/startfitclub.com\/index.php\/wp-json\/wp\/v2\/media\/2025"}],"wp:attachment":[{"href":"https:\/\/startfitclub.com\/index.php\/wp-json\/wp\/v2\/media?parent=581"}],"wp:term":[{"taxonomy":"product_brand","embeddable":true,"href":"https:\/\/startfitclub.com\/index.php\/wp-json\/wp\/v2\/product_brand?post=581"},{"taxonomy":"product_cat","embeddable":true,"href":"https:\/\/startfitclub.com\/index.php\/wp-json\/wp\/v2\/product_cat?post=581"},{"taxonomy":"product_tag","embeddable":true,"href":"https:\/\/startfitclub.com\/index.php\/wp-json\/wp\/v2\/product_tag?post=581"},{"taxonomy":"giftcard-category","embeddable":true,"href":"https:\/\/startfitclub.com\/index.php\/wp-json\/wp\/v2\/giftcard-category?post=581"}],"curies":[{"name":"wp","href":"https:\/\/api.w.org\/{rel}","templated":true}]}}