{"id":585,"date":"2025-02-13T06:21:47","date_gmt":"2025-02-13T06:21:47","guid":{"rendered":"https:\/\/startfitclub.com\/?post_type=product&#038;p=585"},"modified":"2025-07-17T03:50:40","modified_gmt":"2025-07-17T03:50:40","slug":"leucina-nutrakey-30-serv","status":"publish","type":"product","link":"https:\/\/startfitclub.com\/index.php\/product\/leucina-nutrakey-30-serv\/","title":{"rendered":"Aminoacido Leucina &#8211; 30 serv"},"content":{"rendered":"","protected":false},"excerpt":{"rendered":"<p>NUTRAKEY &#8211; Leucina en polvo &#8211; 30 Servicios<\/p>\n<p>La leucina es un amino\u00e1cido esencial que el cuerpo necesita para construir y reparar tejidos, especialmente los m\u00fasculos. Es fundamental para deportistas y personas que buscan mantener o aumentar su masa muscular, as\u00ed como para aquellos que buscan una recuperaci\u00f3n m\u00e1s r\u00e1pida despu\u00e9s del ejercicio.<\/p>\n","protected":false},"featured_media":2024,"comment_status":"open","ping_status":"closed","template":"","meta":{"_uag_custom_page_level_css":"","_monsterinsights_skip_tracking":false,"_monsterinsights_sitenote_active":false,"_monsterinsights_sitenote_note":"","_monsterinsights_sitenote_category":0,"_joinchat":[]},"product_brand":[],"product_cat":[24,15],"product_tag":[],"giftcard-category":[],"class_list":{"0":"post-585","1":"product","2":"type-product","3":"status-publish","4":"has-post-thumbnail","6":"product_cat-aminoacidos","7":"product_cat-uncategorized","9":"first","10":"instock","11":"taxable","12":"shipping-taxable","13":"purchasable","14":"product-type-simple"},"aioseo_notices":[],"uagb_featured_image_src":{"full":["https:\/\/startfitclub.com\/wp-content\/uploads\/2025\/02\/LEUCINA.png",800,800,false],"thumbnail":["https:\/\/startfitclub.com\/wp-content\/uploads\/2025\/02\/LEUCINA-150x150.png",150,150,true],"medium":["https:\/\/startfitclub.com\/wp-content\/uploads\/2025\/02\/LEUCINA-300x300.png",300,300,true],"medium_large":["https:\/\/startfitclub.com\/wp-content\/uploads\/2025\/02\/LEUCINA-768x768.png",768,768,true],"large":["https:\/\/startfitclub.com\/wp-content\/uploads\/2025\/02\/LEUCINA.png",800,800,false],"1536x1536":["https:\/\/startfitclub.com\/wp-content\/uploads\/2025\/02\/LEUCINA.png",800,800,false],"2048x2048":["https:\/\/startfitclub.com\/wp-content\/uploads\/2025\/02\/LEUCINA.png",800,800,false],"woocommerce_thumbnail":["https:\/\/startfitclub.com\/wp-content\/uploads\/2025\/02\/LEUCINA-300x300.png",300,300,true],"woocommerce_single":["https:\/\/startfitclub.com\/wp-content\/uploads\/2025\/02\/LEUCINA-600x600.png",600,600,true],"woocommerce_gallery_thumbnail":["https:\/\/startfitclub.com\/wp-content\/uploads\/2025\/02\/LEUCINA-100x100.png",100,100,true],"variation_swatches_image_size":["https:\/\/startfitclub.com\/wp-content\/uploads\/2025\/02\/LEUCINA-50x50.png",50,50,true],"variation_swatches_tooltip_size":["https:\/\/startfitclub.com\/wp-content\/uploads\/2025\/02\/LEUCINA-100x100.png",100,100,true]},"uagb_author_info":{"display_name":"Polos Company","author_link":"https:\/\/startfitclub.com\/index.php\/author\/"},"uagb_comment_info":0,"uagb_excerpt":"NUTRAKEY - Leucina en polvo - 30 Servicios La leucina es un amino\u00e1cido esencial que el cuerpo necesita para construir y reparar tejidos, especialmente los m\u00fasculos. Es fundamental para deportistas y personas que buscan mantener o aumentar su masa muscular, as\u00ed como para aquellos que buscan una recuperaci\u00f3n m\u00e1s r\u00e1pida despu\u00e9s del ejercicio.","_links":{"self":[{"href":"https:\/\/startfitclub.com\/index.php\/wp-json\/wp\/v2\/product\/585","targetHints":{"allow":["GET"]}}],"collection":[{"href":"https:\/\/startfitclub.com\/index.php\/wp-json\/wp\/v2\/product"}],"about":[{"href":"https:\/\/startfitclub.com\/index.php\/wp-json\/wp\/v2\/types\/product"}],"replies":[{"embeddable":true,"href":"https:\/\/startfitclub.com\/index.php\/wp-json\/wp\/v2\/comments?post=585"}],"wp:featuredmedia":[{"embeddable":true,"href":"https:\/\/startfitclub.com\/index.php\/wp-json\/wp\/v2\/media\/2024"}],"wp:attachment":[{"href":"https:\/\/startfitclub.com\/index.php\/wp-json\/wp\/v2\/media?parent=585"}],"wp:term":[{"taxonomy":"product_brand","embeddable":true,"href":"https:\/\/startfitclub.com\/index.php\/wp-json\/wp\/v2\/product_brand?post=585"},{"taxonomy":"product_cat","embeddable":true,"href":"https:\/\/startfitclub.com\/index.php\/wp-json\/wp\/v2\/product_cat?post=585"},{"taxonomy":"product_tag","embeddable":true,"href":"https:\/\/startfitclub.com\/index.php\/wp-json\/wp\/v2\/product_tag?post=585"},{"taxonomy":"giftcard-category","embeddable":true,"href":"https:\/\/startfitclub.com\/index.php\/wp-json\/wp\/v2\/giftcard-category?post=585"}],"curies":[{"name":"wp","href":"https:\/\/api.w.org\/{rel}","templated":true}]}}